{"id":1758,"date":"2020-01-07T16:37:23","date_gmt":"2020-01-07T16:37:23","guid":{"rendered":"https:\/\/dev.auvisa.org\/?page_id=1758"},"modified":"2023-07-07T17:11:11","modified_gmt":"2023-07-07T15:11:11","slug":"visa-workingsecond","status":"publish","type":"page","link":"https:\/\/auvisa.org\/se\/visa-workingsecond\/","title":{"rendered":"Ans\u00f6k om Andra Working Holiday Visum till Australien (Sverige)"},"content":{"rendered":"\n<div style=\"height:20px\" aria-hidden=\"true\" class=\"wp-block-spacer\"><\/div>\n\n\n\n<p>Du kan vara ber\u00e4ttigad till ett andra visum f\u00f6r arbete och semester om du&nbsp;<strong>uppfyller alla krav som g\u00e4ller f\u00f6r <a href=\"\/se\/second-working-holiday-visa-sverige\/\" class=\"aioseop-link\">Working Holiday-visum<\/a><\/strong>&nbsp;och:&nbsp;&nbsp;<\/p>\n\n\n\n<ul class=\"wp-block-list\"><li>Har&nbsp;<strong>uppfyllt alla villkor&nbsp;<\/strong>f\u00f6r ditt f\u00f6rsta Working Holiday-visum&nbsp;&nbsp;<\/li><li>Har inte tidigare haft mer \u00e4n ett Working Holiday visum<\/li><li>Har avslutat&nbsp;<strong>tre m\u00e5nader av&nbsp;<\/strong><a href=\"\/se\/working-holiday-visum-australien\/#specificerat\" class=\"aioseop-link\"><strong>specificerat arbete<\/strong><\/a><strong>&nbsp;i regionala Australien&nbsp;<\/strong>medan du var p\u00e5 ditt f\u00f6rsta visum f\u00f6r arbete och semester.&nbsp;&nbsp;<\/li><\/ul>\n\n\n\n<p>Godk\u00e4nda branscher f\u00f6r specificerat arbete inkluderar:<\/p>\n\n\n\n<ul class=\"wp-block-list\"><li>V\u00e4xtodling och djurh\u00e5llning<\/li><li>Fiske och p\u00e4rlfiske<\/li><li>Tr\u00e4dodling och avverkning<\/li><li>Gruvdrift<\/li><li>Bygg och anl\u00e4ggning<\/li><\/ul>\n\n\n\n<p>Observera att om du f\u00f6r n\u00e4rvarande \u00e4r i Australien p\u00e5 ditt f\u00f6rsta visum f\u00f6r Working Holiday och vill stanna kvar i landet,&nbsp;<strong>b\u00f6r du ans\u00f6ka om det andra Working Holiday-visumet innan det f\u00f6rsta l\u00f6per ut&nbsp;<\/strong>.&nbsp;<\/p>\n\n\n\n<p>Priset per visum \u00e4r <span class=\"woocommerce-Price-amount amount\"><bdi>6.200,00<span class=\"woocommerce-Price-currencySymbol\">&#107;&#114;<\/span><\/bdi><\/span>.<\/p>\n\n\n\n<div style=\"height:31px\" aria-hidden=\"true\" class=\"wp-block-spacer\"><\/div>\n\n\n\n<h3 class=\"wp-block-heading\" id=\"ange-och-bekrafta-din-e-postadress-for-att-paborja-onlineansokan\">Ange och bekr\u00e4fta din e-postadress f\u00f6r att p\u00e5b\u00f6rja onlineans\u00f6kan:<\/h3>\n\n\n\n<p><\/p>\n","protected":false},"excerpt":{"rendered":"<p>Du kan vara ber\u00e4ttigad till ett andra visum f\u00f6r arbete och semester om du&nbsp;uppfyller alla krav som g\u00e4ller f\u00f6r Working [&#8230;]<\/p>\n<p><a class=\"btn btn-secondary understrap-read-more-link\" href=\"https:\/\/auvisa.org\/se\/visa-workingsecond\/\">L\u00e4s mer \u2026<span class=\"screen-reader-text\"> from Ans\u00f6k om Andra Working Holiday Visum till Australien (Sverige)<\/span><\/a><\/p>\n","protected":false},"author":3,"featured_media":0,"parent":0,"menu_order":40,"comment_status":"closed","ping_status":"closed","template":"templates\/tpl_acf_form.php","meta":{"inline_featured_image":false,"footnotes":""},"class_list":["post-1758","page","type-page","status-publish","hentry"],"yoast_head":"<!-- This site is optimized with the Yoast SEO plugin v26.9 - https:\/\/yoast.com\/product\/yoast-seo-wordpress\/ -->\n<title>Ans\u00f6k om Andra Working Holiday Visum till Australien: Ans\u00f6kningsformul\u00e4r<\/title>\n<meta name=\"description\" content=\"F\u00f6r att f\u00f6rl\u00e4nga din vistelse i Australien fyller du i formul\u00e4ret och ans\u00f6ker om ett andra australiskt Working Holiday innan den f\u00f6rsta WHV g\u00e5r ut. Visa-verifiering inom 24 timmar.\" \/>\n<meta name=\"robots\" content=\"index, follow, max-snippet:-1, max-image-preview:large, max-video-preview:-1\" \/>\n<link rel=\"canonical\" href=\"https:\/\/auvisa.org\/se\/visa-workingsecond\/\" \/>\n<meta property=\"og:locale\" content=\"sv_SE\" \/>\n<meta property=\"og:type\" content=\"article\" \/>\n<meta property=\"og:title\" content=\"Ans\u00f6k om Andra Working Holiday Visum till Australien: Ans\u00f6kningsformul\u00e4r\" \/>\n<meta property=\"og:description\" content=\"F\u00f6r att f\u00f6rl\u00e4nga din vistelse i Australien fyller du i formul\u00e4ret och ans\u00f6ker om ett andra australiskt Working Holiday innan den f\u00f6rsta WHV g\u00e5r ut. Visa-verifiering inom 24 timmar.\" \/>\n<meta property=\"og:url\" content=\"https:\/\/auvisa.org\/se\/visa-workingsecond\/\" \/>\n<meta property=\"og:site_name\" content=\"Auvisa.org\" \/>\n<meta property=\"article:modified_time\" content=\"2023-07-07T15:11:11+00:00\" \/>\n<meta name=\"twitter:card\" content=\"summary_large_image\" \/>\n<meta name=\"twitter:label1\" content=\"Ber\u00e4knad l\u00e4stid\" \/>\n\t<meta name=\"twitter:data1\" content=\"1 minut\" \/>\n<script type=\"application\/ld+json\" class=\"yoast-schema-graph\">{\"@context\":\"https:\/\/schema.org\",\"@graph\":[{\"@type\":\"WebPage\",\"@id\":\"https:\/\/auvisa.org\/se\/visa-workingsecond\/\",\"url\":\"https:\/\/auvisa.org\/se\/visa-workingsecond\/\",\"name\":\"Ans\u00f6k om Andra Working Holiday Visum till Australien: Ans\u00f6kningsformul\u00e4r\",\"isPartOf\":{\"@id\":\"https:\/\/auvisa.org\/se\/#website\"},\"datePublished\":\"2020-01-07T16:37:23+00:00\",\"dateModified\":\"2023-07-07T15:11:11+00:00\",\"description\":\"F\u00f6r att f\u00f6rl\u00e4nga din vistelse i Australien fyller du i formul\u00e4ret och ans\u00f6ker om ett andra australiskt Working Holiday innan den f\u00f6rsta WHV g\u00e5r ut. Visa-verifiering inom 24 timmar.\",\"breadcrumb\":{\"@id\":\"https:\/\/auvisa.org\/se\/visa-workingsecond\/#breadcrumb\"},\"inLanguage\":\"sv-SE\",\"potentialAction\":[{\"@type\":\"ReadAction\",\"target\":[\"https:\/\/auvisa.org\/se\/visa-workingsecond\/\"]}]},{\"@type\":\"BreadcrumbList\",\"@id\":\"https:\/\/auvisa.org\/se\/visa-workingsecond\/#breadcrumb\",\"itemListElement\":[{\"@type\":\"ListItem\",\"position\":1,\"name\":\"Home\",\"item\":\"https:\/\/auvisa.org\/se\/\"},{\"@type\":\"ListItem\",\"position\":2,\"name\":\"Ans\u00f6k om Andra Working Holiday Visum till Australien (Sverige)\"}]},{\"@type\":\"WebSite\",\"@id\":\"https:\/\/auvisa.org\/se\/#website\",\"url\":\"https:\/\/auvisa.org\/se\/\",\"name\":\"Auvisa.org\",\"description\":\"\",\"inLanguage\":\"sv-SE\"}]}<\/script>\n<!-- \/ Yoast SEO plugin. -->","yoast_head_json":{"title":"Ans\u00f6k om Andra Working Holiday Visum till Australien: Ans\u00f6kningsformul\u00e4r","description":"F\u00f6r att f\u00f6rl\u00e4nga din vistelse i Australien fyller du i formul\u00e4ret och ans\u00f6ker om ett andra australiskt Working Holiday innan den f\u00f6rsta WHV g\u00e5r ut. Visa-verifiering inom 24 timmar.","robots":{"index":"index","follow":"follow","max-snippet":"max-snippet:-1","max-image-preview":"max-image-preview:large","max-video-preview":"max-video-preview:-1"},"canonical":"https:\/\/auvisa.org\/se\/visa-workingsecond\/","og_locale":"sv_SE","og_type":"article","og_title":"Ans\u00f6k om Andra Working Holiday Visum till Australien: Ans\u00f6kningsformul\u00e4r","og_description":"F\u00f6r att f\u00f6rl\u00e4nga din vistelse i Australien fyller du i formul\u00e4ret och ans\u00f6ker om ett andra australiskt Working Holiday innan den f\u00f6rsta WHV g\u00e5r ut. Visa-verifiering inom 24 timmar.","og_url":"https:\/\/auvisa.org\/se\/visa-workingsecond\/","og_site_name":"Auvisa.org","article_modified_time":"2023-07-07T15:11:11+00:00","twitter_card":"summary_large_image","twitter_misc":{"Ber\u00e4knad l\u00e4stid":"1 minut"},"schema":{"@context":"https:\/\/schema.org","@graph":[{"@type":"WebPage","@id":"https:\/\/auvisa.org\/se\/visa-workingsecond\/","url":"https:\/\/auvisa.org\/se\/visa-workingsecond\/","name":"Ans\u00f6k om Andra Working Holiday Visum till Australien: Ans\u00f6kningsformul\u00e4r","isPartOf":{"@id":"https:\/\/auvisa.org\/se\/#website"},"datePublished":"2020-01-07T16:37:23+00:00","dateModified":"2023-07-07T15:11:11+00:00","description":"F\u00f6r att f\u00f6rl\u00e4nga din vistelse i Australien fyller du i formul\u00e4ret och ans\u00f6ker om ett andra australiskt Working Holiday innan den f\u00f6rsta WHV g\u00e5r ut. Visa-verifiering inom 24 timmar.","breadcrumb":{"@id":"https:\/\/auvisa.org\/se\/visa-workingsecond\/#breadcrumb"},"inLanguage":"sv-SE","potentialAction":[{"@type":"ReadAction","target":["https:\/\/auvisa.org\/se\/visa-workingsecond\/"]}]},{"@type":"BreadcrumbList","@id":"https:\/\/auvisa.org\/se\/visa-workingsecond\/#breadcrumb","itemListElement":[{"@type":"ListItem","position":1,"name":"Home","item":"https:\/\/auvisa.org\/se\/"},{"@type":"ListItem","position":2,"name":"Ans\u00f6k om Andra Working Holiday Visum till Australien (Sverige)"}]},{"@type":"WebSite","@id":"https:\/\/auvisa.org\/se\/#website","url":"https:\/\/auvisa.org\/se\/","name":"Auvisa.org","description":"","inLanguage":"sv-SE"}]}},"_links":{"self":[{"href":"https:\/\/auvisa.org\/se\/wp-json\/wp\/v2\/pages\/1758","targetHints":{"allow":["GET"]}}],"collection":[{"href":"https:\/\/auvisa.org\/se\/wp-json\/wp\/v2\/pages"}],"about":[{"href":"https:\/\/auvisa.org\/se\/wp-json\/wp\/v2\/types\/page"}],"author":[{"embeddable":true,"href":"https:\/\/auvisa.org\/se\/wp-json\/wp\/v2\/users\/3"}],"replies":[{"embeddable":true,"href":"https:\/\/auvisa.org\/se\/wp-json\/wp\/v2\/comments?post=1758"}],"version-history":[{"count":14,"href":"https:\/\/auvisa.org\/se\/wp-json\/wp\/v2\/pages\/1758\/revisions"}],"predecessor-version":[{"id":17076,"href":"https:\/\/auvisa.org\/se\/wp-json\/wp\/v2\/pages\/1758\/revisions\/17076"}],"wp:attachment":[{"href":"https:\/\/auvisa.org\/se\/wp-json\/wp\/v2\/media?parent=1758"}],"curies":[{"name":"wp","href":"https:\/\/api.w.org\/{rel}","templated":true}]}}