{"id":182,"date":"2012-02-14T14:38:59","date_gmt":"2012-02-14T14:38:59","guid":{"rendered":"https:\/\/auvisa.org\/?p=182"},"modified":"2023-08-11T14:24:19","modified_gmt":"2023-08-11T12:24:19","slug":"sekretesspolicy","status":"publish","type":"page","link":"https:\/\/auvisa.org\/se\/sekretesspolicy\/","title":{"rendered":"Sekretesspolicy"},"content":{"rendered":"<p>Denna sekretesspolicy beskriver hur Visa &amp; Immigration Services LTD anv\u00e4nder och skyddar all information som du ger Visa &amp; Immigration Services LTD n\u00e4r du anv\u00e4nder denna webbplats.<\/p>\n<p>Visa &amp; Immigration Services LTD har \u00e5tagit sig att se till att din integritet skyddas. Ska vi be dig att l\u00e4mna vissa uppgifter genom vilka du kan identifieras n\u00e4r du anv\u00e4nder denna webbplats, du kan vara s\u00e4ker p\u00e5 att det bara kommer att anv\u00e4ndas i enlighet med denna sekretesspolicy.<\/p>\n<p>Visa &amp; Immigration Services LTD kan \u00e4ndra denna policy fr\u00e5n tid till annan genom att uppdatera denna sida. Du b\u00f6r kontrollera denna sida d\u00e5 och d\u00e5 f\u00f6r att se till att du \u00e4r n\u00f6jd med eventuella \u00e4ndringar. Denna policy g\u00e4ller fr\u00e5n 2012\/01\/10.<\/p>\n<h2>Vad vi samlar in<\/h2>\n<p>Vi kan samla in f\u00f6ljande information:<\/p>\n<ul>\n<li>Fullst\u00e4ndigt namn, f\u00f6delsedatum, passnummer och utf\u00e4rdande uppgifter<\/li>\n<li>kontaktinformation inklusive e-postadress och postadress<\/li>\n<li>Annan information som \u00e4r relevant f\u00f6r din ans\u00f6kan<\/li>\n<\/ul>\n<h2>Vad vi g\u00f6r med den information vi samlar in<\/h2>\n<p>Vi beh\u00f6ver denna information f\u00f6r att kunna leverera den service du beg\u00e4r (Visa eller inresetillst\u00e5nd). Den information som kr\u00e4vs av myndigheter som behandlar och utf\u00e4rdar visum och tillst\u00e5nd.<\/p>\n<p>F\u00f6r att kunna l\u00e4mna din ans\u00f6kan kommer vi att skicka dina uppgifter till den utf\u00e4rdande myndigheten. Detta g\u00f6rs elektroniskt via en krypterad och s\u00e4ker anslutning.<\/p>\n<p>Den information du angett, inklusive resultat eller din ans\u00f6kan kommer d\u00e4refter att lagras i v\u00e5rt system f\u00f6r att du ska kunna logga in och komma \u00e5t dessa data.<\/p>\n<h2>S\u00e4kerhet<\/h2>\n<p>Vi \u00e5tar oss att se till att din information \u00e4r s\u00e4ker. F\u00f6r att f\u00f6rhindra obeh\u00f6rig \u00e5tkomst eller avsl\u00f6jande, har vi inf\u00f6rt l\u00e4mpliga fysiska, elektroniska och administrativa f\u00f6rfaranden f\u00f6r att skydda och s\u00e4kra den information vi samlar in online.<\/p>\n<h2>Hur vi anv\u00e4nder cookies<\/h2>\n<p>En cookie \u00e4r en liten fil som ber om tillst\u00e5nd att placeras p\u00e5 din dators h\u00e5rddisk. N\u00e4r du h\u00e5ller med, l\u00e4ggs filen och cookien hj\u00e4lper till att analysera webbtrafik eller l\u00e5ter dig veta n\u00e4r du bes\u00f6ker en viss webbplats. Cookies till\u00e5ter webbapplikationer att reagera p\u00e5 dig som individ. Webbapplikationen kan skr\u00e4ddarsy sin verksamhet till dina behov, gillar och ogillar genom att samla och komma ih\u00e5g information om dina preferenser.<\/p>\n<p>Vi anv\u00e4nder cookies trafik logg att identifiera vilka sidor som anv\u00e4nds. Detta hj\u00e4lper oss att analysera data om trafik till webbplatsen och f\u00f6rb\u00e4ttra v\u00e5r webbplats f\u00f6r att anpassa den till kundernas behov. Vi anv\u00e4nder endast denna information f\u00f6r statistiska analyser \u00e4ndam\u00e5l.<\/p>\n<p>Sammantaget cookies hj\u00e4lper oss att ge dig en b\u00e4ttre webbplats, genom att m\u00f6jligg\u00f6ra f\u00f6r oss att \u00f6vervaka vilka sidor du hitta anv\u00e4ndbar och som du inte g\u00f6r det. En cookie inte p\u00e5 n\u00e5got s\u00e4tt ger oss tillg\u00e5ng till din dator eller n\u00e5gon information om dig annat \u00e4n de uppgifter du v\u00e4ljer att dela med oss.<\/p>\n<p>Du kan v\u00e4lja att acceptera eller avb\u00f6ja cookies. De flesta webbl\u00e4sare accepterar automatiskt cookies, men du kan st\u00e4lla in webbl\u00e4saren s\u00e5 att cookies om du f\u00f6redrar. Detta kan hindra dig fr\u00e5n att dra full nytta av webbplatsen. Denna webbplats har redan satt cookies p\u00e5 din dator, om din webbl\u00e4sare \u00e4r inst\u00e4lld f\u00f6r att till\u00e5ta det. Om du inte godk\u00e4nner det, kan du st\u00e4nga det h\u00e4r f\u00f6nstret och rensa cookies fr\u00e5n din webbl\u00e4sare.<\/p>\n<h2>L\u00e4nkar till andra webbplatser<\/h2>\n<p>V\u00e5r webbplats kan inneh\u00e5lla l\u00e4nkar till andra webbplatser av intresse. Men n\u00e4r du har anv\u00e4nt dessa l\u00e4nkar f\u00f6r att l\u00e4mna v\u00e5r webbplats, b\u00f6r du notera att vi inte har n\u00e5gon kontroll \u00f6ver att andra webbplats. D\u00e4rf\u00f6r kan vi inte ansvara f\u00f6r och skydd av privatlivet av n\u00e5gon information som du l\u00e4mnar samtidigt bes\u00f6ka s\u00e5dana platser och s\u00e5dana platser inte omfattas av denna integritetspolicy. Du b\u00f6r vara f\u00f6rsiktig och titta p\u00e5 den sekretesspolicy som g\u00e4ller f\u00f6r webbplatsen i fr\u00e5ga.<\/p>\n<h2>Kontroll \u00f6ver din personliga information<\/h2>\n<p>Vi kommer inte att s\u00e4lja, distribuera eller leasa din personliga information till tredje part om vi inte har din till\u00e5telse eller enligt lag skyldiga att g\u00f6ra det. Vi kommer aldrig att anv\u00e4nda dina personuppgifter f\u00f6r att skicka reklam information fr\u00e5n tredje part. F\u00f6r att slutf\u00f6ra din ans\u00f6kan m\u00e5ste vi ge din information till ber\u00f6rda statliga myndigheter som godk\u00e4nner visum eller tillst\u00e5nd.<\/p>\n<p>Om du anser att n\u00e5gon information vi har om dig \u00e4r felaktig eller ofullst\u00e4ndig, skriv till eller mejla oss s\u00e5 snart som m\u00f6jligt, p\u00e5 ovanst\u00e5ende adress. Vi kommer omedelbart korrigera alla uppgifter befinns vara felaktiga.<\/p>\n<p>Om du inte vill ta emot all kommunikation fr\u00e5n oss, eller vill tas bort fr\u00e5n v\u00e5r kunddatabas, \u00e4r du v\u00e4lkommen att kontakta oss med din f\u00f6rfr\u00e5gan och vi kommer att uppdatera eller ta bort dina poster utan dr\u00f6jsm\u00e5l.<\/p>\n","protected":false},"excerpt":{"rendered":"<p>Denna sekretesspolicy beskriver hur Visa &amp; Immigration Services LTD anv\u00e4nder och skyddar all information som du ger Visa &amp; Immigration [&#8230;]<\/p>\n<p><a class=\"btn btn-secondary understrap-read-more-link\" href=\"https:\/\/auvisa.org\/se\/sekretesspolicy\/\">L\u00e4s mer \u2026<span class=\"screen-reader-text\"> from Sekretesspolicy<\/span><\/a><\/p>\n","protected":false},"author":4,"featured_media":0,"parent":0,"menu_order":0,"comment_status":"open","ping_status":"open","template":"","meta":{"inline_featured_image":false,"footnotes":""},"class_list":["post-182","page","type-page","status-publish","hentry"],"yoast_head":"<!-- This site is optimized with the Yoast SEO plugin v26.9 - https:\/\/yoast.com\/product\/yoast-seo-wordpress\/ -->\n<title>Sekretesspolicy - Auvisa.org by Visa &amp; Immigration Services LTD<\/title>\n<meta name=\"description\" content=\"Sekretesspolicy - Auvisa.org by Visa &amp; Immigration Services LTD\" \/>\n<meta name=\"robots\" content=\"index, follow, max-snippet:-1, max-image-preview:large, max-video-preview:-1\" \/>\n<link rel=\"canonical\" href=\"https:\/\/auvisa.org\/se\/sekretesspolicy\/\" \/>\n<meta property=\"og:locale\" content=\"sv_SE\" \/>\n<meta property=\"og:type\" content=\"article\" \/>\n<meta property=\"og:title\" content=\"Sekretesspolicy - Auvisa.org by Visa &amp; Immigration Services LTD\" \/>\n<meta property=\"og:description\" content=\"Sekretesspolicy - Auvisa.org by Visa &amp; Immigration Services LTD\" \/>\n<meta property=\"og:url\" content=\"https:\/\/auvisa.org\/se\/sekretesspolicy\/\" \/>\n<meta property=\"og:site_name\" content=\"Auvisa.org\" \/>\n<meta property=\"article:modified_time\" content=\"2023-08-11T12:24:19+00:00\" \/>\n<meta name=\"twitter:card\" content=\"summary_large_image\" \/>\n<meta name=\"twitter:label1\" content=\"Ber\u00e4knad l\u00e4stid\" \/>\n\t<meta name=\"twitter:data1\" content=\"4 minuter\" \/>\n<script type=\"application\/ld+json\" class=\"yoast-schema-graph\">{\"@context\":\"https:\/\/schema.org\",\"@graph\":[{\"@type\":\"WebPage\",\"@id\":\"https:\/\/auvisa.org\/se\/sekretesspolicy\/\",\"url\":\"https:\/\/auvisa.org\/se\/sekretesspolicy\/\",\"name\":\"Sekretesspolicy - Auvisa.org by Visa & Immigration Services LTD\",\"isPartOf\":{\"@id\":\"https:\/\/auvisa.org\/se\/#website\"},\"datePublished\":\"2012-02-14T14:38:59+00:00\",\"dateModified\":\"2023-08-11T12:24:19+00:00\",\"description\":\"Sekretesspolicy - Auvisa.org by Visa & Immigration Services LTD\",\"breadcrumb\":{\"@id\":\"https:\/\/auvisa.org\/se\/sekretesspolicy\/#breadcrumb\"},\"inLanguage\":\"sv-SE\",\"potentialAction\":[{\"@type\":\"ReadAction\",\"target\":[\"https:\/\/auvisa.org\/se\/sekretesspolicy\/\"]}]},{\"@type\":\"BreadcrumbList\",\"@id\":\"https:\/\/auvisa.org\/se\/sekretesspolicy\/#breadcrumb\",\"itemListElement\":[{\"@type\":\"ListItem\",\"position\":1,\"name\":\"Home\",\"item\":\"https:\/\/auvisa.org\/se\/\"},{\"@type\":\"ListItem\",\"position\":2,\"name\":\"Sekretesspolicy\"}]},{\"@type\":\"WebSite\",\"@id\":\"https:\/\/auvisa.org\/se\/#website\",\"url\":\"https:\/\/auvisa.org\/se\/\",\"name\":\"Auvisa.org\",\"description\":\"\",\"inLanguage\":\"sv-SE\"}]}<\/script>\n<!-- \/ Yoast SEO plugin. -->","yoast_head_json":{"title":"Sekretesspolicy - Auvisa.org by Visa & Immigration Services LTD","description":"Sekretesspolicy - Auvisa.org by Visa & Immigration Services LTD","robots":{"index":"index","follow":"follow","max-snippet":"max-snippet:-1","max-image-preview":"max-image-preview:large","max-video-preview":"max-video-preview:-1"},"canonical":"https:\/\/auvisa.org\/se\/sekretesspolicy\/","og_locale":"sv_SE","og_type":"article","og_title":"Sekretesspolicy - Auvisa.org by Visa & Immigration Services LTD","og_description":"Sekretesspolicy - Auvisa.org by Visa & Immigration Services LTD","og_url":"https:\/\/auvisa.org\/se\/sekretesspolicy\/","og_site_name":"Auvisa.org","article_modified_time":"2023-08-11T12:24:19+00:00","twitter_card":"summary_large_image","twitter_misc":{"Ber\u00e4knad l\u00e4stid":"4 minuter"},"schema":{"@context":"https:\/\/schema.org","@graph":[{"@type":"WebPage","@id":"https:\/\/auvisa.org\/se\/sekretesspolicy\/","url":"https:\/\/auvisa.org\/se\/sekretesspolicy\/","name":"Sekretesspolicy - Auvisa.org by Visa & Immigration Services LTD","isPartOf":{"@id":"https:\/\/auvisa.org\/se\/#website"},"datePublished":"2012-02-14T14:38:59+00:00","dateModified":"2023-08-11T12:24:19+00:00","description":"Sekretesspolicy - Auvisa.org by Visa & Immigration Services LTD","breadcrumb":{"@id":"https:\/\/auvisa.org\/se\/sekretesspolicy\/#breadcrumb"},"inLanguage":"sv-SE","potentialAction":[{"@type":"ReadAction","target":["https:\/\/auvisa.org\/se\/sekretesspolicy\/"]}]},{"@type":"BreadcrumbList","@id":"https:\/\/auvisa.org\/se\/sekretesspolicy\/#breadcrumb","itemListElement":[{"@type":"ListItem","position":1,"name":"Home","item":"https:\/\/auvisa.org\/se\/"},{"@type":"ListItem","position":2,"name":"Sekretesspolicy"}]},{"@type":"WebSite","@id":"https:\/\/auvisa.org\/se\/#website","url":"https:\/\/auvisa.org\/se\/","name":"Auvisa.org","description":"","inLanguage":"sv-SE"}]}},"_links":{"self":[{"href":"https:\/\/auvisa.org\/se\/wp-json\/wp\/v2\/pages\/182","targetHints":{"allow":["GET"]}}],"collection":[{"href":"https:\/\/auvisa.org\/se\/wp-json\/wp\/v2\/pages"}],"about":[{"href":"https:\/\/auvisa.org\/se\/wp-json\/wp\/v2\/types\/page"}],"author":[{"embeddable":true,"href":"https:\/\/auvisa.org\/se\/wp-json\/wp\/v2\/users\/4"}],"replies":[{"embeddable":true,"href":"https:\/\/auvisa.org\/se\/wp-json\/wp\/v2\/comments?post=182"}],"version-history":[{"count":3,"href":"https:\/\/auvisa.org\/se\/wp-json\/wp\/v2\/pages\/182\/revisions"}],"predecessor-version":[{"id":16861,"href":"https:\/\/auvisa.org\/se\/wp-json\/wp\/v2\/pages\/182\/revisions\/16861"}],"wp:attachment":[{"href":"https:\/\/auvisa.org\/se\/wp-json\/wp\/v2\/media?parent=182"}],"curies":[{"name":"wp","href":"https:\/\/api.w.org\/{rel}","templated":true}]}}