{"id":19482,"date":"2024-01-17T17:58:48","date_gmt":"2024-01-17T16:58:48","guid":{"rendered":"https:\/\/auvisa.org\/se\/?page_id=19482"},"modified":"2026-03-23T18:10:33","modified_gmt":"2026-03-23T17:10:33","slug":"visa-lp","status":"publish","type":"page","link":"https:\/\/auvisa.org\/se\/visa-lp\/","title":{"rendered":"F\u00e5 ett eVisitor-visum till Australien"},"content":{"rendered":"\n<div style=\"height:20px\" aria-hidden=\"true\" class=\"wp-block-spacer\"><\/div>\n\n\n\n<div class=\"wp-block-group\"><div class=\"wp-block-group__inner-container is-layout-flow wp-block-group-is-layout-flow\">\n<div class=\"wp-block-group\"><div class=\"wp-block-group__inner-container is-layout-flow wp-block-group-is-layout-flow\">\n<div style=\"font-family: -apple-system, BlinkMacSystemFont, 'Segoe UI', Roboto, Helvetica, Arial, sans-serif;color: #2c3e50;line-height: 1.7;width: 100%\">\n  <p style=\"font-size: 15px;color: #3a4a52;margin: 0 0 14px 0\">\n    eVisitor \u00e4r ett officiellt elektroniskt visum utf\u00e4rdat av den australiska regeringen f\u00f6r <strong style=\"color: #1a2e3b\">innehavare av svenska, europeiska och brittiska pass<\/strong> som vill bes\u00f6ka Australien f\u00f6r turism, familjebes\u00f6k och aff\u00e4rsm\u00f6ten.\n  <\/p>\n  <p style=\"font-size: 15px;color: #3a4a52;margin: 0 0 14px 0\">\n    eVisitor-visumet g\u00e4ller i <strong style=\"color: #1a2e3b\">12 m\u00e5nader<\/strong>, till\u00e5ter flera bes\u00f6k i Australien och en maximal vistelse p\u00e5 <strong style=\"color: #1a2e3b\">90 dagar<\/strong> per bes\u00f6k. Den fullst\u00e4ndiga tj\u00e4nsten, inklusive Auvisas avgift och statliga avgifter (i f\u00f6rekommande fall), b\u00f6rjar fr\u00e5n <strong style=\"color: #1a2e3b\">749kr\/resen\u00e4r<\/strong> beroende p\u00e5 den handl\u00e4ggningshastighet du v\u00e4ljer.\n  <\/p>\n  <p style=\"font-size: 15px;color: #3a4a52;margin: 0 0 24px 0\">\n    Om ni reser som grupp eller familj beh\u00f6ver varje person sitt eget eVisitor, inklusive sp\u00e4dbarn och barn.\n  <\/p>\n  <h3 style=\"font-size: 20px;font-weight: 700;color: #1f5284;margin: 0;padding: 0;text-align: center\">Ans\u00f6k nu om ditt eVisitor-visum<\/h3>\n<\/div>\n<\/div><\/div>\n<\/div><\/div>\n\n\n\n<p><\/p>\n","protected":false},"excerpt":{"rendered":"<p>eVisitor \u00e4r ett officiellt elektroniskt visum utf\u00e4rdat av den australiska regeringen f\u00f6r innehavare av svenska, europeiska och brittiska pass som [&#8230;]<\/p>\n<p><a class=\"btn btn-secondary understrap-read-more-link\" href=\"https:\/\/auvisa.org\/se\/visa-lp\/\">L\u00e4s mer \u2026<span class=\"screen-reader-text\"> from F\u00e5 ett eVisitor-visum till Australien<\/span><\/a><\/p>\n","protected":false},"author":4,"featured_media":0,"parent":0,"menu_order":4,"comment_status":"closed","ping_status":"closed","template":"templates\/tpl_acf_form.php","meta":{"inline_featured_image":false,"footnotes":""},"class_list":["post-19482","page","type-page","status-publish","hentry"],"yoast_head":"<!-- This site is optimized with the Yoast SEO plugin v26.9 - https:\/\/yoast.com\/product\/yoast-seo-wordpress\/ -->\n<title>Ans\u00f6k om eVisitor Visum till Australien fr\u00e5n Sverige: Ans\u00f6kningsformul\u00e4r<\/title>\n<meta name=\"description\" content=\"Ans\u00f6k om ett australiskt eVisitor-visum f\u00f6r svenska medborgare, online via detta enkla och snabba ans\u00f6kningsformul\u00e4r: 24-timmars visumgodk\u00e4nnande.\" \/>\n<meta name=\"robots\" content=\"noindex, follow\" \/>\n<meta property=\"og:locale\" content=\"sv_SE\" \/>\n<meta property=\"og:type\" content=\"article\" \/>\n<meta property=\"og:title\" content=\"Ans\u00f6k om eVisitor Visum till Australien fr\u00e5n Sverige: Ans\u00f6kningsformul\u00e4r\" \/>\n<meta property=\"og:description\" content=\"Ans\u00f6k om ett australiskt eVisitor-visum f\u00f6r svenska medborgare, online via detta enkla och snabba ans\u00f6kningsformul\u00e4r: 24-timmars visumgodk\u00e4nnande.\" \/>\n<meta property=\"og:url\" content=\"https:\/\/auvisa.australialegal.it\/se\/visa-lp\/\" \/>\n<meta property=\"og:site_name\" content=\"Auvisa.org\" \/>\n<meta property=\"article:modified_time\" content=\"2026-03-23T17:10:33+00:00\" \/>\n<meta name=\"twitter:card\" content=\"summary_large_image\" \/>\n<meta name=\"twitter:label1\" content=\"Ber\u00e4knad l\u00e4stid\" \/>\n\t<meta name=\"twitter:data1\" content=\"1 minut\" \/>\n<script type=\"application\/ld+json\" class=\"yoast-schema-graph\">{\"@context\":\"https:\/\/schema.org\",\"@graph\":[{\"@type\":\"WebPage\",\"@id\":\"https:\/\/auvisa.australialegal.it\/se\/visa-lp\/\",\"url\":\"https:\/\/auvisa.australialegal.it\/se\/visa-lp\/\",\"name\":\"Ans\u00f6k om eVisitor Visum till Australien fr\u00e5n Sverige: Ans\u00f6kningsformul\u00e4r\",\"isPartOf\":{\"@id\":\"https:\/\/auvisa.org\/se\/#website\"},\"datePublished\":\"2024-01-17T16:58:48+00:00\",\"dateModified\":\"2026-03-23T17:10:33+00:00\",\"description\":\"Ans\u00f6k om ett australiskt eVisitor-visum f\u00f6r svenska medborgare, online via detta enkla och snabba ans\u00f6kningsformul\u00e4r: 24-timmars visumgodk\u00e4nnande.\",\"breadcrumb\":{\"@id\":\"https:\/\/auvisa.australialegal.it\/se\/visa-lp\/#breadcrumb\"},\"inLanguage\":\"sv-SE\",\"potentialAction\":[{\"@type\":\"ReadAction\",\"target\":[\"https:\/\/auvisa.australialegal.it\/se\/visa-lp\/\"]}]},{\"@type\":\"BreadcrumbList\",\"@id\":\"https:\/\/auvisa.australialegal.it\/se\/visa-lp\/#breadcrumb\",\"itemListElement\":[{\"@type\":\"ListItem\",\"position\":1,\"name\":\"Home\",\"item\":\"https:\/\/auvisa.org\/se\/\"},{\"@type\":\"ListItem\",\"position\":2,\"name\":\"F\u00e5 ett eVisitor-visum till Australien\"}]},{\"@type\":\"WebSite\",\"@id\":\"https:\/\/auvisa.org\/se\/#website\",\"url\":\"https:\/\/auvisa.org\/se\/\",\"name\":\"Auvisa.org\",\"description\":\"\",\"inLanguage\":\"sv-SE\"}]}<\/script>\n<!-- \/ Yoast SEO plugin. -->","yoast_head_json":{"title":"Ans\u00f6k om eVisitor Visum till Australien fr\u00e5n Sverige: Ans\u00f6kningsformul\u00e4r","description":"Ans\u00f6k om ett australiskt eVisitor-visum f\u00f6r svenska medborgare, online via detta enkla och snabba ans\u00f6kningsformul\u00e4r: 24-timmars visumgodk\u00e4nnande.","robots":{"index":"noindex","follow":"follow"},"og_locale":"sv_SE","og_type":"article","og_title":"Ans\u00f6k om eVisitor Visum till Australien fr\u00e5n Sverige: Ans\u00f6kningsformul\u00e4r","og_description":"Ans\u00f6k om ett australiskt eVisitor-visum f\u00f6r svenska medborgare, online via detta enkla och snabba ans\u00f6kningsformul\u00e4r: 24-timmars visumgodk\u00e4nnande.","og_url":"https:\/\/auvisa.australialegal.it\/se\/visa-lp\/","og_site_name":"Auvisa.org","article_modified_time":"2026-03-23T17:10:33+00:00","twitter_card":"summary_large_image","twitter_misc":{"Ber\u00e4knad l\u00e4stid":"1 minut"},"schema":{"@context":"https:\/\/schema.org","@graph":[{"@type":"WebPage","@id":"https:\/\/auvisa.australialegal.it\/se\/visa-lp\/","url":"https:\/\/auvisa.australialegal.it\/se\/visa-lp\/","name":"Ans\u00f6k om eVisitor Visum till Australien fr\u00e5n Sverige: Ans\u00f6kningsformul\u00e4r","isPartOf":{"@id":"https:\/\/auvisa.org\/se\/#website"},"datePublished":"2024-01-17T16:58:48+00:00","dateModified":"2026-03-23T17:10:33+00:00","description":"Ans\u00f6k om ett australiskt eVisitor-visum f\u00f6r svenska medborgare, online via detta enkla och snabba ans\u00f6kningsformul\u00e4r: 24-timmars visumgodk\u00e4nnande.","breadcrumb":{"@id":"https:\/\/auvisa.australialegal.it\/se\/visa-lp\/#breadcrumb"},"inLanguage":"sv-SE","potentialAction":[{"@type":"ReadAction","target":["https:\/\/auvisa.australialegal.it\/se\/visa-lp\/"]}]},{"@type":"BreadcrumbList","@id":"https:\/\/auvisa.australialegal.it\/se\/visa-lp\/#breadcrumb","itemListElement":[{"@type":"ListItem","position":1,"name":"Home","item":"https:\/\/auvisa.org\/se\/"},{"@type":"ListItem","position":2,"name":"F\u00e5 ett eVisitor-visum till Australien"}]},{"@type":"WebSite","@id":"https:\/\/auvisa.org\/se\/#website","url":"https:\/\/auvisa.org\/se\/","name":"Auvisa.org","description":"","inLanguage":"sv-SE"}]}},"_links":{"self":[{"href":"https:\/\/auvisa.org\/se\/wp-json\/wp\/v2\/pages\/19482","targetHints":{"allow":["GET"]}}],"collection":[{"href":"https:\/\/auvisa.org\/se\/wp-json\/wp\/v2\/pages"}],"about":[{"href":"https:\/\/auvisa.org\/se\/wp-json\/wp\/v2\/types\/page"}],"author":[{"embeddable":true,"href":"https:\/\/auvisa.org\/se\/wp-json\/wp\/v2\/users\/4"}],"replies":[{"embeddable":true,"href":"https:\/\/auvisa.org\/se\/wp-json\/wp\/v2\/comments?post=19482"}],"version-history":[{"count":4,"href":"https:\/\/auvisa.org\/se\/wp-json\/wp\/v2\/pages\/19482\/revisions"}],"predecessor-version":[{"id":29481,"href":"https:\/\/auvisa.org\/se\/wp-json\/wp\/v2\/pages\/19482\/revisions\/29481"}],"wp:attachment":[{"href":"https:\/\/auvisa.org\/se\/wp-json\/wp\/v2\/media?parent=19482"}],"curies":[{"name":"wp","href":"https:\/\/api.w.org\/{rel}","templated":true}]}}