{"id":19501,"date":"2024-01-17T18:14:24","date_gmt":"2024-01-17T17:14:24","guid":{"rendered":"https:\/\/auvisa.org\/se\/?page_id=19501"},"modified":"2024-01-17T18:14:25","modified_gmt":"2024-01-17T17:14:25","slug":"visa-business-lp","status":"publish","type":"page","link":"https:\/\/auvisa.org\/se\/visa-business-lp\/","title":{"rendered":"Aff\u00e4rsvisum till Australien (eVisitor): Ans\u00f6kningsformul\u00e4r"},"content":{"rendered":"\n<div style=\"height:20px\" aria-hidden=\"true\" class=\"wp-block-spacer\"><\/div>\n\n\n\n<p>Detta aff\u00e4rsvisum (eVisitor) ans\u00f6kningsformul\u00e4r \u00e4r avsett f\u00f6r<strong> svenska aff\u00e4rsresen\u00e4rer <\/strong>som planerar att bes\u00f6ka Australien f\u00f6r att delta i <strong>aff\u00e4rsm\u00f6ten, konferenser eller f\u00f6rhandlingar<\/strong>.<\/p>\n\n\n\n<p>Aff\u00e4rsvisumet \u00e4r giltigt i <strong>12 m\u00e5nader<\/strong> under vilka du kan resa in Australien flera g\u00e5nger och <strong>vistas i Australien i upp till 90 dagar per g\u00e5ng<\/strong>.<\/p>\n\n\n\n<p><strong>eVisitor aff\u00e4rsvisum \u00e4r den vanligaste typen av visum f\u00f6r de allra flesta svenska <strong>aff\u00e4rsresen\u00e4rer<\/strong><\/strong>\u00a0och <strong>95% av visumen beviljas inom 24 timmar<\/strong>.<\/p>\n\n\n\n<p><strong>Visumen kostar <span class=\"woocommerce-Price-amount amount\"><bdi>790,00<span class=\"woocommerce-Price-currencySymbol\">&#107;&#114;<\/span><\/bdi><\/span> per styck<\/strong>, och priset inkluderar b\u00e5de Auvisa.orgs serviceavgifter och statliga avgifter (i f\u00f6rekommande fall).<\/p>\n\n\n\n<div style=\"height:46px\" aria-hidden=\"true\" class=\"wp-block-spacer\"><\/div>\n\n\n\n<h3>Ange och bekr\u00e4fta din e-postadress f\u00f6r att p\u00e5b\u00f6rja onlineans\u00f6kan:<\/h3>\n","protected":false},"excerpt":{"rendered":"<p>Detta aff\u00e4rsvisum (eVisitor) ans\u00f6kningsformul\u00e4r \u00e4r avsett f\u00f6r svenska aff\u00e4rsresen\u00e4rer som planerar att bes\u00f6ka Australien f\u00f6r att delta i aff\u00e4rsm\u00f6ten, konferenser [&#8230;]<\/p>\n<p><a class=\"btn btn-secondary understrap-read-more-link\" href=\"https:\/\/auvisa.org\/se\/visa-business-lp\/\">L\u00e4s mer \u2026<span class=\"screen-reader-text\"> from Aff\u00e4rsvisum till Australien (eVisitor): Ans\u00f6kningsformul\u00e4r<\/span><\/a><\/p>\n","protected":false},"author":4,"featured_media":0,"parent":0,"menu_order":25,"comment_status":"closed","ping_status":"closed","template":"templates\/tpl_acf_form.php","meta":{"inline_featured_image":false,"footnotes":""},"class_list":["post-19501","page","type-page","status-publish","hentry"],"yoast_head":"<!-- This site is optimized with the Yoast SEO plugin v26.9 - https:\/\/yoast.com\/product\/yoast-seo-wordpress\/ -->\n<title>Ans\u00f6k om Aff\u00e4rsvisum till Australien fr\u00e5n Sverige: Ans\u00f6kningsformul\u00e4r<\/title>\n<meta name=\"description\" content=\"Svenska aff\u00e4rsresen\u00e4rer ska ans\u00f6ka om ett australisk Business eVisitor Visa via detta ans\u00f6kningsformul\u00e4r online. Visum beviljas inom 24 timmar .\" \/>\n<meta name=\"robots\" content=\"noindex, follow\" \/>\n<meta property=\"og:locale\" content=\"sv_SE\" \/>\n<meta property=\"og:type\" content=\"article\" \/>\n<meta property=\"og:title\" content=\"Ans\u00f6k om Aff\u00e4rsvisum till Australien fr\u00e5n Sverige: Ans\u00f6kningsformul\u00e4r\" \/>\n<meta property=\"og:description\" content=\"Svenska aff\u00e4rsresen\u00e4rer ska ans\u00f6ka om ett australisk Business eVisitor Visa via detta ans\u00f6kningsformul\u00e4r online. Visum beviljas inom 24 timmar .\" \/>\n<meta property=\"og:url\" content=\"https:\/\/auvisa.org\/se\/visa-business-lp\/\" \/>\n<meta property=\"og:site_name\" content=\"Auvisa.org\" \/>\n<meta property=\"article:modified_time\" content=\"2024-01-17T17:14:25+00:00\" \/>\n<meta name=\"twitter:card\" content=\"summary_large_image\" \/>\n<meta name=\"twitter:label1\" content=\"Ber\u00e4knad l\u00e4stid\" \/>\n\t<meta name=\"twitter:data1\" content=\"1 minut\" \/>\n<script type=\"application\/ld+json\" class=\"yoast-schema-graph\">{\"@context\":\"https:\/\/schema.org\",\"@graph\":[{\"@type\":\"WebPage\",\"@id\":\"https:\/\/auvisa.org\/se\/visa-business-lp\/\",\"url\":\"https:\/\/auvisa.org\/se\/visa-business-lp\/\",\"name\":\"Ans\u00f6k om Aff\u00e4rsvisum till Australien fr\u00e5n Sverige: Ans\u00f6kningsformul\u00e4r\",\"isPartOf\":{\"@id\":\"https:\/\/auvisa.org\/se\/#website\"},\"datePublished\":\"2024-01-17T17:14:24+00:00\",\"dateModified\":\"2024-01-17T17:14:25+00:00\",\"description\":\"Svenska aff\u00e4rsresen\u00e4rer ska ans\u00f6ka om ett australisk Business eVisitor Visa via detta ans\u00f6kningsformul\u00e4r online. Visum beviljas inom 24 timmar .\",\"breadcrumb\":{\"@id\":\"https:\/\/auvisa.org\/se\/visa-business-lp\/#breadcrumb\"},\"inLanguage\":\"sv-SE\",\"potentialAction\":[{\"@type\":\"ReadAction\",\"target\":[\"https:\/\/auvisa.org\/se\/visa-business-lp\/\"]}]},{\"@type\":\"BreadcrumbList\",\"@id\":\"https:\/\/auvisa.org\/se\/visa-business-lp\/#breadcrumb\",\"itemListElement\":[{\"@type\":\"ListItem\",\"position\":1,\"name\":\"Home\",\"item\":\"https:\/\/auvisa.org\/se\/\"},{\"@type\":\"ListItem\",\"position\":2,\"name\":\"Aff\u00e4rsvisum till Australien (eVisitor): Ans\u00f6kningsformul\u00e4r\"}]},{\"@type\":\"WebSite\",\"@id\":\"https:\/\/auvisa.org\/se\/#website\",\"url\":\"https:\/\/auvisa.org\/se\/\",\"name\":\"Auvisa.org\",\"description\":\"\",\"inLanguage\":\"sv-SE\"}]}<\/script>\n<!-- \/ Yoast SEO plugin. -->","yoast_head_json":{"title":"Ans\u00f6k om Aff\u00e4rsvisum till Australien fr\u00e5n Sverige: Ans\u00f6kningsformul\u00e4r","description":"Svenska aff\u00e4rsresen\u00e4rer ska ans\u00f6ka om ett australisk Business eVisitor Visa via detta ans\u00f6kningsformul\u00e4r online. Visum beviljas inom 24 timmar .","robots":{"index":"noindex","follow":"follow"},"og_locale":"sv_SE","og_type":"article","og_title":"Ans\u00f6k om Aff\u00e4rsvisum till Australien fr\u00e5n Sverige: Ans\u00f6kningsformul\u00e4r","og_description":"Svenska aff\u00e4rsresen\u00e4rer ska ans\u00f6ka om ett australisk Business eVisitor Visa via detta ans\u00f6kningsformul\u00e4r online. Visum beviljas inom 24 timmar .","og_url":"https:\/\/auvisa.org\/se\/visa-business-lp\/","og_site_name":"Auvisa.org","article_modified_time":"2024-01-17T17:14:25+00:00","twitter_card":"summary_large_image","twitter_misc":{"Ber\u00e4knad l\u00e4stid":"1 minut"},"schema":{"@context":"https:\/\/schema.org","@graph":[{"@type":"WebPage","@id":"https:\/\/auvisa.org\/se\/visa-business-lp\/","url":"https:\/\/auvisa.org\/se\/visa-business-lp\/","name":"Ans\u00f6k om Aff\u00e4rsvisum till Australien fr\u00e5n Sverige: Ans\u00f6kningsformul\u00e4r","isPartOf":{"@id":"https:\/\/auvisa.org\/se\/#website"},"datePublished":"2024-01-17T17:14:24+00:00","dateModified":"2024-01-17T17:14:25+00:00","description":"Svenska aff\u00e4rsresen\u00e4rer ska ans\u00f6ka om ett australisk Business eVisitor Visa via detta ans\u00f6kningsformul\u00e4r online. Visum beviljas inom 24 timmar .","breadcrumb":{"@id":"https:\/\/auvisa.org\/se\/visa-business-lp\/#breadcrumb"},"inLanguage":"sv-SE","potentialAction":[{"@type":"ReadAction","target":["https:\/\/auvisa.org\/se\/visa-business-lp\/"]}]},{"@type":"BreadcrumbList","@id":"https:\/\/auvisa.org\/se\/visa-business-lp\/#breadcrumb","itemListElement":[{"@type":"ListItem","position":1,"name":"Home","item":"https:\/\/auvisa.org\/se\/"},{"@type":"ListItem","position":2,"name":"Aff\u00e4rsvisum till Australien (eVisitor): Ans\u00f6kningsformul\u00e4r"}]},{"@type":"WebSite","@id":"https:\/\/auvisa.org\/se\/#website","url":"https:\/\/auvisa.org\/se\/","name":"Auvisa.org","description":"","inLanguage":"sv-SE"}]}},"_links":{"self":[{"href":"https:\/\/auvisa.org\/se\/wp-json\/wp\/v2\/pages\/19501","targetHints":{"allow":["GET"]}}],"collection":[{"href":"https:\/\/auvisa.org\/se\/wp-json\/wp\/v2\/pages"}],"about":[{"href":"https:\/\/auvisa.org\/se\/wp-json\/wp\/v2\/types\/page"}],"author":[{"embeddable":true,"href":"https:\/\/auvisa.org\/se\/wp-json\/wp\/v2\/users\/4"}],"replies":[{"embeddable":true,"href":"https:\/\/auvisa.org\/se\/wp-json\/wp\/v2\/comments?post=19501"}],"version-history":[{"count":1,"href":"https:\/\/auvisa.org\/se\/wp-json\/wp\/v2\/pages\/19501\/revisions"}],"predecessor-version":[{"id":19502,"href":"https:\/\/auvisa.org\/se\/wp-json\/wp\/v2\/pages\/19501\/revisions\/19502"}],"wp:attachment":[{"href":"https:\/\/auvisa.org\/se\/wp-json\/wp\/v2\/media?parent=19501"}],"curies":[{"name":"wp","href":"https:\/\/api.w.org\/{rel}","templated":true}]}}