{"id":2096,"date":"2020-02-17T17:50:48","date_gmt":"2020-02-17T17:50:48","guid":{"rendered":"https:\/\/auvisa.org\/uk\/?page_id=2096"},"modified":"2026-03-23T14:33:26","modified_gmt":"2026-03-23T13:33:26","slug":"visa","status":"publish","type":"page","link":"https:\/\/auvisa.org\/se\/visa\/","title":{"rendered":"Australien eVisitor-visumans\u00f6kan"},"content":{"rendered":"\n<div style=\"height:20px\" aria-hidden=\"true\" class=\"wp-block-spacer\"><\/div>\n\n\n\n<h5 style=\"text-align: center\">Ans\u00f6k nu om ett eVisitor-visum<\/h5>\n\n\n\n<p><\/p>\n","protected":false},"excerpt":{"rendered":"<p>Ans\u00f6k nu om ett eVisitor-visum [&#8230;]<\/p>\n<p><a class=\"btn btn-secondary understrap-read-more-link\" href=\"https:\/\/auvisa.org\/se\/visa\/\">L\u00e4s mer \u2026<span class=\"screen-reader-text\"> from Australien eVisitor-visumans\u00f6kan<\/span><\/a><\/p>\n","protected":false},"author":3,"featured_media":0,"parent":0,"menu_order":4,"comment_status":"closed","ping_status":"closed","template":"templates\/tpl_acf_form.php","meta":{"inline_featured_image":false,"footnotes":""},"class_list":["post-2096","page","type-page","status-publish","hentry"],"yoast_head":"<!-- This site is optimized with the Yoast SEO plugin v26.9 - https:\/\/yoast.com\/product\/yoast-seo-wordpress\/ -->\n<title>Ans\u00f6k om eVisitor Visum till Australien fr\u00e5n Sverige: Ans\u00f6kningsformul\u00e4r<\/title>\n<meta name=\"description\" content=\"Ans\u00f6k om ett australiskt eVisitor-visum f\u00f6r svenska medborgare, online via detta enkla och snabba ans\u00f6kningsformul\u00e4r: 24-timmars visumgodk\u00e4nnande.\" \/>\n<meta name=\"robots\" content=\"index, follow, max-snippet:-1, max-image-preview:large, max-video-preview:-1\" \/>\n<link rel=\"canonical\" href=\"https:\/\/auvisa.australialegal.it\/se\/visa\/\" \/>\n<meta property=\"og:locale\" content=\"sv_SE\" \/>\n<meta property=\"og:type\" content=\"article\" \/>\n<meta property=\"og:title\" content=\"Ans\u00f6k om eVisitor Visum till Australien fr\u00e5n Sverige: Ans\u00f6kningsformul\u00e4r\" \/>\n<meta property=\"og:description\" content=\"Ans\u00f6k om ett australiskt eVisitor-visum f\u00f6r svenska medborgare, online via detta enkla och snabba ans\u00f6kningsformul\u00e4r: 24-timmars visumgodk\u00e4nnande.\" \/>\n<meta property=\"og:url\" content=\"https:\/\/auvisa.australialegal.it\/se\/visa\/\" \/>\n<meta property=\"og:site_name\" content=\"Auvisa.org\" \/>\n<meta property=\"article:modified_time\" content=\"2026-03-23T13:33:26+00:00\" \/>\n<meta name=\"twitter:card\" content=\"summary_large_image\" \/>\n<meta name=\"twitter:label1\" content=\"Ber\u00e4knad l\u00e4stid\" \/>\n\t<meta name=\"twitter:data1\" content=\"1 minut\" \/>\n<script type=\"application\/ld+json\" class=\"yoast-schema-graph\">{\"@context\":\"https:\/\/schema.org\",\"@graph\":[{\"@type\":\"WebPage\",\"@id\":\"https:\/\/auvisa.australialegal.it\/se\/visa\/\",\"url\":\"https:\/\/auvisa.australialegal.it\/se\/visa\/\",\"name\":\"Ans\u00f6k om eVisitor Visum till Australien fr\u00e5n Sverige: Ans\u00f6kningsformul\u00e4r\",\"isPartOf\":{\"@id\":\"https:\/\/auvisa.org\/se\/#website\"},\"datePublished\":\"2020-02-17T17:50:48+00:00\",\"dateModified\":\"2026-03-23T13:33:26+00:00\",\"description\":\"Ans\u00f6k om ett australiskt eVisitor-visum f\u00f6r svenska medborgare, online via detta enkla och snabba ans\u00f6kningsformul\u00e4r: 24-timmars visumgodk\u00e4nnande.\",\"breadcrumb\":{\"@id\":\"https:\/\/auvisa.australialegal.it\/se\/visa\/#breadcrumb\"},\"inLanguage\":\"sv-SE\",\"potentialAction\":[{\"@type\":\"ReadAction\",\"target\":[\"https:\/\/auvisa.australialegal.it\/se\/visa\/\"]}]},{\"@type\":\"BreadcrumbList\",\"@id\":\"https:\/\/auvisa.australialegal.it\/se\/visa\/#breadcrumb\",\"itemListElement\":[{\"@type\":\"ListItem\",\"position\":1,\"name\":\"Home\",\"item\":\"https:\/\/auvisa.org\/se\/\"},{\"@type\":\"ListItem\",\"position\":2,\"name\":\"Australien eVisitor-visumans\u00f6kan\"}]},{\"@type\":\"WebSite\",\"@id\":\"https:\/\/auvisa.org\/se\/#website\",\"url\":\"https:\/\/auvisa.org\/se\/\",\"name\":\"Auvisa.org\",\"description\":\"\",\"inLanguage\":\"sv-SE\"}]}<\/script>\n<!-- \/ Yoast SEO plugin. -->","yoast_head_json":{"title":"Ans\u00f6k om eVisitor Visum till Australien fr\u00e5n Sverige: Ans\u00f6kningsformul\u00e4r","description":"Ans\u00f6k om ett australiskt eVisitor-visum f\u00f6r svenska medborgare, online via detta enkla och snabba ans\u00f6kningsformul\u00e4r: 24-timmars visumgodk\u00e4nnande.","robots":{"index":"index","follow":"follow","max-snippet":"max-snippet:-1","max-image-preview":"max-image-preview:large","max-video-preview":"max-video-preview:-1"},"canonical":"https:\/\/auvisa.australialegal.it\/se\/visa\/","og_locale":"sv_SE","og_type":"article","og_title":"Ans\u00f6k om eVisitor Visum till Australien fr\u00e5n Sverige: Ans\u00f6kningsformul\u00e4r","og_description":"Ans\u00f6k om ett australiskt eVisitor-visum f\u00f6r svenska medborgare, online via detta enkla och snabba ans\u00f6kningsformul\u00e4r: 24-timmars visumgodk\u00e4nnande.","og_url":"https:\/\/auvisa.australialegal.it\/se\/visa\/","og_site_name":"Auvisa.org","article_modified_time":"2026-03-23T13:33:26+00:00","twitter_card":"summary_large_image","twitter_misc":{"Ber\u00e4knad l\u00e4stid":"1 minut"},"schema":{"@context":"https:\/\/schema.org","@graph":[{"@type":"WebPage","@id":"https:\/\/auvisa.australialegal.it\/se\/visa\/","url":"https:\/\/auvisa.australialegal.it\/se\/visa\/","name":"Ans\u00f6k om eVisitor Visum till Australien fr\u00e5n Sverige: Ans\u00f6kningsformul\u00e4r","isPartOf":{"@id":"https:\/\/auvisa.org\/se\/#website"},"datePublished":"2020-02-17T17:50:48+00:00","dateModified":"2026-03-23T13:33:26+00:00","description":"Ans\u00f6k om ett australiskt eVisitor-visum f\u00f6r svenska medborgare, online via detta enkla och snabba ans\u00f6kningsformul\u00e4r: 24-timmars visumgodk\u00e4nnande.","breadcrumb":{"@id":"https:\/\/auvisa.australialegal.it\/se\/visa\/#breadcrumb"},"inLanguage":"sv-SE","potentialAction":[{"@type":"ReadAction","target":["https:\/\/auvisa.australialegal.it\/se\/visa\/"]}]},{"@type":"BreadcrumbList","@id":"https:\/\/auvisa.australialegal.it\/se\/visa\/#breadcrumb","itemListElement":[{"@type":"ListItem","position":1,"name":"Home","item":"https:\/\/auvisa.org\/se\/"},{"@type":"ListItem","position":2,"name":"Australien eVisitor-visumans\u00f6kan"}]},{"@type":"WebSite","@id":"https:\/\/auvisa.org\/se\/#website","url":"https:\/\/auvisa.org\/se\/","name":"Auvisa.org","description":"","inLanguage":"sv-SE"}]}},"_links":{"self":[{"href":"https:\/\/auvisa.org\/se\/wp-json\/wp\/v2\/pages\/2096","targetHints":{"allow":["GET"]}}],"collection":[{"href":"https:\/\/auvisa.org\/se\/wp-json\/wp\/v2\/pages"}],"about":[{"href":"https:\/\/auvisa.org\/se\/wp-json\/wp\/v2\/types\/page"}],"author":[{"embeddable":true,"href":"https:\/\/auvisa.org\/se\/wp-json\/wp\/v2\/users\/3"}],"replies":[{"embeddable":true,"href":"https:\/\/auvisa.org\/se\/wp-json\/wp\/v2\/comments?post=2096"}],"version-history":[{"count":51,"href":"https:\/\/auvisa.org\/se\/wp-json\/wp\/v2\/pages\/2096\/revisions"}],"predecessor-version":[{"id":29478,"href":"https:\/\/auvisa.org\/se\/wp-json\/wp\/v2\/pages\/2096\/revisions\/29478"}],"wp:attachment":[{"href":"https:\/\/auvisa.org\/se\/wp-json\/wp\/v2\/media?parent=2096"}],"curies":[{"name":"wp","href":"https:\/\/api.w.org\/{rel}","templated":true}]}}