{"id":2617,"date":"2011-12-20T19:18:49","date_gmt":"2011-12-20T19:18:49","guid":{"rendered":"https:\/\/auvisa.org\/?p=24"},"modified":"2024-02-29T11:18:19","modified_gmt":"2024-02-29T10:18:19","slug":"villkor","status":"publish","type":"page","link":"https:\/\/auvisa.org\/se\/villkor\/","title":{"rendered":"Om Oss"},"content":{"rendered":"<h2>F\u00f6retaget<\/h2>\n<p>Auvisa.org \u00e4gs av Visa &amp; Immigration Services LTD, organisationsnummer 72792776 med s\u00e4te i Hongkong. F\u00f6retaget \u00e4r ett internationellt f\u00f6retag specialiserat p\u00e5 visumtj\u00e4nster. Vi finns representerade runt om i v\u00e4rlden p\u00e5 en m\u00e4ngd olika spr\u00e5k.<\/p>\n<h2>V\u00e5r vision<\/h2>\n<p>Visa\u00a0&amp;\u00a0Immigration\u00a0Services\u00a0LTDs aff\u00e4rsid\u00e9 \u00e4r att tillhandah\u00e5lla \u00f6vers\u00e4ttningstj\u00e4nster och konsul\u00e4ra r\u00e5d om inresetillst\u00e5nd och visumans\u00f6kningar. Vi ger st\u00f6d p\u00e5 flera olika spr\u00e5k, fr\u00e4mst europeiska. Om du kan beh\u00e4rska det engelska spr\u00e5ket eller i \u00f6vrigt inte beh\u00f6ver hj\u00e4lp, kan du ans\u00f6ka om visum eller tillst\u00e5nd p\u00e5 egen hand utan att anv\u00e4nda v\u00e5ra tj\u00e4nster.<\/p>\n<p>Australiensiska\u00a0tillf\u00e4lliga\u00a0turist- eller aff\u00e4rsvisum\u00a0kan ans\u00f6kas kostnadsfritt via\u00a0webbplatsen f\u00f6r\u00a0Department of Immigration and Citizenship, p\u00e5\u00a0<a href=\"http:\/\/www.immi.gov.au\">http:\/\/www.immi.gov.au<\/a>.<\/p>\n<h2>Betalning<\/h2>\n<p>Betalning erl\u00e4ggs i slutet av varje visumans\u00f6kan. Man har \u00e4ven m\u00f6jlighet att spara sin ans\u00f6kan om man vill betala vid n\u00e5got annat tillf\u00e4lle. En visumans\u00f6kan \u00e4r inte komplett f\u00f6rr\u00e4n full betalning erlagts. Vi kommer inte hantera n\u00e5gra ans\u00f6kningar som inte betalats.<\/p>\n<p>Auvisa.org har r\u00e4tt att \u00e4ndra priserna utan f\u00f6reg\u00e5ende avisering.<\/p>\n<h2>Leveranstid<\/h2>\n<p>I m\u00e5nga fall f\u00e5r man svar redan samma dag, men det kan ta upp till 10 dagar eller mer innan man f\u00e5r svar p\u00e5 sin visumans\u00f6kan. Vi rekommenderar alltid att man g\u00f6r visumans\u00f6kan minst 14 dagar innan t\u00e4nkt avresedatum f\u00f6r turist- och aff\u00e4rsvisum och tv\u00e5 m\u00e5nader f\u00f6r Working Holiday-visum.<\/p>\n<h2>Personliga uppgifter<\/h2>\n<p>Vi lagrar endast dina personuppgifter (din ans\u00f6kan) i syfte att f\u00f6rmedla din visumans\u00f6kan. Vi delar aldrig med oss av dina personuppgifter till n\u00e5gon annan utan ditt medgivande.<\/p>\n<h2>Kompletterande uppgifter<\/h2>\n<p>I vissa fall kan vi beg\u00e4ra in kompletterande uppgifter om din ans\u00f6kan. Vi kontaktar dig per e-post och det \u00e4r ditt ansvar att se till att kontrollera din e-post med j\u00e4mna mellanrum. Om vi skickar en beg\u00e4ran om komplettering till dig men du inte svarar i tid, kommer det i regel leda till att du f\u00e5r avslag p\u00e5 din ans\u00f6kan.<\/p>\n<h2>\u00c5ldersgr\u00e4ns<\/h2>\n<p>Du som g\u00f6r visumans\u00f6kan m\u00e5ste vara minst 18 \u00e5r gammal vid tillf\u00e4llet f\u00f6r ans\u00f6kan. Personer som \u00e4r 18 \u00e5r eller \u00e4ldre f\u00e5r ans\u00f6ka \u00e5t personer som \u00e4r yngre \u00e4n 18 \u00e5r.<\/p>\n<h2>Garantier<\/h2>\n<p>Beslutet att godk\u00e4nna eller avsl\u00e5 din visumans\u00f6kan tas av Department of Immigration and Citizenship i Australien. Vi p\u00e5 Auvisa.org kan inte p\u00e5verka deras beslut.<\/p>\n<p>Auvisa.org kan inte st\u00e4llas till svars f\u00f6r n\u00e5gra direkta eller indirekta, s\u00e4rskilda skador, f\u00f6ljdskador, ekonomiska eller andra skador som f\u00f6rorsakas av denna webbplats eller v\u00e5r tj\u00e4nst, levererad eller inte levererad.<\/p>\n<h2>Villkor<\/h2>\n<p><a href=\"\/terms\/auvisa_terms_and_conditions_se.pdf\">https:\/\/auvisa.org\/terms\/auvisa_terms_and_conditions_se.pdf<\/a><\/p>\n","protected":false},"excerpt":{"rendered":"<p>F\u00f6retaget Auvisa.org \u00e4gs av Visa &amp; Immigration Services LTD, organisationsnummer 72792776 med s\u00e4te i Hongkong. F\u00f6retaget \u00e4r ett internationellt f\u00f6retag [&#8230;]<\/p>\n<p><a class=\"btn btn-secondary understrap-read-more-link\" href=\"https:\/\/auvisa.org\/se\/villkor\/\">L\u00e4s mer \u2026<span class=\"screen-reader-text\"> from Om Oss<\/span><\/a><\/p>\n","protected":false},"author":4,"featured_media":0,"parent":0,"menu_order":0,"comment_status":"open","ping_status":"open","template":"","meta":{"inline_featured_image":false,"footnotes":""},"class_list":["post-2617","page","type-page","status-publish","hentry"],"yoast_head":"<!-- This site is optimized with the Yoast SEO plugin v26.9 - https:\/\/yoast.com\/product\/yoast-seo-wordpress\/ -->\n<title>Om Oss - Auvisa.org by Visa &amp; Immigration Services LTD<\/title>\n<meta name=\"description\" content=\"Om Oss - Auvisa.org by Visa &amp; Immigration Services LTD\" \/>\n<meta name=\"robots\" content=\"index, follow, max-snippet:-1, max-image-preview:large, max-video-preview:-1\" \/>\n<link rel=\"canonical\" href=\"https:\/\/auvisa.org\/se\/villkor\/\" \/>\n<meta property=\"og:locale\" content=\"sv_SE\" \/>\n<meta property=\"og:type\" content=\"article\" \/>\n<meta property=\"og:title\" content=\"Om Oss - Auvisa.org by Visa &amp; Immigration Services LTD\" \/>\n<meta property=\"og:description\" content=\"Om Oss - Auvisa.org by Visa &amp; Immigration Services LTD\" \/>\n<meta property=\"og:url\" content=\"https:\/\/auvisa.org\/se\/villkor\/\" \/>\n<meta property=\"og:site_name\" content=\"Auvisa.org\" \/>\n<meta property=\"article:modified_time\" content=\"2024-02-29T10:18:19+00:00\" \/>\n<meta name=\"twitter:card\" content=\"summary_large_image\" \/>\n<meta name=\"twitter:label1\" content=\"Ber\u00e4knad l\u00e4stid\" \/>\n\t<meta name=\"twitter:data1\" content=\"2 minuter\" \/>\n<script type=\"application\/ld+json\" class=\"yoast-schema-graph\">{\"@context\":\"https:\/\/schema.org\",\"@graph\":[{\"@type\":\"WebPage\",\"@id\":\"https:\/\/auvisa.org\/se\/villkor\/\",\"url\":\"https:\/\/auvisa.org\/se\/villkor\/\",\"name\":\"Om Oss - Auvisa.org by Visa & Immigration Services LTD\",\"isPartOf\":{\"@id\":\"https:\/\/auvisa.org\/se\/#website\"},\"datePublished\":\"2011-12-20T19:18:49+00:00\",\"dateModified\":\"2024-02-29T10:18:19+00:00\",\"description\":\"Om Oss - Auvisa.org by Visa & Immigration Services LTD\",\"breadcrumb\":{\"@id\":\"https:\/\/auvisa.org\/se\/villkor\/#breadcrumb\"},\"inLanguage\":\"sv-SE\",\"potentialAction\":[{\"@type\":\"ReadAction\",\"target\":[\"https:\/\/auvisa.org\/se\/villkor\/\"]}]},{\"@type\":\"BreadcrumbList\",\"@id\":\"https:\/\/auvisa.org\/se\/villkor\/#breadcrumb\",\"itemListElement\":[{\"@type\":\"ListItem\",\"position\":1,\"name\":\"Home\",\"item\":\"https:\/\/auvisa.org\/se\/\"},{\"@type\":\"ListItem\",\"position\":2,\"name\":\"Om Oss\"}]},{\"@type\":\"WebSite\",\"@id\":\"https:\/\/auvisa.org\/se\/#website\",\"url\":\"https:\/\/auvisa.org\/se\/\",\"name\":\"Auvisa.org\",\"description\":\"\",\"inLanguage\":\"sv-SE\"}]}<\/script>\n<!-- \/ Yoast SEO plugin. -->","yoast_head_json":{"title":"Om Oss - Auvisa.org by Visa & Immigration Services LTD","description":"Om Oss - Auvisa.org by Visa & Immigration Services LTD","robots":{"index":"index","follow":"follow","max-snippet":"max-snippet:-1","max-image-preview":"max-image-preview:large","max-video-preview":"max-video-preview:-1"},"canonical":"https:\/\/auvisa.org\/se\/villkor\/","og_locale":"sv_SE","og_type":"article","og_title":"Om Oss - Auvisa.org by Visa & Immigration Services LTD","og_description":"Om Oss - Auvisa.org by Visa & Immigration Services LTD","og_url":"https:\/\/auvisa.org\/se\/villkor\/","og_site_name":"Auvisa.org","article_modified_time":"2024-02-29T10:18:19+00:00","twitter_card":"summary_large_image","twitter_misc":{"Ber\u00e4knad l\u00e4stid":"2 minuter"},"schema":{"@context":"https:\/\/schema.org","@graph":[{"@type":"WebPage","@id":"https:\/\/auvisa.org\/se\/villkor\/","url":"https:\/\/auvisa.org\/se\/villkor\/","name":"Om Oss - Auvisa.org by Visa & Immigration Services LTD","isPartOf":{"@id":"https:\/\/auvisa.org\/se\/#website"},"datePublished":"2011-12-20T19:18:49+00:00","dateModified":"2024-02-29T10:18:19+00:00","description":"Om Oss - Auvisa.org by Visa & Immigration Services LTD","breadcrumb":{"@id":"https:\/\/auvisa.org\/se\/villkor\/#breadcrumb"},"inLanguage":"sv-SE","potentialAction":[{"@type":"ReadAction","target":["https:\/\/auvisa.org\/se\/villkor\/"]}]},{"@type":"BreadcrumbList","@id":"https:\/\/auvisa.org\/se\/villkor\/#breadcrumb","itemListElement":[{"@type":"ListItem","position":1,"name":"Home","item":"https:\/\/auvisa.org\/se\/"},{"@type":"ListItem","position":2,"name":"Om Oss"}]},{"@type":"WebSite","@id":"https:\/\/auvisa.org\/se\/#website","url":"https:\/\/auvisa.org\/se\/","name":"Auvisa.org","description":"","inLanguage":"sv-SE"}]}},"_links":{"self":[{"href":"https:\/\/auvisa.org\/se\/wp-json\/wp\/v2\/pages\/2617","targetHints":{"allow":["GET"]}}],"collection":[{"href":"https:\/\/auvisa.org\/se\/wp-json\/wp\/v2\/pages"}],"about":[{"href":"https:\/\/auvisa.org\/se\/wp-json\/wp\/v2\/types\/page"}],"author":[{"embeddable":true,"href":"https:\/\/auvisa.org\/se\/wp-json\/wp\/v2\/users\/4"}],"replies":[{"embeddable":true,"href":"https:\/\/auvisa.org\/se\/wp-json\/wp\/v2\/comments?post=2617"}],"version-history":[{"count":5,"href":"https:\/\/auvisa.org\/se\/wp-json\/wp\/v2\/pages\/2617\/revisions"}],"predecessor-version":[{"id":19955,"href":"https:\/\/auvisa.org\/se\/wp-json\/wp\/v2\/pages\/2617\/revisions\/19955"}],"wp:attachment":[{"href":"https:\/\/auvisa.org\/se\/wp-json\/wp\/v2\/media?parent=2617"}],"curies":[{"name":"wp","href":"https:\/\/api.w.org\/{rel}","templated":true}]}}