{"id":2618,"date":"2011-12-20T19:52:02","date_gmt":"2011-12-20T19:52:02","guid":{"rendered":"https:\/\/auvisa.org\/?p=31"},"modified":"2023-08-11T14:25:50","modified_gmt":"2023-08-11T12:25:50","slug":"kontakt","status":"publish","type":"page","link":"https:\/\/auvisa.org\/se\/kontakt\/","title":{"rendered":"Kontakta oss"},"content":{"rendered":"<p>Kontakta oss g\u00e4rna med kontaktformul\u00e4ret p\u00e5 denna sida, s\u00e5 kommer vi tillbaka s\u00e5 snabbt som m\u00f6jligt.<\/p>\n<p>Om du redan har ans\u00f6kt om visum kan du kontrollera statusen f\u00f6r din ans\u00f6kan <a href=\"\/se\/check\/\">via denna sida<\/a>.<\/p>\n\n<div class=\"wpcf7 no-js\" id=\"wpcf7-f58-o1\" lang=\"en-US\" dir=\"ltr\" data-wpcf7-id=\"58\">\n<div class=\"screen-reader-response\"><p role=\"status\" aria-live=\"polite\" aria-atomic=\"true\"><\/p> <ul><\/ul><\/div>\n<form action=\"\/se\/wp-json\/wp\/v2\/pages\/2618#wpcf7-f58-o1\" method=\"post\" class=\"wpcf7-form init\" aria-label=\"Contact form\" novalidate=\"novalidate\" data-status=\"init\">\n<fieldset class=\"hidden-fields-container\"><input type=\"hidden\" name=\"_wpcf7\" value=\"58\" \/><input type=\"hidden\" name=\"_wpcf7_version\" value=\"6.1.4\" \/><input type=\"hidden\" name=\"_wpcf7_locale\" value=\"en_US\" \/><input type=\"hidden\" name=\"_wpcf7_unit_tag\" value=\"wpcf7-f58-o1\" \/><input type=\"hidden\" name=\"_wpcf7_container_post\" value=\"0\" \/><input type=\"hidden\" name=\"_wpcf7_posted_data_hash\" value=\"\" \/>\n<\/fieldset>\n<p><label> Namn (kr\u00e4vs)<br \/>\n<span class=\"wpcf7-form-control-wrap\" data-name=\"your-name\"><input size=\"40\" maxlength=\"400\" class=\"wpcf7-form-control wpcf7-text wpcf7-validates-as-required\" aria-required=\"true\" aria-invalid=\"false\" value=\"\" type=\"text\" name=\"your-name\" \/><\/span> <\/label>\n<\/p>\n<p><label>Telefonnummer<br \/>\n<span class=\"wpcf7-form-control-wrap\" data-name=\"tel-506\"><input size=\"40\" maxlength=\"400\" class=\"wpcf7-form-control wpcf7-tel wpcf7-validates-as-required wpcf7-text wpcf7-validates-as-tel\" aria-required=\"true\" aria-invalid=\"false\" value=\"\" type=\"tel\" name=\"tel-506\" \/><\/span><\/label>\n<\/p>\n<p><label> E-postadress (kr\u00e4vs)<br \/>\n<span class=\"wpcf7-form-control-wrap\" data-name=\"your-email\"><input size=\"40\" maxlength=\"400\" class=\"wpcf7-form-control wpcf7-email wpcf7-validates-as-required wpcf7-text wpcf7-validates-as-email\" aria-required=\"true\" aria-invalid=\"false\" value=\"\" type=\"email\" name=\"your-email\" \/><\/span> <\/label>\n<\/p>\n<p><label> \u00c4mne<br \/>\n<span class=\"wpcf7-form-control-wrap\" data-name=\"your-subject\"><input size=\"40\" maxlength=\"400\" class=\"wpcf7-form-control wpcf7-text\" aria-invalid=\"false\" value=\"\" type=\"text\" name=\"your-subject\" \/><\/span> <\/label>\n<\/p>\n<p><label> Meddelande<br \/>\n<span class=\"wpcf7-form-control-wrap\" data-name=\"your-message\"><textarea cols=\"40\" rows=\"10\" maxlength=\"2000\" class=\"wpcf7-form-control wpcf7-textarea\" aria-invalid=\"false\" name=\"your-message\"><\/textarea><\/span> <\/label>\n<\/p>\n<p><input class=\"wpcf7-form-control wpcf7-submit has-spinner\" type=\"submit\" value=\"Skicka\" \/><br \/>\n<span id=\"wpcf7-69e476a740006-wrapper\" class=\"wpcf7-form-control-wrap hp-email-confirm-wrap\" ><input type=\"hidden\" name=\"hp-email-confirm-time-start\" value=\"1776580263\"><input type=\"hidden\" name=\"hp-email-confirm-time-check\" value=\"4\"><label for=\"wpcf7-69e476a740006-field\" class=\"hp-message\">Please leave this field empty.<\/label><input id=\"wpcf7-69e476a740006-field\"  class=\"wpcf7-form-control wpcf7-text\" type=\"text\" name=\"hp-email-confirm\" value=\"\" size=\"40\" tabindex=\"-1\" autocomplete=\"off\" \/><\/span>\n<\/p><input type='hidden' class='wpcf7-pum' value='{\"closepopup\":false,\"closedelay\":0,\"openpopup\":false,\"openpopup_id\":0}' \/><div class=\"wpcf7-response-output\" aria-hidden=\"true\"><\/div>\n<\/form>\n<\/div>\n\n","protected":false},"excerpt":{"rendered":"<p>Kontakta oss g\u00e4rna med kontaktformul\u00e4ret p\u00e5 denna sida, s\u00e5 kommer vi tillbaka s\u00e5 snabbt som m\u00f6jligt. Om du redan har [&#8230;]<\/p>\n<p><a class=\"btn btn-secondary understrap-read-more-link\" href=\"https:\/\/auvisa.org\/se\/kontakt\/\">L\u00e4s mer \u2026<span class=\"screen-reader-text\"> from Kontakta oss<\/span><\/a><\/p>\n","protected":false},"author":4,"featured_media":0,"parent":0,"menu_order":0,"comment_status":"open","ping_status":"closed","template":"","meta":{"inline_featured_image":false,"footnotes":""},"class_list":["post-2618","page","type-page","status-publish","hentry"],"yoast_head":"<!-- This site is optimized with the Yoast SEO plugin v26.9 - https:\/\/yoast.com\/product\/yoast-seo-wordpress\/ -->\n<title>Kontakta oss - Auvisa.org by Visa &amp; Immigration Services LTD<\/title>\n<meta name=\"description\" content=\"Kontakta oss - Auvisa.org by Visa &amp; Immigration Services LTD\" \/>\n<meta name=\"robots\" content=\"index, follow, max-snippet:-1, max-image-preview:large, max-video-preview:-1\" \/>\n<link rel=\"canonical\" href=\"https:\/\/auvisa.org\/se\/kontakt\/\" \/>\n<meta property=\"og:locale\" content=\"sv_SE\" \/>\n<meta property=\"og:type\" content=\"article\" \/>\n<meta property=\"og:title\" content=\"Kontakta oss - Auvisa.org by Visa &amp; Immigration Services LTD\" \/>\n<meta property=\"og:description\" content=\"Kontakta oss - Auvisa.org by Visa &amp; Immigration Services LTD\" \/>\n<meta property=\"og:url\" content=\"https:\/\/auvisa.org\/se\/kontakt\/\" \/>\n<meta property=\"og:site_name\" content=\"Auvisa.org\" \/>\n<meta property=\"article:modified_time\" content=\"2023-08-11T12:25:50+00:00\" \/>\n<meta name=\"twitter:card\" content=\"summary_large_image\" \/>\n<meta name=\"twitter:label1\" content=\"Ber\u00e4knad l\u00e4stid\" \/>\n\t<meta name=\"twitter:data1\" content=\"1 minut\" \/>\n<script type=\"application\/ld+json\" class=\"yoast-schema-graph\">{\"@context\":\"https:\/\/schema.org\",\"@graph\":[{\"@type\":\"WebPage\",\"@id\":\"https:\/\/auvisa.org\/se\/kontakt\/\",\"url\":\"https:\/\/auvisa.org\/se\/kontakt\/\",\"name\":\"Kontakta oss - Auvisa.org by Visa & Immigration Services LTD\",\"isPartOf\":{\"@id\":\"https:\/\/auvisa.org\/se\/#website\"},\"datePublished\":\"2011-12-20T19:52:02+00:00\",\"dateModified\":\"2023-08-11T12:25:50+00:00\",\"description\":\"Kontakta oss - Auvisa.org by Visa & Immigration Services LTD\",\"breadcrumb\":{\"@id\":\"https:\/\/auvisa.org\/se\/kontakt\/#breadcrumb\"},\"inLanguage\":\"sv-SE\",\"potentialAction\":[{\"@type\":\"ReadAction\",\"target\":[\"https:\/\/auvisa.org\/se\/kontakt\/\"]}]},{\"@type\":\"BreadcrumbList\",\"@id\":\"https:\/\/auvisa.org\/se\/kontakt\/#breadcrumb\",\"itemListElement\":[{\"@type\":\"ListItem\",\"position\":1,\"name\":\"Home\",\"item\":\"https:\/\/auvisa.org\/se\/\"},{\"@type\":\"ListItem\",\"position\":2,\"name\":\"Kontakta oss\"}]},{\"@type\":\"WebSite\",\"@id\":\"https:\/\/auvisa.org\/se\/#website\",\"url\":\"https:\/\/auvisa.org\/se\/\",\"name\":\"Auvisa.org\",\"description\":\"\",\"inLanguage\":\"sv-SE\"}]}<\/script>\n<!-- \/ Yoast SEO plugin. -->","yoast_head_json":{"title":"Kontakta oss - Auvisa.org by Visa & Immigration Services LTD","description":"Kontakta oss - Auvisa.org by Visa & Immigration Services LTD","robots":{"index":"index","follow":"follow","max-snippet":"max-snippet:-1","max-image-preview":"max-image-preview:large","max-video-preview":"max-video-preview:-1"},"canonical":"https:\/\/auvisa.org\/se\/kontakt\/","og_locale":"sv_SE","og_type":"article","og_title":"Kontakta oss - Auvisa.org by Visa & Immigration Services LTD","og_description":"Kontakta oss - Auvisa.org by Visa & Immigration Services LTD","og_url":"https:\/\/auvisa.org\/se\/kontakt\/","og_site_name":"Auvisa.org","article_modified_time":"2023-08-11T12:25:50+00:00","twitter_card":"summary_large_image","twitter_misc":{"Ber\u00e4knad l\u00e4stid":"1 minut"},"schema":{"@context":"https:\/\/schema.org","@graph":[{"@type":"WebPage","@id":"https:\/\/auvisa.org\/se\/kontakt\/","url":"https:\/\/auvisa.org\/se\/kontakt\/","name":"Kontakta oss - Auvisa.org by Visa & Immigration Services LTD","isPartOf":{"@id":"https:\/\/auvisa.org\/se\/#website"},"datePublished":"2011-12-20T19:52:02+00:00","dateModified":"2023-08-11T12:25:50+00:00","description":"Kontakta oss - Auvisa.org by Visa & Immigration Services LTD","breadcrumb":{"@id":"https:\/\/auvisa.org\/se\/kontakt\/#breadcrumb"},"inLanguage":"sv-SE","potentialAction":[{"@type":"ReadAction","target":["https:\/\/auvisa.org\/se\/kontakt\/"]}]},{"@type":"BreadcrumbList","@id":"https:\/\/auvisa.org\/se\/kontakt\/#breadcrumb","itemListElement":[{"@type":"ListItem","position":1,"name":"Home","item":"https:\/\/auvisa.org\/se\/"},{"@type":"ListItem","position":2,"name":"Kontakta oss"}]},{"@type":"WebSite","@id":"https:\/\/auvisa.org\/se\/#website","url":"https:\/\/auvisa.org\/se\/","name":"Auvisa.org","description":"","inLanguage":"sv-SE"}]}},"_links":{"self":[{"href":"https:\/\/auvisa.org\/se\/wp-json\/wp\/v2\/pages\/2618","targetHints":{"allow":["GET"]}}],"collection":[{"href":"https:\/\/auvisa.org\/se\/wp-json\/wp\/v2\/pages"}],"about":[{"href":"https:\/\/auvisa.org\/se\/wp-json\/wp\/v2\/types\/page"}],"author":[{"embeddable":true,"href":"https:\/\/auvisa.org\/se\/wp-json\/wp\/v2\/users\/4"}],"replies":[{"embeddable":true,"href":"https:\/\/auvisa.org\/se\/wp-json\/wp\/v2\/comments?post=2618"}],"version-history":[{"count":3,"href":"https:\/\/auvisa.org\/se\/wp-json\/wp\/v2\/pages\/2618\/revisions"}],"predecessor-version":[{"id":17425,"href":"https:\/\/auvisa.org\/se\/wp-json\/wp\/v2\/pages\/2618\/revisions\/17425"}],"wp:attachment":[{"href":"https:\/\/auvisa.org\/se\/wp-json\/wp\/v2\/media?parent=2618"}],"curies":[{"name":"wp","href":"https:\/\/api.w.org\/{rel}","templated":true}]}}