{"id":2630,"date":"2020-05-12T16:28:46","date_gmt":"2020-05-12T16:28:46","guid":{"rendered":"https:\/\/auvisa.org\/se\/?page_id=2630"},"modified":"2020-05-13T15:47:32","modified_gmt":"2020-05-13T15:47:32","slug":"second-working-holiday-visa-sverige","status":"publish","type":"page","link":"https:\/\/auvisa.org\/se\/second-working-holiday-visa-sverige\/","title":{"rendered":"Andra Working Holiday Visum till Australien f\u00f6r Svenskar"},"content":{"rendered":"\n<h3 class=\"wp-block-heading\" id=\"first-paragraph\"><strong>Mer information om Andra Working Holiday visum<\/strong><\/h3>\n\n\n\n<p>Du kan ans\u00f6ka om ett andra visum f\u00f6r jobb och semester om du uppfyller vissa krav:<\/p>\n\n\n\n<ul class=\"wp-block-list\"><li>De krav som st\u00e4lls f\u00f6r det <a href=\"\/se\/working-holiday-visum-australien\/\" class=\"aioseop-link\">f\u00f6rsta visumet f\u00f6r Working Holiday<\/a>, plus:<ul><li>har uppfyllt alla villkor f\u00f6r ditt f\u00f6rsta WH-visum<\/li><\/ul><ul><li>har inte tidigare&nbsp;haft&nbsp;mer \u00e4n ett visum f\u00f6r Working Holiday<\/li><\/ul><ul><li>har avslutat tre m\u00e5nader med&nbsp;specificerat arbete&nbsp;i regionala&nbsp;omr\u00e5den i&nbsp;Australien medan du hade ditt f\u00f6rsta visum f\u00f6r Working Holiday.&nbsp;&nbsp;<\/li><\/ul><\/li><\/ul>\n\n\n\n<p>Om du f\u00f6r n\u00e4rvarande \u00e4r i Australien p\u00e5 ditt f\u00f6rsta Working Holiday- visum och vill stanna kvar i landet, b\u00f6r du&nbsp;<strong>ans\u00f6ka om det andra Working Holiday &#8211; visum innan det f\u00f6rsta l\u00f6per ut&nbsp;<\/strong>.&nbsp;<\/p>\n\n\n\n<p>&#8221;&nbsp;Specificerat arbete&nbsp;&#8221;&nbsp;\u00e4r arbete som utf\u00f6rs inom&nbsp;<strong>en grupp av specificerade jobb eller branscher och regioner<\/strong>, inklusive:&nbsp;<\/p>\n\n\n\n<ul class=\"wp-block-list\"><li><strong>Fiske och p\u00e4rlfiske&nbsp;<\/strong>i norra Australien<\/li><li><strong>Tr\u00e4dodling&nbsp;<\/strong>och avverkning i norra Australien<\/li><li><strong>Turism och g\u00e4stfrihet&nbsp;<\/strong>i norra Australien<\/li><li><strong>Jordbruk och djurh\u00e5llning&nbsp;<\/strong>i norra Australien och andra specificerade regioner<\/li><\/ul>\n\n\n\n<p>Mer information om specifika jobb kan hittas i&nbsp;<a href=\"\/se\/working-holiday-visum-australien\/#specificerat\" class=\"aioseop-link\">avsnittet om<\/a> Working Holiday&nbsp;.&nbsp;<\/p>\n\n\n\n<div class=\"text-right\"><a href=\"\/se\/visa-workingsecond\/\" class=\"btn  px-5 btn-green\">Ans\u00f6k om Andra WHV visum<\/a><\/div>\n","protected":false},"excerpt":{"rendered":"<p>Mer information om Andra Working Holiday visum Du kan ans\u00f6ka om ett andra visum f\u00f6r jobb och semester om du [&#8230;]<\/p>\n<p><a class=\"btn btn-secondary understrap-read-more-link\" href=\"https:\/\/auvisa.org\/se\/second-working-holiday-visa-sverige\/\">L\u00e4s mer \u2026<span class=\"screen-reader-text\"> from Andra Working Holiday Visum till Australien f\u00f6r Svenskar<\/span><\/a><\/p>\n","protected":false},"author":5,"featured_media":0,"parent":0,"menu_order":5,"comment_status":"closed","ping_status":"closed","template":"templates\/tpl_spiegazione.php","meta":{"inline_featured_image":false,"footnotes":""},"class_list":["post-2630","page","type-page","status-publish","hentry"],"yoast_head":"<!-- This site is optimized with the Yoast SEO plugin v26.9 - https:\/\/yoast.com\/product\/yoast-seo-wordpress\/ -->\n<title>Andra Working Holiday Visum till Australien f\u00f6r Svenskar<\/title>\n<meta name=\"description\" content=\"Ett andra Working Holiday visum \u00e4r f\u00f6r dem som har beviljats ett f\u00f6rsta Working Holiday-visum och vill f\u00f6rl\u00e4nga sin vistelse i Australien. Ans\u00f6k online.\" \/>\n<meta name=\"robots\" content=\"index, follow, max-snippet:-1, max-image-preview:large, max-video-preview:-1\" \/>\n<link rel=\"canonical\" href=\"https:\/\/auvisa.org\/se\/second-working-holiday-visa-sverige\/\" \/>\n<meta property=\"og:locale\" content=\"sv_SE\" \/>\n<meta property=\"og:type\" content=\"article\" \/>\n<meta property=\"og:title\" content=\"Andra Working Holiday Visum till Australien f\u00f6r Svenskar\" \/>\n<meta property=\"og:description\" content=\"Ett andra Working Holiday visum \u00e4r f\u00f6r dem som har beviljats ett f\u00f6rsta Working Holiday-visum och vill f\u00f6rl\u00e4nga sin vistelse i Australien. Ans\u00f6k online.\" \/>\n<meta property=\"og:url\" content=\"https:\/\/auvisa.org\/se\/second-working-holiday-visa-sverige\/\" \/>\n<meta property=\"og:site_name\" content=\"Auvisa.org\" \/>\n<meta property=\"article:modified_time\" content=\"2020-05-13T15:47:32+00:00\" \/>\n<meta name=\"twitter:card\" content=\"summary_large_image\" \/>\n<meta name=\"twitter:label1\" content=\"Ber\u00e4knad l\u00e4stid\" \/>\n\t<meta name=\"twitter:data1\" content=\"1 minut\" \/>\n<script type=\"application\/ld+json\" class=\"yoast-schema-graph\">{\"@context\":\"https:\/\/schema.org\",\"@graph\":[{\"@type\":\"WebPage\",\"@id\":\"https:\/\/auvisa.org\/se\/second-working-holiday-visa-sverige\/\",\"url\":\"https:\/\/auvisa.org\/se\/second-working-holiday-visa-sverige\/\",\"name\":\"Andra Working Holiday Visum till Australien f\u00f6r Svenskar\",\"isPartOf\":{\"@id\":\"https:\/\/auvisa.org\/se\/#website\"},\"datePublished\":\"2020-05-12T16:28:46+00:00\",\"dateModified\":\"2020-05-13T15:47:32+00:00\",\"description\":\"Ett andra Working Holiday visum \u00e4r f\u00f6r dem som har beviljats ett f\u00f6rsta Working Holiday-visum och vill f\u00f6rl\u00e4nga sin vistelse i Australien. Ans\u00f6k online.\",\"breadcrumb\":{\"@id\":\"https:\/\/auvisa.org\/se\/second-working-holiday-visa-sverige\/#breadcrumb\"},\"inLanguage\":\"sv-SE\",\"potentialAction\":[{\"@type\":\"ReadAction\",\"target\":[\"https:\/\/auvisa.org\/se\/second-working-holiday-visa-sverige\/\"]}]},{\"@type\":\"BreadcrumbList\",\"@id\":\"https:\/\/auvisa.org\/se\/second-working-holiday-visa-sverige\/#breadcrumb\",\"itemListElement\":[{\"@type\":\"ListItem\",\"position\":1,\"name\":\"Home\",\"item\":\"https:\/\/auvisa.org\/se\/\"},{\"@type\":\"ListItem\",\"position\":2,\"name\":\"Andra Working Holiday Visum till Australien f\u00f6r Svenskar\"}]},{\"@type\":\"WebSite\",\"@id\":\"https:\/\/auvisa.org\/se\/#website\",\"url\":\"https:\/\/auvisa.org\/se\/\",\"name\":\"Auvisa.org\",\"description\":\"\",\"inLanguage\":\"sv-SE\"}]}<\/script>\n<!-- \/ Yoast SEO plugin. -->","yoast_head_json":{"title":"Andra Working Holiday Visum till Australien f\u00f6r Svenskar","description":"Ett andra Working Holiday visum \u00e4r f\u00f6r dem som har beviljats ett f\u00f6rsta Working Holiday-visum och vill f\u00f6rl\u00e4nga sin vistelse i Australien. Ans\u00f6k online.","robots":{"index":"index","follow":"follow","max-snippet":"max-snippet:-1","max-image-preview":"max-image-preview:large","max-video-preview":"max-video-preview:-1"},"canonical":"https:\/\/auvisa.org\/se\/second-working-holiday-visa-sverige\/","og_locale":"sv_SE","og_type":"article","og_title":"Andra Working Holiday Visum till Australien f\u00f6r Svenskar","og_description":"Ett andra Working Holiday visum \u00e4r f\u00f6r dem som har beviljats ett f\u00f6rsta Working Holiday-visum och vill f\u00f6rl\u00e4nga sin vistelse i Australien. Ans\u00f6k online.","og_url":"https:\/\/auvisa.org\/se\/second-working-holiday-visa-sverige\/","og_site_name":"Auvisa.org","article_modified_time":"2020-05-13T15:47:32+00:00","twitter_card":"summary_large_image","twitter_misc":{"Ber\u00e4knad l\u00e4stid":"1 minut"},"schema":{"@context":"https:\/\/schema.org","@graph":[{"@type":"WebPage","@id":"https:\/\/auvisa.org\/se\/second-working-holiday-visa-sverige\/","url":"https:\/\/auvisa.org\/se\/second-working-holiday-visa-sverige\/","name":"Andra Working Holiday Visum till Australien f\u00f6r Svenskar","isPartOf":{"@id":"https:\/\/auvisa.org\/se\/#website"},"datePublished":"2020-05-12T16:28:46+00:00","dateModified":"2020-05-13T15:47:32+00:00","description":"Ett andra Working Holiday visum \u00e4r f\u00f6r dem som har beviljats ett f\u00f6rsta Working Holiday-visum och vill f\u00f6rl\u00e4nga sin vistelse i Australien. Ans\u00f6k online.","breadcrumb":{"@id":"https:\/\/auvisa.org\/se\/second-working-holiday-visa-sverige\/#breadcrumb"},"inLanguage":"sv-SE","potentialAction":[{"@type":"ReadAction","target":["https:\/\/auvisa.org\/se\/second-working-holiday-visa-sverige\/"]}]},{"@type":"BreadcrumbList","@id":"https:\/\/auvisa.org\/se\/second-working-holiday-visa-sverige\/#breadcrumb","itemListElement":[{"@type":"ListItem","position":1,"name":"Home","item":"https:\/\/auvisa.org\/se\/"},{"@type":"ListItem","position":2,"name":"Andra Working Holiday Visum till Australien f\u00f6r Svenskar"}]},{"@type":"WebSite","@id":"https:\/\/auvisa.org\/se\/#website","url":"https:\/\/auvisa.org\/se\/","name":"Auvisa.org","description":"","inLanguage":"sv-SE"}]}},"_links":{"self":[{"href":"https:\/\/auvisa.org\/se\/wp-json\/wp\/v2\/pages\/2630","targetHints":{"allow":["GET"]}}],"collection":[{"href":"https:\/\/auvisa.org\/se\/wp-json\/wp\/v2\/pages"}],"about":[{"href":"https:\/\/auvisa.org\/se\/wp-json\/wp\/v2\/types\/page"}],"author":[{"embeddable":true,"href":"https:\/\/auvisa.org\/se\/wp-json\/wp\/v2\/users\/5"}],"replies":[{"embeddable":true,"href":"https:\/\/auvisa.org\/se\/wp-json\/wp\/v2\/comments?post=2630"}],"version-history":[{"count":21,"href":"https:\/\/auvisa.org\/se\/wp-json\/wp\/v2\/pages\/2630\/revisions"}],"predecessor-version":[{"id":2834,"href":"https:\/\/auvisa.org\/se\/wp-json\/wp\/v2\/pages\/2630\/revisions\/2834"}],"wp:attachment":[{"href":"https:\/\/auvisa.org\/se\/wp-json\/wp\/v2\/media?parent=2630"}],"curies":[{"name":"wp","href":"https:\/\/api.w.org\/{rel}","templated":true}]}}