{"id":2641,"date":"2020-05-12T16:41:31","date_gmt":"2020-05-12T16:41:31","guid":{"rendered":"https:\/\/auvisa.org\/se\/?page_id=2641"},"modified":"2020-05-13T14:55:43","modified_gmt":"2020-05-13T14:55:43","slug":"australiskt-visum-for-tillfalligt-arbete-sverige","status":"publish","type":"page","link":"https:\/\/auvisa.org\/se\/australiskt-visum-for-tillfalligt-arbete-sverige\/","title":{"rendered":"Australiskt visum f\u00f6r tillf\u00e4lligt arbete ( Sverige )"},"content":{"rendered":"\n<h2 class=\"wp-block-heading\" id=\"first-paragraph\">Tillf\u00e4lligt arbetsvisum &#8211; Temporary work visa<\/h2>\n\n\n\n<p>Temporary work visa \u00e4r f\u00f6r personer som ska \u00e5ka till Australien f\u00f6r att utf\u00f6ra tillf\u00e4lligt arbete. <\/p>\n\n\n\n<p><strong>Visumet kan beviljas f\u00f6r upp till tre m\u00e5nader.<\/strong><\/p>\n\n\n\n<p>Du kan ans\u00f6ka om detta visum om:<\/p>\n\n\n\n<ul class=\"wp-block-list\"><li>Du \u00e4r utanf\u00f6r Australien<\/li><li>Du ska utf\u00f6ra <strong>kortvarigt, specialiserat, tillf\u00e4lligt arbete, eller<\/strong><\/li><li>Du kommer deltaga i <strong>kulturella eller sociala aktiviteter, eller<\/strong><\/li><li>Du kommer deltaga i en <strong>aktivitet eller arbete som fr\u00e4mjar Australiens intressen<\/strong><\/li><\/ul>\n\n\n\n<p>F\u00f6r att kunna ans\u00f6ka om tillf\u00e4lligt arbetsvisum beh\u00f6ver du <strong>bjudas in av f\u00f6retaget\/organisationen du ska arbeta \u00e5t<\/strong>. <\/p>\n\n\n\n<p>Du beh\u00f6ver ocks\u00e5 ha personliga egenskaper och bakgrund l\u00e4mpligt f\u00f6r jobbet. Du kommer beh\u00f6va bifoga olika dokument som underlag till din visumans\u00f6kan.<\/p>\n","protected":false},"excerpt":{"rendered":"<p>Tillf\u00e4lligt arbetsvisum &#8211; Temporary work visa Temporary work visa \u00e4r f\u00f6r personer som ska \u00e5ka till Australien f\u00f6r att utf\u00f6ra [&#8230;]<\/p>\n<p><a class=\"btn btn-secondary understrap-read-more-link\" href=\"https:\/\/auvisa.org\/se\/australiskt-visum-for-tillfalligt-arbete-sverige\/\">L\u00e4s mer \u2026<span class=\"screen-reader-text\"> from Australiskt visum f\u00f6r tillf\u00e4lligt arbete ( Sverige )<\/span><\/a><\/p>\n","protected":false},"author":5,"featured_media":0,"parent":0,"menu_order":20,"comment_status":"closed","ping_status":"closed","template":"templates\/tpl_spiegazione.php","meta":{"inline_featured_image":false,"footnotes":""},"class_list":["post-2641","page","type-page","status-publish","hentry"],"yoast_head":"<!-- This site is optimized with the Yoast SEO plugin v26.9 - https:\/\/yoast.com\/product\/yoast-seo-wordpress\/ -->\n<title>Australiskt Tillf\u00e4lligt Arbetsvisum (Sverige ): Ans\u00f6k online nu<\/title>\n<meta name=\"description\" content=\"Ett australiskt visum f\u00f6r tillf\u00e4lligt arbete (underklass 400) \u00e4r till f\u00f6r svenska medborgare som ska \u00e5ka till Australien f\u00f6r att g\u00f6ra h\u00f6gt specialiserat tillf\u00e4lligt arbete. Ans\u00f6k online.\" \/>\n<meta name=\"robots\" content=\"index, follow, max-snippet:-1, max-image-preview:large, max-video-preview:-1\" \/>\n<link rel=\"canonical\" href=\"https:\/\/auvisa.org\/se\/australiskt-visum-for-tillfalligt-arbete-sverige\/\" \/>\n<meta property=\"og:locale\" content=\"sv_SE\" \/>\n<meta property=\"og:type\" content=\"article\" \/>\n<meta property=\"og:title\" content=\"Australiskt Tillf\u00e4lligt Arbetsvisum (Sverige ): Ans\u00f6k online nu\" \/>\n<meta property=\"og:description\" content=\"Ett australiskt visum f\u00f6r tillf\u00e4lligt arbete (underklass 400) \u00e4r till f\u00f6r svenska medborgare som ska \u00e5ka till Australien f\u00f6r att g\u00f6ra h\u00f6gt specialiserat tillf\u00e4lligt arbete. Ans\u00f6k online.\" \/>\n<meta property=\"og:url\" content=\"https:\/\/auvisa.org\/se\/australiskt-visum-for-tillfalligt-arbete-sverige\/\" \/>\n<meta property=\"og:site_name\" content=\"Auvisa.org\" \/>\n<meta property=\"article:modified_time\" content=\"2020-05-13T14:55:43+00:00\" \/>\n<meta name=\"twitter:card\" content=\"summary_large_image\" \/>\n<meta name=\"twitter:label1\" content=\"Ber\u00e4knad l\u00e4stid\" \/>\n\t<meta name=\"twitter:data1\" content=\"1 minut\" \/>\n<script type=\"application\/ld+json\" class=\"yoast-schema-graph\">{\"@context\":\"https:\/\/schema.org\",\"@graph\":[{\"@type\":\"WebPage\",\"@id\":\"https:\/\/auvisa.org\/se\/australiskt-visum-for-tillfalligt-arbete-sverige\/\",\"url\":\"https:\/\/auvisa.org\/se\/australiskt-visum-for-tillfalligt-arbete-sverige\/\",\"name\":\"Australiskt Tillf\u00e4lligt Arbetsvisum (Sverige ): Ans\u00f6k online nu\",\"isPartOf\":{\"@id\":\"https:\/\/auvisa.org\/se\/#website\"},\"datePublished\":\"2020-05-12T16:41:31+00:00\",\"dateModified\":\"2020-05-13T14:55:43+00:00\",\"description\":\"Ett australiskt visum f\u00f6r tillf\u00e4lligt arbete (underklass 400) \u00e4r till f\u00f6r svenska medborgare som ska \u00e5ka till Australien f\u00f6r att g\u00f6ra h\u00f6gt specialiserat tillf\u00e4lligt arbete. Ans\u00f6k online.\",\"breadcrumb\":{\"@id\":\"https:\/\/auvisa.org\/se\/australiskt-visum-for-tillfalligt-arbete-sverige\/#breadcrumb\"},\"inLanguage\":\"sv-SE\",\"potentialAction\":[{\"@type\":\"ReadAction\",\"target\":[\"https:\/\/auvisa.org\/se\/australiskt-visum-for-tillfalligt-arbete-sverige\/\"]}]},{\"@type\":\"BreadcrumbList\",\"@id\":\"https:\/\/auvisa.org\/se\/australiskt-visum-for-tillfalligt-arbete-sverige\/#breadcrumb\",\"itemListElement\":[{\"@type\":\"ListItem\",\"position\":1,\"name\":\"Home\",\"item\":\"https:\/\/auvisa.org\/se\/\"},{\"@type\":\"ListItem\",\"position\":2,\"name\":\"Australiskt visum f\u00f6r tillf\u00e4lligt arbete ( Sverige )\"}]},{\"@type\":\"WebSite\",\"@id\":\"https:\/\/auvisa.org\/se\/#website\",\"url\":\"https:\/\/auvisa.org\/se\/\",\"name\":\"Auvisa.org\",\"description\":\"\",\"inLanguage\":\"sv-SE\"}]}<\/script>\n<!-- \/ Yoast SEO plugin. -->","yoast_head_json":{"title":"Australiskt Tillf\u00e4lligt Arbetsvisum (Sverige ): Ans\u00f6k online nu","description":"Ett australiskt visum f\u00f6r tillf\u00e4lligt arbete (underklass 400) \u00e4r till f\u00f6r svenska medborgare som ska \u00e5ka till Australien f\u00f6r att g\u00f6ra h\u00f6gt specialiserat tillf\u00e4lligt arbete. Ans\u00f6k online.","robots":{"index":"index","follow":"follow","max-snippet":"max-snippet:-1","max-image-preview":"max-image-preview:large","max-video-preview":"max-video-preview:-1"},"canonical":"https:\/\/auvisa.org\/se\/australiskt-visum-for-tillfalligt-arbete-sverige\/","og_locale":"sv_SE","og_type":"article","og_title":"Australiskt Tillf\u00e4lligt Arbetsvisum (Sverige ): Ans\u00f6k online nu","og_description":"Ett australiskt visum f\u00f6r tillf\u00e4lligt arbete (underklass 400) \u00e4r till f\u00f6r svenska medborgare som ska \u00e5ka till Australien f\u00f6r att g\u00f6ra h\u00f6gt specialiserat tillf\u00e4lligt arbete. Ans\u00f6k online.","og_url":"https:\/\/auvisa.org\/se\/australiskt-visum-for-tillfalligt-arbete-sverige\/","og_site_name":"Auvisa.org","article_modified_time":"2020-05-13T14:55:43+00:00","twitter_card":"summary_large_image","twitter_misc":{"Ber\u00e4knad l\u00e4stid":"1 minut"},"schema":{"@context":"https:\/\/schema.org","@graph":[{"@type":"WebPage","@id":"https:\/\/auvisa.org\/se\/australiskt-visum-for-tillfalligt-arbete-sverige\/","url":"https:\/\/auvisa.org\/se\/australiskt-visum-for-tillfalligt-arbete-sverige\/","name":"Australiskt Tillf\u00e4lligt Arbetsvisum (Sverige ): Ans\u00f6k online nu","isPartOf":{"@id":"https:\/\/auvisa.org\/se\/#website"},"datePublished":"2020-05-12T16:41:31+00:00","dateModified":"2020-05-13T14:55:43+00:00","description":"Ett australiskt visum f\u00f6r tillf\u00e4lligt arbete (underklass 400) \u00e4r till f\u00f6r svenska medborgare som ska \u00e5ka till Australien f\u00f6r att g\u00f6ra h\u00f6gt specialiserat tillf\u00e4lligt arbete. Ans\u00f6k online.","breadcrumb":{"@id":"https:\/\/auvisa.org\/se\/australiskt-visum-for-tillfalligt-arbete-sverige\/#breadcrumb"},"inLanguage":"sv-SE","potentialAction":[{"@type":"ReadAction","target":["https:\/\/auvisa.org\/se\/australiskt-visum-for-tillfalligt-arbete-sverige\/"]}]},{"@type":"BreadcrumbList","@id":"https:\/\/auvisa.org\/se\/australiskt-visum-for-tillfalligt-arbete-sverige\/#breadcrumb","itemListElement":[{"@type":"ListItem","position":1,"name":"Home","item":"https:\/\/auvisa.org\/se\/"},{"@type":"ListItem","position":2,"name":"Australiskt visum f\u00f6r tillf\u00e4lligt arbete ( Sverige )"}]},{"@type":"WebSite","@id":"https:\/\/auvisa.org\/se\/#website","url":"https:\/\/auvisa.org\/se\/","name":"Auvisa.org","description":"","inLanguage":"sv-SE"}]}},"_links":{"self":[{"href":"https:\/\/auvisa.org\/se\/wp-json\/wp\/v2\/pages\/2641","targetHints":{"allow":["GET"]}}],"collection":[{"href":"https:\/\/auvisa.org\/se\/wp-json\/wp\/v2\/pages"}],"about":[{"href":"https:\/\/auvisa.org\/se\/wp-json\/wp\/v2\/types\/page"}],"author":[{"embeddable":true,"href":"https:\/\/auvisa.org\/se\/wp-json\/wp\/v2\/users\/5"}],"replies":[{"embeddable":true,"href":"https:\/\/auvisa.org\/se\/wp-json\/wp\/v2\/comments?post=2641"}],"version-history":[{"count":10,"href":"https:\/\/auvisa.org\/se\/wp-json\/wp\/v2\/pages\/2641\/revisions"}],"predecessor-version":[{"id":2807,"href":"https:\/\/auvisa.org\/se\/wp-json\/wp\/v2\/pages\/2641\/revisions\/2807"}],"wp:attachment":[{"href":"https:\/\/auvisa.org\/se\/wp-json\/wp\/v2\/media?parent=2641"}],"curies":[{"name":"wp","href":"https:\/\/api.w.org\/{rel}","templated":true}]}}