{"id":689,"date":"2015-06-20T11:00:22","date_gmt":"2015-06-20T11:00:22","guid":{"rendered":"https:\/\/auvisa.org\/?p=689"},"modified":"2020-05-13T16:09:08","modified_gmt":"2020-05-13T16:09:08","slug":"studentvisum-till-australien","status":"publish","type":"page","link":"https:\/\/auvisa.org\/se\/studentvisum-till-australien\/","title":{"rendered":"Studentvisum till Australien fr\u00e5n Sverige"},"content":{"rendered":"<h2 id=\"first-paragraph\">Australiskt Studentvisum FAQs (svenska studenter)<\/h2>\n<h3>Vad \u00e4r en genuin student?<\/h3>\n<p>F\u00f6r att uppfylla detta krav beh\u00f6ver du kunna visa att du har ett giltigt och trov\u00e4rdigt sk\u00e4l till att studera i Australien. Du m\u00e5ste kunna beh\u00e4rska det engelska spr\u00e5ket, och du beh\u00f6ver ha r\u00e4tt studiebakgrund relevanta f\u00f6r de studier du t\u00e4nker bedriva i Australien.<\/p>\n<p>Du beh\u00f6ver \u00e4ven ha din ekonomi i ordning. Du m\u00e5ste dessutom ha f\u00f6r avsikt att f\u00f6lja alla lagar och regler i landet inkluderat villkoren f\u00f6r ditt visum.<\/p>\n<div class=\"text-right\"><a href=\"\/se\/visa-student\/\" class=\"btn  px-5 btn-green\">Ans\u00f6k om Studentvisum<\/a><\/div>\n<h3>Vad \u00e4r en genuint tillf\u00e4llig bes\u00f6kare?<\/h3>\n<p>En genuint tillf\u00e4llig bes\u00f6kare \u00e4r en person som har f\u00f6r avsikt att \u00e5ka till Australien tillf\u00e4lligt i syfte att studera (eller vara v\u00e5rdnadshavare\/m\u00e5lsman till en student), och sedan \u00e5terv\u00e4nda till hemlandet.<\/p>\n<p>Det finns ett antal faktorer som beaktas:<\/p>\n<ul>\n<li>Landet du kommer fr\u00e5n. Finns det n\u00e5got som hindrar dig att \u00e5terv\u00e4nda?<\/li>\n<li>\u00c4r studierna i Australien verkligen till nytta f\u00f6r dig och din framtid?<\/li>\n<li>Din historik g\u00e4llande resande och migration.<\/li>\n<li>\u00d6vriga relevanta faktorer.<\/li>\n<\/ul>\n<p>Om det finns n\u00e5gra tvivel kan du beh\u00f6va kallas till intervju personligen, vid din n\u00e4rmaste australiska ambassad. F\u00f6r de allra flesta ans\u00f6kningarna r\u00e4cker det dock att fylla i <a href=\"\/se\/visa-student\/\"><strong>ans\u00f6kningsformul\u00e4ret online<\/strong><\/a> f\u00f6r att bli beviljad visum.<\/p>\n<div class=\"text-right\"><a href=\"\/se\/visa-student\/\" class=\"btn  px-5 btn-green\">Ans\u00f6k om Studentvisum<\/a><\/div>\n<h3>Vad \u00e4r god karakt\u00e4r?<\/h3>\n<p>Kort sagt s\u00e5 ska du inte vara kriminell och ska inte ha suttit i f\u00e4ngelse. Om du har suttit i f\u00e4ngelse kan ditt visum nekas av den anledningen. I vissa fall kan du beh\u00f6va bifoga ett utdrag fr\u00e5n polisens belastningsregister.<\/p>\n<div class=\"text-right\"><a href=\"\/se\/visa-student\/\" class=\"btn  px-5 btn-green\">Ans\u00f6k om Studentvisum<\/a><\/div>\n<h3>Vilka \u00e4r h\u00e4lsokraven?<\/h3>\n<p>Du beh\u00f6ver vara frisk. Du kan beh\u00f6va g\u00f6ra en h\u00e4lsounders\u00f6kning och\/eller r\u00f6ntgen f\u00f6r att bevisa det. Om du blir ombedd att g\u00f6ra det beh\u00f6ver du bes\u00f6ka en s\u00e4rskild doktor som anlitas av Australiens migrationsmyndighet.<\/p>\n<p>Studentvisumet inneh\u00e5ller ingen sjukf\u00f6rs\u00e4kring. Alla studenter utom de fr\u00e5n Belgien och Norge beh\u00f6ver k\u00f6pa en egen sjukf\u00f6rs\u00e4kring som kallas f\u00f6r Overseas Student Health Cover (OSHC). Du kan k\u00f6pa den fr\u00e5n ditt universitet eller fr\u00e5n ett antal f\u00f6retag i Australien som s\u00e4ljer den. Svenska studenter slipper att k\u00f6pa den f\u00f6rs\u00e4kringen ifall de redan k\u00f6pt f\u00f6rs\u00e4kring fr\u00e5n antingen CSN International eller Kammarkollegiet i Sverige.<\/p>\n<div class=\"text-right\"><a href=\"\/se\/visa-student\/\" class=\"btn  px-5 btn-green\">Ans\u00f6k om Studentvisum<\/a><\/div>\n<h3>Finns det n\u00e5gon \u00e5ldersgr\u00e4ns?<\/h3>\n<p>Nej, Studentvisum<strong>&nbsp;har ingen \u00e5ldersgr\u00e4ns s\u00e5 l\u00e4nge<\/strong> du blivit antagen av ett universitet eller skola. Det \u00e4r skillnad fr\u00e5n till exempel Working Holiday-visum som har fast \u00e5ldergr\u00e4ns p\u00e5 18-31 \u00e5r.<\/p>\n<h3>Kan min familj f\u00f6lja med om jag har Studentvisum?<\/h3>\n<p>Ja, de kan ans\u00f6ka om att f\u00e5 f\u00f6lja med dig till Australien.<\/p>\n<p>Om du <strong>\u00e4r under 18 \u00e5r beh\u00f6ver du en v\u00e5rdnadshavare\/m\u00e5lsman<\/strong> som f\u00f6ljer med dig till Australien. Dina f\u00f6r\u00e4ldrar eller sl\u00e4ktingar kan ans\u00f6ka om ett s\u00e5dant visum (Student Guardian) och f\u00f6lja med p\u00e5 resan. Deras visum f\u00e5r samma giltighetstid som ditt visum.<\/p>\n<div class=\"text-right\"><a href=\"\/se\/visa-student\/\" class=\"btn  px-5 btn-green\">Ans\u00f6k om Studentvisum<\/a><\/div>\n<h3>F\u00e5r jag arbeta i Australien med Studentvisum?<\/h3>\n<p>Ja, men bara max 40 timmar p\u00e5 en <strong>tv\u00e5veckorsperiod<\/strong>. P\u00e5 loven f\u00e5r du arbeta heltid.<\/p>\n<p>Att jobba lite extra \u00e4r ett bra s\u00e4tt att tj\u00e4na extra pengar f\u00f6r att betala f\u00f6r ditt boende och f\u00e5 lite fickpengar \u00f6ver. Innan du kan jobba beh\u00f6ver du dock ans\u00f6ka om ett skatteregistreringsnummer samt \u00f6ppna ett bankkonto i en australisk bank.<\/p>\n<p>Kom ih\u00e5g att du inte f\u00e5r jobba alls innan din kurs startat, om du skulle anl\u00e4nda till Australien tidigare.<\/p>\n<p>R\u00e4tten att arbeta g\u00e4ller \u00e4ven medf\u00f6ljande familjemedlemmar. De kan dock inte jobba mer \u00e4n 20 timmar per vecka, ens under loven.<\/p>\n<div class=\"text-right\"><a href=\"\/se\/visa-student\/\" class=\"btn  px-5 btn-green\">Ans\u00f6k om Studentvisum<\/a><\/div>\n<h3>F\u00e5r jag studera halvtid och arbeta halvtid?<\/h3>\n<p>Nej, <strong>du ska studera heltid f\u00f6r att kunna ans\u00f6ka om ett Studentvisum<\/strong>. Om du vill studera mindre \u00e4n heltid kan det finnas andra visum att s\u00f6ka ist\u00e4llet. Working Holiday-visum kan vara ett b\u00e4ttre alternativ i vissa fall, om du uppfyller kraven f\u00f6r ett s\u00e5dant.<\/p>\n<h3>Vilka slags kurser kan jag deltaga i?<\/h3>\n<p>Alla slags kurser s\u00e5 l\u00e4nge de \u00e4r godk\u00e4nda f\u00f6r utl\u00e4ndska studenter av myndigheterna i Australien.<\/p>\n<h3>Jag har inget antagningsbesked \u00e4nnu, kan jag ans\u00f6ka i alla fall?<\/h3>\n<p>Nej, du m\u00e5ste ha ett antagningsbesked (Confirmation of Enrollment, CoE) med ett CoE-nummer innan du kan ans\u00f6ka om visumet. Visumans\u00f6kan \u00e4r ett av de sista stegen att ta tag i inf\u00f6r din resa till Australien. F\u00f6rst m\u00e5ste du <strong>ans\u00f6ka till ett universitet eller skola och bli antagen<\/strong>. Du beh\u00f6ver ha bekr\u00e4ftat antagningsbeskedet skriftligt och du beh\u00f6ver \u00e4ven ha betalat deposition p\u00e5 terminsavgiften. N\u00e4r du har f\u00e5tt ditt antagningsbesked fr\u00e5n universitetet kan du ans\u00f6ka om visumet.<\/p>\n<h3>Jag \u00e4r redan i Australien p\u00e5 ett annat visum, kan jag f\u00e5 Studentvisum?<\/h3>\n<p>Ja, du kan ans\u00f6ka om studentvisum \u00e4ven om du redan \u00e4r i Australien p\u00e5 ett annat visum. Det g\u00e5r dock inte om ditt nuvarande visum har ett villkor som heter \u201dNo further stay\u201d. Is\u00e5fall beh\u00f6ver du f\u00f6rst l\u00e4mna Australien innan du kan ans\u00f6ka om studentvisumet. Efter du blivit beviljad visumet kan du \u00e5terv\u00e4nda.<\/p>\n<h3>Jag har haft Working Holiday-visum, kan jag f\u00e5 studentvisum?<\/h3>\n<p>Ja, det p\u00e5verkar inte beslutet alls. Det g\u00e5r \u00e4ven att f\u00e5 studentvisum flera g\u00e5nger, s\u00e5 l\u00e4nge du blir antagen av ett universitet och f\u00e5r ett antagningsbesked.<\/p>\n<h3>Hur l\u00e5ng tid tar det att f\u00e5 studentvisum till Australien?<\/h3>\n<p>Oftast 1-3 veckor under normala omst\u00e4ndigheter. Handl\u00e4ggningstiden kan bli l\u00e4ngre ifall du beh\u00f6ver komplettera din ans\u00f6kan med fler underlag. Se till att ans\u00f6ka i god tid innan kursstart.<\/p>\n<div class=\"text-right\"><a href=\"\/se\/visa-student\/\" class=\"btn  px-5 btn-green\">Ans\u00f6k om Studentvisum<\/a><\/div>\n\n\n<p><\/p>\n","protected":false},"excerpt":{"rendered":"<p>Australiskt Studentvisum FAQs (svenska studenter) Vad \u00e4r en genuin student? F\u00f6r att uppfylla detta krav beh\u00f6ver du kunna visa att [&#8230;]<\/p>\n<p><a class=\"btn btn-secondary understrap-read-more-link\" href=\"https:\/\/auvisa.org\/se\/studentvisum-till-australien\/\">L\u00e4s mer \u2026<span class=\"screen-reader-text\"> from Studentvisum till Australien fr\u00e5n Sverige<\/span><\/a><\/p>\n","protected":false},"author":4,"featured_media":0,"parent":0,"menu_order":15,"comment_status":"closed","ping_status":"closed","template":"templates\/tpl_spiegazione.php","meta":{"inline_featured_image":false,"footnotes":""},"class_list":["post-689","page","type-page","status-publish","hentry"],"yoast_head":"<!-- This site is optimized with the Yoast SEO plugin v26.9 - https:\/\/yoast.com\/product\/yoast-seo-wordpress\/ -->\n<title>Studentvisum till Australien f\u00f6r Svenskar: Ans\u00f6k Online<\/title>\n<meta name=\"description\" content=\"Studentvisum till Australien till\u00e5ter svenska studenter att vistas i Australien f\u00f6r studier vid universitet eller skola. Ans\u00f6k Online\" \/>\n<meta name=\"robots\" content=\"index, follow, max-snippet:-1, max-image-preview:large, max-video-preview:-1\" \/>\n<link rel=\"canonical\" href=\"https:\/\/auvisa.org\/se\/studentvisum-till-australien\/\" \/>\n<meta property=\"og:locale\" content=\"sv_SE\" \/>\n<meta property=\"og:type\" content=\"article\" \/>\n<meta property=\"og:title\" content=\"Studentvisum till Australien f\u00f6r Svenskar: Ans\u00f6k Online\" \/>\n<meta property=\"og:description\" content=\"Studentvisum till Australien till\u00e5ter svenska studenter att vistas i Australien f\u00f6r studier vid universitet eller skola. Ans\u00f6k Online\" \/>\n<meta property=\"og:url\" content=\"https:\/\/auvisa.org\/se\/studentvisum-till-australien\/\" \/>\n<meta property=\"og:site_name\" content=\"Auvisa.org\" \/>\n<meta property=\"article:modified_time\" content=\"2020-05-13T16:09:08+00:00\" \/>\n<meta name=\"twitter:card\" content=\"summary_large_image\" \/>\n<meta name=\"twitter:label1\" content=\"Ber\u00e4knad l\u00e4stid\" \/>\n\t<meta name=\"twitter:data1\" content=\"5 minuter\" \/>\n<script type=\"application\/ld+json\" class=\"yoast-schema-graph\">{\"@context\":\"https:\/\/schema.org\",\"@graph\":[{\"@type\":\"WebPage\",\"@id\":\"https:\/\/auvisa.org\/se\/studentvisum-till-australien\/\",\"url\":\"https:\/\/auvisa.org\/se\/studentvisum-till-australien\/\",\"name\":\"Studentvisum till Australien f\u00f6r Svenskar: Ans\u00f6k Online\",\"isPartOf\":{\"@id\":\"https:\/\/auvisa.org\/se\/#website\"},\"datePublished\":\"2015-06-20T11:00:22+00:00\",\"dateModified\":\"2020-05-13T16:09:08+00:00\",\"description\":\"Studentvisum till Australien till\u00e5ter svenska studenter att vistas i Australien f\u00f6r studier vid universitet eller skola. Ans\u00f6k Online\",\"breadcrumb\":{\"@id\":\"https:\/\/auvisa.org\/se\/studentvisum-till-australien\/#breadcrumb\"},\"inLanguage\":\"sv-SE\",\"potentialAction\":[{\"@type\":\"ReadAction\",\"target\":[\"https:\/\/auvisa.org\/se\/studentvisum-till-australien\/\"]}]},{\"@type\":\"BreadcrumbList\",\"@id\":\"https:\/\/auvisa.org\/se\/studentvisum-till-australien\/#breadcrumb\",\"itemListElement\":[{\"@type\":\"ListItem\",\"position\":1,\"name\":\"Home\",\"item\":\"https:\/\/auvisa.org\/se\/\"},{\"@type\":\"ListItem\",\"position\":2,\"name\":\"Studentvisum till Australien fr\u00e5n Sverige\"}]},{\"@type\":\"WebSite\",\"@id\":\"https:\/\/auvisa.org\/se\/#website\",\"url\":\"https:\/\/auvisa.org\/se\/\",\"name\":\"Auvisa.org\",\"description\":\"\",\"inLanguage\":\"sv-SE\"}]}<\/script>\n<!-- \/ Yoast SEO plugin. -->","yoast_head_json":{"title":"Studentvisum till Australien f\u00f6r Svenskar: Ans\u00f6k Online","description":"Studentvisum till Australien till\u00e5ter svenska studenter att vistas i Australien f\u00f6r studier vid universitet eller skola. Ans\u00f6k Online","robots":{"index":"index","follow":"follow","max-snippet":"max-snippet:-1","max-image-preview":"max-image-preview:large","max-video-preview":"max-video-preview:-1"},"canonical":"https:\/\/auvisa.org\/se\/studentvisum-till-australien\/","og_locale":"sv_SE","og_type":"article","og_title":"Studentvisum till Australien f\u00f6r Svenskar: Ans\u00f6k Online","og_description":"Studentvisum till Australien till\u00e5ter svenska studenter att vistas i Australien f\u00f6r studier vid universitet eller skola. Ans\u00f6k Online","og_url":"https:\/\/auvisa.org\/se\/studentvisum-till-australien\/","og_site_name":"Auvisa.org","article_modified_time":"2020-05-13T16:09:08+00:00","twitter_card":"summary_large_image","twitter_misc":{"Ber\u00e4knad l\u00e4stid":"5 minuter"},"schema":{"@context":"https:\/\/schema.org","@graph":[{"@type":"WebPage","@id":"https:\/\/auvisa.org\/se\/studentvisum-till-australien\/","url":"https:\/\/auvisa.org\/se\/studentvisum-till-australien\/","name":"Studentvisum till Australien f\u00f6r Svenskar: Ans\u00f6k Online","isPartOf":{"@id":"https:\/\/auvisa.org\/se\/#website"},"datePublished":"2015-06-20T11:00:22+00:00","dateModified":"2020-05-13T16:09:08+00:00","description":"Studentvisum till Australien till\u00e5ter svenska studenter att vistas i Australien f\u00f6r studier vid universitet eller skola. Ans\u00f6k Online","breadcrumb":{"@id":"https:\/\/auvisa.org\/se\/studentvisum-till-australien\/#breadcrumb"},"inLanguage":"sv-SE","potentialAction":[{"@type":"ReadAction","target":["https:\/\/auvisa.org\/se\/studentvisum-till-australien\/"]}]},{"@type":"BreadcrumbList","@id":"https:\/\/auvisa.org\/se\/studentvisum-till-australien\/#breadcrumb","itemListElement":[{"@type":"ListItem","position":1,"name":"Home","item":"https:\/\/auvisa.org\/se\/"},{"@type":"ListItem","position":2,"name":"Studentvisum till Australien fr\u00e5n Sverige"}]},{"@type":"WebSite","@id":"https:\/\/auvisa.org\/se\/#website","url":"https:\/\/auvisa.org\/se\/","name":"Auvisa.org","description":"","inLanguage":"sv-SE"}]}},"_links":{"self":[{"href":"https:\/\/auvisa.org\/se\/wp-json\/wp\/v2\/pages\/689","targetHints":{"allow":["GET"]}}],"collection":[{"href":"https:\/\/auvisa.org\/se\/wp-json\/wp\/v2\/pages"}],"about":[{"href":"https:\/\/auvisa.org\/se\/wp-json\/wp\/v2\/types\/page"}],"author":[{"embeddable":true,"href":"https:\/\/auvisa.org\/se\/wp-json\/wp\/v2\/users\/4"}],"replies":[{"embeddable":true,"href":"https:\/\/auvisa.org\/se\/wp-json\/wp\/v2\/comments?post=689"}],"version-history":[{"count":20,"href":"https:\/\/auvisa.org\/se\/wp-json\/wp\/v2\/pages\/689\/revisions"}],"predecessor-version":[{"id":2838,"href":"https:\/\/auvisa.org\/se\/wp-json\/wp\/v2\/pages\/689\/revisions\/2838"}],"wp:attachment":[{"href":"https:\/\/auvisa.org\/se\/wp-json\/wp\/v2\/media?parent=689"}],"curies":[{"name":"wp","href":"https:\/\/api.w.org\/{rel}","templated":true}]}}