{"id":819,"date":"2019-06-26T07:51:43","date_gmt":"2019-06-26T07:51:43","guid":{"rendered":"https:\/\/auvisa.org\/?p=819"},"modified":"2020-05-13T15:44:46","modified_gmt":"2020-05-13T15:44:46","slug":"langtidsvisum-till-australien","status":"publish","type":"page","link":"https:\/\/auvisa.org\/se\/langtidsvisum-till-australien\/","title":{"rendered":"Visum f\u00f6r L\u00e4ngre Vistelse i Australien (Visitor Visa) &#8211; Sverige"},"content":{"rendered":"<h2 id=\"first-paragraph\">Skillnad mellan ETA \/ eVisitor och l\u00e5ngtidsvisum<\/h2>\n<h3>Bearbetningstid<\/h3>\n<p><a href=\"\/se\/evisitor-visum-australien\/\">eVistor-ans\u00f6kan<\/a> \u00e4r omedelbart godk\u00e4nnande, men l\u00e5ngvarigt visum kan ta upp till 20 dagar f\u00f6r att bli behandlad och vanligtvis fler dokument \/ information beg\u00e4rs av Immigration Office i Australien.<\/p>\n<h3>St\u00f6dber\u00e4ttigade l\u00e4nder<\/h3>\n<p>Det finns bara n\u00e5gra <a href=\"\/se\/evisitor-visum-australien\/#l\u00e4nder\">st\u00f6dber\u00e4ttigade l\u00e4nder<\/a> f\u00f6r eVisitor men det finns ett stort urval av l\u00e4nder som \u00e4r medborgare som kan ans\u00f6ka om visering f\u00f6r l\u00e4ngre vistelser.<\/p>\n<h3>Plats n\u00e4r ans\u00f6kan g\u00f6rs<\/h3>\n<p>S\u00f6kande m\u00e5ste vara utanf\u00f6r Australien n\u00e4r de l\u00e4gger in evisitor-ans\u00f6kningar. Men <strong>l\u00e5ngtidsvisumans\u00f6kan kan g\u00f6ras medan du \u00e4r inne i Australien<\/strong> med syftet att <strong>f\u00f6rl\u00e4nga nuvarande visum<\/strong>.<\/p>\n<h3>Giltighet f\u00f6r den l\u00e5ngtidsvisum<\/h3>\n<p>Visa kan utf\u00e4rdas med enstaka eller flera poster. Varje post kan vara giltig i <strong>3, 6 eller 12 m\u00e5nader.<\/strong><\/p>\n<h3>Villkor f\u00f6r den l\u00e5ngtidsvisum<\/h3>\n<p>Du f\u00e5r inte arbeta i Australien. Frivilligt arbete kan till\u00e5tas.<br \/>\nDu f\u00e5r inte studera i mer \u00e4n 3 m\u00e5nader i Australien.<\/p>\n<h3>F\u00f6rl\u00e4ng nuvarande visum<\/h3>\n<p>Om den nuvarande viseringen inte har &#8221;Inga l\u00e4ngre vistelse&#8221; villkor <strong>kan du anv\u00e4nda denna viseringstyp f\u00f6r att ans\u00f6ka om f\u00f6rl\u00e4ngning av din nuvarande visum<\/strong>, under ans\u00f6kan kan du stanna kvar i Australien.<\/p>\n<h3>Medicinska krav<\/h3>\n<p>Om du ans\u00f6ker om mer \u00e4n 6 m\u00e5nader <strong>kan du bli ombedd att genomg\u00e5 en r\u00f6ntgen och \/ eller medicinsk unders\u00f6kning<\/strong>. Om du \u00e4r \u00f6ver 75 \u00e5r eller kommer fr\u00e5n ett land som australiensisk invandring anser ha en riskniv\u00e5, m\u00e5ste du bevisa att du kan uppfylla viseringens medicinska krav.<\/p>\n<h3>Bevis p\u00e5 medel<\/h3>\n<p>N\u00e4r du ans\u00f6ker om visum f\u00f6r l\u00e4ngre vistelser m\u00e5ste <strong>du ha tillr\u00e4ckliga medel f\u00f6r att st\u00f6dja dig sj\u00e4lv under hela vistelsen i Australien<\/strong>. Invandring kan beg\u00e4ra ett s\u00e5dant bevis, till exempel kontoutdrag.<\/p>\n<div class=\"text-right\"><a href=\"\/se\/visa-longterm\/\" class=\"btn  px-5 btn-green\">Ans\u00f6k om Long Stay Visitor Visum<\/a><\/div>\n","protected":false},"excerpt":{"rendered":"<p>Skillnad mellan ETA \/ eVisitor och l\u00e5ngtidsvisum Bearbetningstid eVistor-ans\u00f6kan \u00e4r omedelbart godk\u00e4nnande, men l\u00e5ngvarigt visum kan ta upp till 20 [&#8230;]<\/p>\n<p><a class=\"btn btn-secondary understrap-read-more-link\" href=\"https:\/\/auvisa.org\/se\/langtidsvisum-till-australien\/\">L\u00e4s mer \u2026<span class=\"screen-reader-text\"> from Visum f\u00f6r L\u00e4ngre Vistelse i Australien (Visitor Visa) &#8211; Sverige<\/span><\/a><\/p>\n","protected":false},"author":4,"featured_media":0,"parent":0,"menu_order":11,"comment_status":"closed","ping_status":"closed","template":"templates\/tpl_spiegazione.php","meta":{"inline_featured_image":false,"footnotes":""},"class_list":["post-819","page","type-page","status-publish","hentry"],"yoast_head":"<!-- This site is optimized with the Yoast SEO plugin v26.9 - https:\/\/yoast.com\/product\/yoast-seo-wordpress\/ -->\n<title>Visum f\u00f6r L\u00e5ngtidsvistelse i Australien (Visitor Visa, Subclass 600) - Sverige<\/title>\n<meta name=\"description\" content=\"Bes\u00f6ksvisum f\u00f6r l\u00e5ngtidsvistelse i Australien (underklass 600) \u00e4r f\u00f6r svenska medborgare som vill stanna i Australien i l\u00e4ngre \u00e4n 3 m\u00e5nader eller som vill f\u00f6rl\u00e4nga sitt australiska visum.\" \/>\n<meta name=\"robots\" content=\"index, follow, max-snippet:-1, max-image-preview:large, max-video-preview:-1\" \/>\n<link rel=\"canonical\" href=\"https:\/\/auvisa.org\/se\/langtidsvisum-till-australien\/\" \/>\n<meta property=\"og:locale\" content=\"sv_SE\" \/>\n<meta property=\"og:type\" content=\"article\" \/>\n<meta property=\"og:title\" content=\"Visum f\u00f6r L\u00e5ngtidsvistelse i Australien (Visitor Visa, Subclass 600) - Sverige\" \/>\n<meta property=\"og:description\" content=\"Bes\u00f6ksvisum f\u00f6r l\u00e5ngtidsvistelse i Australien (underklass 600) \u00e4r f\u00f6r svenska medborgare som vill stanna i Australien i l\u00e4ngre \u00e4n 3 m\u00e5nader eller som vill f\u00f6rl\u00e4nga sitt australiska visum.\" \/>\n<meta property=\"og:url\" content=\"https:\/\/auvisa.org\/se\/langtidsvisum-till-australien\/\" \/>\n<meta property=\"og:site_name\" content=\"Auvisa.org\" \/>\n<meta property=\"article:modified_time\" content=\"2020-05-13T15:44:46+00:00\" \/>\n<meta name=\"twitter:card\" content=\"summary_large_image\" \/>\n<meta name=\"twitter:label1\" content=\"Ber\u00e4knad l\u00e4stid\" \/>\n\t<meta name=\"twitter:data1\" content=\"2 minuter\" \/>\n<script type=\"application\/ld+json\" class=\"yoast-schema-graph\">{\"@context\":\"https:\/\/schema.org\",\"@graph\":[{\"@type\":\"WebPage\",\"@id\":\"https:\/\/auvisa.org\/se\/langtidsvisum-till-australien\/\",\"url\":\"https:\/\/auvisa.org\/se\/langtidsvisum-till-australien\/\",\"name\":\"Visum f\u00f6r L\u00e5ngtidsvistelse i Australien (Visitor Visa, Subclass 600) - Sverige\",\"isPartOf\":{\"@id\":\"https:\/\/auvisa.org\/se\/#website\"},\"datePublished\":\"2019-06-26T07:51:43+00:00\",\"dateModified\":\"2020-05-13T15:44:46+00:00\",\"description\":\"Bes\u00f6ksvisum f\u00f6r l\u00e5ngtidsvistelse i Australien (underklass 600) \u00e4r f\u00f6r svenska medborgare som vill stanna i Australien i l\u00e4ngre \u00e4n 3 m\u00e5nader eller som vill f\u00f6rl\u00e4nga sitt australiska visum.\",\"breadcrumb\":{\"@id\":\"https:\/\/auvisa.org\/se\/langtidsvisum-till-australien\/#breadcrumb\"},\"inLanguage\":\"sv-SE\",\"potentialAction\":[{\"@type\":\"ReadAction\",\"target\":[\"https:\/\/auvisa.org\/se\/langtidsvisum-till-australien\/\"]}]},{\"@type\":\"BreadcrumbList\",\"@id\":\"https:\/\/auvisa.org\/se\/langtidsvisum-till-australien\/#breadcrumb\",\"itemListElement\":[{\"@type\":\"ListItem\",\"position\":1,\"name\":\"Home\",\"item\":\"https:\/\/auvisa.org\/se\/\"},{\"@type\":\"ListItem\",\"position\":2,\"name\":\"Visum f\u00f6r L\u00e4ngre Vistelse i Australien (Visitor Visa) &#8211; Sverige\"}]},{\"@type\":\"WebSite\",\"@id\":\"https:\/\/auvisa.org\/se\/#website\",\"url\":\"https:\/\/auvisa.org\/se\/\",\"name\":\"Auvisa.org\",\"description\":\"\",\"inLanguage\":\"sv-SE\"}]}<\/script>\n<!-- \/ Yoast SEO plugin. -->","yoast_head_json":{"title":"Visum f\u00f6r L\u00e5ngtidsvistelse i Australien (Visitor Visa, Subclass 600) - Sverige","description":"Bes\u00f6ksvisum f\u00f6r l\u00e5ngtidsvistelse i Australien (underklass 600) \u00e4r f\u00f6r svenska medborgare som vill stanna i Australien i l\u00e4ngre \u00e4n 3 m\u00e5nader eller som vill f\u00f6rl\u00e4nga sitt australiska visum.","robots":{"index":"index","follow":"follow","max-snippet":"max-snippet:-1","max-image-preview":"max-image-preview:large","max-video-preview":"max-video-preview:-1"},"canonical":"https:\/\/auvisa.org\/se\/langtidsvisum-till-australien\/","og_locale":"sv_SE","og_type":"article","og_title":"Visum f\u00f6r L\u00e5ngtidsvistelse i Australien (Visitor Visa, Subclass 600) - Sverige","og_description":"Bes\u00f6ksvisum f\u00f6r l\u00e5ngtidsvistelse i Australien (underklass 600) \u00e4r f\u00f6r svenska medborgare som vill stanna i Australien i l\u00e4ngre \u00e4n 3 m\u00e5nader eller som vill f\u00f6rl\u00e4nga sitt australiska visum.","og_url":"https:\/\/auvisa.org\/se\/langtidsvisum-till-australien\/","og_site_name":"Auvisa.org","article_modified_time":"2020-05-13T15:44:46+00:00","twitter_card":"summary_large_image","twitter_misc":{"Ber\u00e4knad l\u00e4stid":"2 minuter"},"schema":{"@context":"https:\/\/schema.org","@graph":[{"@type":"WebPage","@id":"https:\/\/auvisa.org\/se\/langtidsvisum-till-australien\/","url":"https:\/\/auvisa.org\/se\/langtidsvisum-till-australien\/","name":"Visum f\u00f6r L\u00e5ngtidsvistelse i Australien (Visitor Visa, Subclass 600) - Sverige","isPartOf":{"@id":"https:\/\/auvisa.org\/se\/#website"},"datePublished":"2019-06-26T07:51:43+00:00","dateModified":"2020-05-13T15:44:46+00:00","description":"Bes\u00f6ksvisum f\u00f6r l\u00e5ngtidsvistelse i Australien (underklass 600) \u00e4r f\u00f6r svenska medborgare som vill stanna i Australien i l\u00e4ngre \u00e4n 3 m\u00e5nader eller som vill f\u00f6rl\u00e4nga sitt australiska visum.","breadcrumb":{"@id":"https:\/\/auvisa.org\/se\/langtidsvisum-till-australien\/#breadcrumb"},"inLanguage":"sv-SE","potentialAction":[{"@type":"ReadAction","target":["https:\/\/auvisa.org\/se\/langtidsvisum-till-australien\/"]}]},{"@type":"BreadcrumbList","@id":"https:\/\/auvisa.org\/se\/langtidsvisum-till-australien\/#breadcrumb","itemListElement":[{"@type":"ListItem","position":1,"name":"Home","item":"https:\/\/auvisa.org\/se\/"},{"@type":"ListItem","position":2,"name":"Visum f\u00f6r L\u00e4ngre Vistelse i Australien (Visitor Visa) &#8211; Sverige"}]},{"@type":"WebSite","@id":"https:\/\/auvisa.org\/se\/#website","url":"https:\/\/auvisa.org\/se\/","name":"Auvisa.org","description":"","inLanguage":"sv-SE"}]}},"_links":{"self":[{"href":"https:\/\/auvisa.org\/se\/wp-json\/wp\/v2\/pages\/819","targetHints":{"allow":["GET"]}}],"collection":[{"href":"https:\/\/auvisa.org\/se\/wp-json\/wp\/v2\/pages"}],"about":[{"href":"https:\/\/auvisa.org\/se\/wp-json\/wp\/v2\/types\/page"}],"author":[{"embeddable":true,"href":"https:\/\/auvisa.org\/se\/wp-json\/wp\/v2\/users\/4"}],"replies":[{"embeddable":true,"href":"https:\/\/auvisa.org\/se\/wp-json\/wp\/v2\/comments?post=819"}],"version-history":[{"count":17,"href":"https:\/\/auvisa.org\/se\/wp-json\/wp\/v2\/pages\/819\/revisions"}],"predecessor-version":[{"id":2831,"href":"https:\/\/auvisa.org\/se\/wp-json\/wp\/v2\/pages\/819\/revisions\/2831"}],"wp:attachment":[{"href":"https:\/\/auvisa.org\/se\/wp-json\/wp\/v2\/media?parent=819"}],"curies":[{"name":"wp","href":"https:\/\/api.w.org\/{rel}","templated":true}]}}