{"id":12,"date":"2019-11-20T14:20:25","date_gmt":"2019-11-20T14:20:25","guid":{"rendered":"https:\/\/auvisa.org\/?page_id=12"},"modified":"2024-01-09T17:32:30","modified_gmt":"2024-01-09T14:32:30","slug":"home-page","status":"publish","type":"page","link":"https:\/\/auvisa.org\/tr\/","title":{"rendered":"Home page"},"content":{"rendered":"\n<h1 class=\"has-text-align-center h2 wp-block-heading\" id=\"avustralya-vizesi-icin-cevrimici-uygulama-turkiye\">Avustralya vizesi i\u00e7in \u00c7evrimi\u00e7i uygulama (T\u00fcrkiye)<\/h1>\n\n\n\n<div style=\"height:20px\" aria-hidden=\"true\" class=\"wp-block-spacer\"><\/div>\n\n\n\n<p class=\"has-text-align-center\">Avustralya&#8217;ya turistik veya ticari ama\u00e7larla girmeyi planlayan T\u00fcrk vatanda\u015flar\u0131n\u0131n 3, 6 veya 12 ayl\u0131k bir s\u00fcre i\u00e7in Avustralya&#8217;ya seyahat etmelerini sa\u011flayan Ziyaret\u00e7i Vizesine ba\u015fvurmalar\u0131 gerekmektedir (daha fazla bilgi burada).<\/p>\n\n\n\n<p class=\"has-text-align-center\"><strong>\u0130ste\u011fin tamamlanmas\u0131 \u00e7ok kolayd\u0131r ve yaln\u0131zca birka\u00e7 dakika s\u00fcrer.<\/strong><\/p>\n\n\n\n<p class=\"has-text-align-center\">Ba\u015fvurunuzu g\u00f6nderdikten sonra, personelimiz \u00e7evrimi\u00e7i ba\u015fvurunuzu kontrol edecek ve her \u015feyin do\u011fru oldu\u011fundan emin olacakt\u0131r. <strong>\u00c7o\u011fu durumda, bir g\u00fcn i\u00e7inde geri bildirim alacaks\u0131n\u0131z ve ba\u015fvurunuzdan sonraki 20 g\u00fcn i\u00e7inde nihai vize onay\u0131 alacaks\u0131n\u0131z<\/strong>.<\/p>\n\n\n<div class=\"wp-bootstrap-blocks-button text-center\">\n\t<a\n\t\thref=\"\/tr\/visa-longterm\/\"\n\t\t\t\t\t\tclass=\"btn apply-visa-big px-5 btn-lg btn-success btn-primary\"\n\t>\n\t\tVize ba\u015fvurusunda\t<\/a>\n<\/div>\n\n\n\n<div style=\"height:25px\" aria-hidden=\"true\" class=\"wp-block-spacer\"><\/div>\n\n\n\n<hr class=\"wp-block-separator\" \/>\n\n\n\n<div style=\"height:34px\" aria-hidden=\"true\" class=\"wp-block-spacer\"><\/div>\n\n\n\n<p class=\"has-text-align-center\">Auvisa.org, Avustralya seyahatiniz i\u00e7in hangi seyahat vizesine ihtiyac\u0131n\u0131z oldu\u011funu anlaman\u0131za ve bu vizeyi h\u0131zl\u0131 ve kolay bir \u015fekilde alman\u0131za yard\u0131mc\u0131 olur. <\/p>\n\n\n\n<p class=\"has-text-align-center\"><strong>K\u00fc\u00e7\u00fck bir hizmet \u00fccreti kar\u015f\u0131l\u0131\u011f\u0131nda, basitle\u015ftirilmi\u015f formlardan, ba\u015fvurunuzun manuel olarak incelenmesinden ve 24 saat m\u00fc\u015fteri deste\u011finden yararlanacaks\u0131n\u0131z:<\/strong><\/p>\n\n\n\n<div style=\"height:34px\" aria-hidden=\"true\" class=\"wp-block-spacer\"><\/div>\n\n\n\n<div class=\"wp-block-columns is-layout-flex wp-container-core-columns-is-layout-9d6595d7 wp-block-columns-is-layout-flex\">\n<div class=\"wp-block-column is-layout-flow wp-block-column-is-layout-flow\">\n<p class=\"focus-numbers\"><span>1<\/span> Avustralya Ziyaret\u00e7i Vize belirtilen \u00f6zelliklere ve emin T\u00fcm gereksinimleri kar\u015f\u0131lamak olun. <\/p>\n<\/div>\n\n\n\n<div class=\"wp-block-column is-layout-flow wp-block-column-is-layout-flow\">\n<p class=\"focus-numbers\"><span>2<\/span> Online ba\u015fvuru formunu doldurun-ve kredi kart\u0131 veya PayPal ile g\u00fcvenli \u00f6deme.<\/p>\n<\/div>\n\n\n\n<div class=\"wp-block-column is-layout-flow wp-block-column-is-layout-flow\">\n<p class=\"focus-numbers\"><span>3<\/span> E-posta ile talep edilen vize alma. \u00c7o\u011fu durumda 20 g\u00fcn i\u00e7inde bize Ziyaret\u00e7i Visa alacaks\u0131n\u0131z.<\/p>\n<\/div>\n<\/div>\n\n\n\n<div class=\"wp-block-group\"><div class=\"wp-block-group__inner-container is-layout-flow wp-block-group-is-layout-flow\">\n<hr class=\"wp-block-separator\"\/>\n<\/div><\/div>\n\n\n\n<div style=\"height:100px\" aria-hidden=\"true\" class=\"wp-block-spacer\"><\/div>\n\n\n\n<h2 class=\"has-text-align-center wp-block-heading\" id=\"turk-vatandaslari-avustralya-vizeler\">T\u00fcrk vatanda\u015flar\u0131 Avustralya vizeler:<\/h2>\n\n\n\n<div style=\"height:39px\" aria-hidden=\"true\" class=\"wp-block-spacer\"><\/div>\n\n\n\n<div class=\"wp-block-columns home-full-width-wrap is-layout-flex wp-container-core-columns-is-layout-9d6595d7 wp-block-columns-is-layout-flex\">\n<div class=\"wp-block-column box-home-full-width is-layout-flow wp-block-column-is-layout-flow\" style=\"flex-basis:30%\">\n<div class=\"wp-block-image\"><figure class=\"aligncenter size-large is-resized\"><img loading=\"lazy\" decoding=\"async\" src=\"https:\/\/auvisa.org\/uk\/wp-content\/uploads\/sites\/6\/2020\/02\/001-travel.png\" alt=\"\" class=\"wp-image-1844\" width=\"144\" height=\"139\" \/><\/figure><\/div>\n<\/div>\n\n\n\n<div class=\"wp-block-column is-layout-flow wp-block-column-is-layout-flow\" style=\"flex-basis:70%\">\n<h2 class=\"wp-block-heading\" id=\"uzun-konaklama-vize-ziyaretci-visa-alt-sinif-600\">Uzun Konaklama Vize (Ziyaret\u00e7i Visa &#8211; Alt S\u0131n\u0131f 600)<\/h2>\n\n\n\n<p>Bu vize 3 veya daha fazla ay boyunca Avustralya&#8217;da kalmas\u0131 isteyen yolcular i\u00e7indir. Ayr\u0131ca Avustralyal\u0131 zaten ve kalma s\u00fcresini uzatmak isteyenler taraf\u0131ndan kullan\u0131labilir.<\/p>\n\n\n\n<p>E\u011fer tatil i\u00e7in Avustralya&#8217;ya seyahat planlayan gereken bir Avustralya Ziyaret\u00e7i Vizesi i\u00e7in veya arkada\u015f veya aile ziyaret i\u00e7in uygulamak ve ge\u00e7erli bir pasaport tutun edebilmek.<\/p><p><a href=\"\/tr\/uzun-konaklama-vize-australia\/\">Daha fazla oku&#8230;<\/a><\/p>\n<p class=\"float-right pl-3\"><a href=\"\/tr\/visa-longterm\/\" class=\"btn btn-lg btn-success flex-grow-0 \">Ziyaret\u00e7i Vizesi \u0130\u00e7in Ba\u015fvuru<\/a><\/p>\n<\/div>\n<\/div>\n\n\n\n<div class=\"wp-block-columns home-full-width-wrap is-layout-flex wp-container-core-columns-is-layout-9d6595d7 wp-block-columns-is-layout-flex\">\n<div class=\"wp-block-column box-home-full-width is-layout-flow wp-block-column-is-layout-flow\" style=\"flex-basis:30%\"><\/div>\n\n\n\n<div class=\"wp-block-column is-layout-flow wp-block-column-is-layout-flow\" style=\"flex-basis:70%\"><\/div>\n<\/div>\n\n\n\n<hr class=\"wp-block-separator\"\/>\n\n\n\n<div style=\"height:43px\" aria-hidden=\"true\" class=\"wp-block-spacer\"><\/div>\n\n\n\n<h2 class=\"has-text-align-center wp-block-heading\" id=\"auvisa-org-faydalari\">Auvisa.org Faydalar\u0131<\/h2>\n\n\n\n<div class=\"wp-block-columns home-icons-block is-layout-flex wp-container-core-columns-is-layout-9d6595d7 wp-block-columns-is-layout-flex\">\n<div class=\"wp-block-column is-layout-flow wp-block-column-is-layout-flow\">\n<figure class=\"wp-block-image size-large\"><img decoding=\"async\" src=\"https:\/\/auvisa.org\/wp-content\/uploads\/sites\/6\/2019\/11\/004-support.svg\" alt=\"\" class=\"wp-image-172\" \/><figcaption>24 SAAT M\u00dc\u015eTER\u0130 DESTEK<\/figcaption><\/figure>\n<\/div>\n\n\n\n<div class=\"wp-block-column is-layout-flow wp-block-column-is-layout-flow\">\n<figure class=\"wp-block-image size-large\"><img decoding=\"async\" src=\"https:\/\/auvisa.org\/wp-content\/uploads\/sites\/6\/2019\/11\/005-translation.svg\" alt=\"\" class=\"wp-image-173\" \/><figcaption>BA\u015eVURU FORMU \u0130\u00c7\u0130NDE T\u00fcrk<\/figcaption><\/figure>\n<\/div>\n\n\n\n<div class=\"wp-block-column is-layout-flow wp-block-column-is-layout-flow\">\n<figure class=\"wp-block-image size-large\"><img decoding=\"async\" src=\"https:\/\/auvisa.org\/wp-content\/uploads\/sites\/6\/2019\/11\/006-success.svg\" alt=\"\" class=\"wp-image-174\" \/><figcaption>MANUEL \u0130NCELEME<\/figcaption><\/figure>\n<\/div>\n\n\n\n<div class=\"wp-block-column is-layout-flow wp-block-column-is-layout-flow\">\n<figure class=\"wp-block-image size-large\"><img decoding=\"async\" src=\"https:\/\/auvisa.org\/wp-content\/uploads\/sites\/6\/2019\/11\/008-passport.svg\" alt=\"\" class=\"wp-image-176\" \/><figcaption>\u0130LET\u0130\u015e\u0130M \u0130LE MUHACERET<\/figcaption><\/figure>\n<\/div>\n\n\n\n<div class=\"wp-block-column is-layout-flow wp-block-column-is-layout-flow\">\n<figure class=\"wp-block-image size-large\"><img decoding=\"async\" src=\"https:\/\/auvisa.org\/wp-content\/uploads\/sites\/6\/2019\/11\/007-visa.svg\" alt=\"\" class=\"wp-image-175\" \/><figcaption>VISA g\u00fcncelleme i\u00e7in otomatik uyar\u0131<\/figcaption><\/figure>\n<\/div>\n<\/div>\n\n\n\n<p><\/p>\n\n\n\n<h2 class=\"wp-block-heading\" id=\"2024-de-avustralya-vizesine-basvurmak\">2024&#8217;de Avustralya vizesine ba\u015fvurmak<\/h2>\n\n\n\n<p>Avustralya vizenizi buraya getirin. Birka\u00e7 kolay ad\u0131mda ve \u00e7o\u011fu zaman bir g\u00fcn i\u00e7inde cevap alacaks\u0131n\u0131z. Uygulaman\u0131n tamamlanmas\u0131 \u00e7ok kolayd\u0131r ve sadece birka\u00e7 dakika s\u00fcrer.<\/p>\n\n\n\n<p>Hak kazan\u0131rsan\u0131z ve devam etmeyi se\u00e7erseniz, ba\u015fvurunuzu inceleyece\u011fiz ve her \u015feyin do\u011fru oldu\u011fundan emin olaca\u011f\u0131z. Ana diliniz \u0130ngilizce de\u011filse &#8211; ba\u015fvuruyu doldururken kendi dilinizi kullanmaktan \u00e7ekinmeyin. Uzmanlar\u0131m\u0131z ba\u015fvuruyu sizin i\u00e7in terc\u00fcme edecektir.<\/p>\n\n\n\n<div class=\"text-right\"><a href=\"\/tr\/visa-longterm\/\" class=\"btn  px-5 btn-green\">Vize ba\u015fvurusunda<\/a><\/div>\n\n\n\n<div style=\"height:20px\" aria-hidden=\"true\" class=\"wp-block-spacer\"><\/div>\n\n\n\n<p><\/p>\n","protected":false},"excerpt":{"rendered":"<p>Avustralya vizesi i\u00e7in \u00c7evrimi\u00e7i uygulama (T\u00fcrkiye) Avustralya&#8217;ya turistik veya ticari ama\u00e7larla girmeyi planlayan T\u00fcrk vatanda\u015flar\u0131n\u0131n 3, 6 veya 12 ayl\u0131k [&#8230;]<\/p>\n<p><a class=\"btn btn-secondary understrap-read-more-link\" href=\"https:\/\/auvisa.org\/tr\/\">Daha fazlas\u0131n\u0131 oku\u2026<span class=\"screen-reader-text\"> from Home page<\/span><\/a><\/p>\n","protected":false},"author":1,"featured_media":0,"parent":0,"menu_order":16,"comment_status":"closed","ping_status":"closed","template":"","meta":{"inline_featured_image":false,"footnotes":""},"class_list":["post-12","page","type-page","status-publish","hentry"],"yoast_head":"<!-- This site is optimized with the Yoast SEO plugin v26.9 - https:\/\/yoast.com\/product\/yoast-seo-wordpress\/ -->\n<title>T\u00fcrkiye&#039;den Avustralya&#039;ya seyahat etmek i\u00e7in vize: buradan \u00e7evrimi\u00e7i ba\u015fvurun<\/title>\n<meta name=\"description\" content=\"T\u00fcrkiye&#039;den Avustralya&#039;ya seyahat etmek i\u00e7in vize: buradan \u00e7evrimi\u00e7i ba\u015fvurun.\" \/>\n<meta name=\"robots\" content=\"index, follow, max-snippet:-1, max-image-preview:large, max-video-preview:-1\" \/>\n<link rel=\"canonical\" href=\"https:\/\/auvisa.org\/tr\/\" \/>\n<meta property=\"og:locale\" content=\"tr_TR\" \/>\n<meta property=\"og:type\" content=\"article\" \/>\n<meta property=\"og:title\" content=\"T\u00fcrkiye&#039;den Avustralya&#039;ya seyahat etmek i\u00e7in vize: buradan \u00e7evrimi\u00e7i ba\u015fvurun\" \/>\n<meta property=\"og:description\" content=\"T\u00fcrkiye&#039;den Avustralya&#039;ya seyahat etmek i\u00e7in vize: buradan \u00e7evrimi\u00e7i ba\u015fvurun.\" \/>\n<meta property=\"og:url\" content=\"https:\/\/auvisa.org\/tr\/\" \/>\n<meta property=\"og:site_name\" content=\"Auvisa.org\" \/>\n<meta property=\"article:modified_time\" content=\"2024-01-09T14:32:30+00:00\" \/>\n<meta property=\"og:image\" content=\"https:\/\/auvisa.org\/uk\/wp-content\/uploads\/sites\/6\/2020\/02\/001-travel.png\" \/>\n<meta name=\"twitter:card\" content=\"summary_large_image\" \/>\n<meta name=\"twitter:label1\" content=\"Tahmini okuma s\u00fcresi\" \/>\n\t<meta name=\"twitter:data1\" content=\"4 dakika\" \/>\n<script type=\"application\/ld+json\" class=\"yoast-schema-graph\">{\"@context\":\"https:\/\/schema.org\",\"@graph\":[{\"@type\":\"WebPage\",\"@id\":\"https:\/\/auvisa.org\/tr\/\",\"url\":\"https:\/\/auvisa.org\/tr\/\",\"name\":\"T\u00fcrkiye'den Avustralya'ya seyahat etmek i\u00e7in vize: buradan \u00e7evrimi\u00e7i ba\u015fvurun\",\"isPartOf\":{\"@id\":\"https:\/\/auvisa.org\/tr\/#website\"},\"primaryImageOfPage\":{\"@id\":\"https:\/\/auvisa.org\/tr\/#primaryimage\"},\"image\":{\"@id\":\"https:\/\/auvisa.org\/tr\/#primaryimage\"},\"thumbnailUrl\":\"https:\/\/auvisa.org\/uk\/wp-content\/uploads\/sites\/6\/2020\/02\/001-travel.png\",\"datePublished\":\"2019-11-20T14:20:25+00:00\",\"dateModified\":\"2024-01-09T14:32:30+00:00\",\"description\":\"T\u00fcrkiye'den Avustralya'ya seyahat etmek i\u00e7in vize: buradan \u00e7evrimi\u00e7i ba\u015fvurun.\",\"breadcrumb\":{\"@id\":\"https:\/\/auvisa.org\/tr\/#breadcrumb\"},\"inLanguage\":\"tr\",\"potentialAction\":[{\"@type\":\"ReadAction\",\"target\":[\"https:\/\/auvisa.org\/tr\/\"]}]},{\"@type\":\"ImageObject\",\"inLanguage\":\"tr\",\"@id\":\"https:\/\/auvisa.org\/tr\/#primaryimage\",\"url\":\"https:\/\/auvisa.org\/uk\/wp-content\/uploads\/sites\/6\/2020\/02\/001-travel.png\",\"contentUrl\":\"https:\/\/auvisa.org\/uk\/wp-content\/uploads\/sites\/6\/2020\/02\/001-travel.png\"},{\"@type\":\"BreadcrumbList\",\"@id\":\"https:\/\/auvisa.org\/tr\/#breadcrumb\",\"itemListElement\":[{\"@type\":\"ListItem\",\"position\":1,\"name\":\"Home\",\"item\":\"https:\/\/auvisa.org\/tr\/\"},{\"@type\":\"ListItem\",\"position\":2,\"name\":\"Home page\"}]},{\"@type\":\"WebSite\",\"@id\":\"https:\/\/auvisa.org\/tr\/#website\",\"url\":\"https:\/\/auvisa.org\/tr\/\",\"name\":\"Auvisa.org\",\"description\":\"\",\"inLanguage\":\"tr\"}]}<\/script>\n<!-- \/ Yoast SEO plugin. -->","yoast_head_json":{"title":"T\u00fcrkiye'den Avustralya'ya seyahat etmek i\u00e7in vize: buradan \u00e7evrimi\u00e7i ba\u015fvurun","description":"T\u00fcrkiye'den Avustralya'ya seyahat etmek i\u00e7in vize: buradan \u00e7evrimi\u00e7i ba\u015fvurun.","robots":{"index":"index","follow":"follow","max-snippet":"max-snippet:-1","max-image-preview":"max-image-preview:large","max-video-preview":"max-video-preview:-1"},"canonical":"https:\/\/auvisa.org\/tr\/","og_locale":"tr_TR","og_type":"article","og_title":"T\u00fcrkiye'den Avustralya'ya seyahat etmek i\u00e7in vize: buradan \u00e7evrimi\u00e7i ba\u015fvurun","og_description":"T\u00fcrkiye'den Avustralya'ya seyahat etmek i\u00e7in vize: buradan \u00e7evrimi\u00e7i ba\u015fvurun.","og_url":"https:\/\/auvisa.org\/tr\/","og_site_name":"Auvisa.org","article_modified_time":"2024-01-09T14:32:30+00:00","og_image":[{"url":"https:\/\/auvisa.org\/uk\/wp-content\/uploads\/sites\/6\/2020\/02\/001-travel.png","type":"","width":"","height":""}],"twitter_card":"summary_large_image","twitter_misc":{"Tahmini okuma s\u00fcresi":"4 dakika"},"schema":{"@context":"https:\/\/schema.org","@graph":[{"@type":"WebPage","@id":"https:\/\/auvisa.org\/tr\/","url":"https:\/\/auvisa.org\/tr\/","name":"T\u00fcrkiye'den Avustralya'ya seyahat etmek i\u00e7in vize: buradan \u00e7evrimi\u00e7i ba\u015fvurun","isPartOf":{"@id":"https:\/\/auvisa.org\/tr\/#website"},"primaryImageOfPage":{"@id":"https:\/\/auvisa.org\/tr\/#primaryimage"},"image":{"@id":"https:\/\/auvisa.org\/tr\/#primaryimage"},"thumbnailUrl":"https:\/\/auvisa.org\/uk\/wp-content\/uploads\/sites\/6\/2020\/02\/001-travel.png","datePublished":"2019-11-20T14:20:25+00:00","dateModified":"2024-01-09T14:32:30+00:00","description":"T\u00fcrkiye'den Avustralya'ya seyahat etmek i\u00e7in vize: buradan \u00e7evrimi\u00e7i ba\u015fvurun.","breadcrumb":{"@id":"https:\/\/auvisa.org\/tr\/#breadcrumb"},"inLanguage":"tr","potentialAction":[{"@type":"ReadAction","target":["https:\/\/auvisa.org\/tr\/"]}]},{"@type":"ImageObject","inLanguage":"tr","@id":"https:\/\/auvisa.org\/tr\/#primaryimage","url":"https:\/\/auvisa.org\/uk\/wp-content\/uploads\/sites\/6\/2020\/02\/001-travel.png","contentUrl":"https:\/\/auvisa.org\/uk\/wp-content\/uploads\/sites\/6\/2020\/02\/001-travel.png"},{"@type":"BreadcrumbList","@id":"https:\/\/auvisa.org\/tr\/#breadcrumb","itemListElement":[{"@type":"ListItem","position":1,"name":"Home","item":"https:\/\/auvisa.org\/tr\/"},{"@type":"ListItem","position":2,"name":"Home page"}]},{"@type":"WebSite","@id":"https:\/\/auvisa.org\/tr\/#website","url":"https:\/\/auvisa.org\/tr\/","name":"Auvisa.org","description":"","inLanguage":"tr"}]}},"_links":{"self":[{"href":"https:\/\/auvisa.org\/tr\/wp-json\/wp\/v2\/pages\/12","targetHints":{"allow":["GET"]}}],"collection":[{"href":"https:\/\/auvisa.org\/tr\/wp-json\/wp\/v2\/pages"}],"about":[{"href":"https:\/\/auvisa.org\/tr\/wp-json\/wp\/v2\/types\/page"}],"author":[{"embeddable":true,"href":"https:\/\/auvisa.org\/tr\/wp-json\/wp\/v2\/users\/1"}],"replies":[{"embeddable":true,"href":"https:\/\/auvisa.org\/tr\/wp-json\/wp\/v2\/comments?post=12"}],"version-history":[{"count":210,"href":"https:\/\/auvisa.org\/tr\/wp-json\/wp\/v2\/pages\/12\/revisions"}],"predecessor-version":[{"id":9808,"href":"https:\/\/auvisa.org\/tr\/wp-json\/wp\/v2\/pages\/12\/revisions\/9808"}],"wp:attachment":[{"href":"https:\/\/auvisa.org\/tr\/wp-json\/wp\/v2\/media?parent=12"}],"curies":[{"name":"wp","href":"https:\/\/api.w.org\/{rel}","templated":true}]}}