{"id":1749,"date":"2020-01-07T16:28:00","date_gmt":"2020-01-07T16:28:00","guid":{"rendered":"https:\/\/dev.auvisa.org\/?page_id=1749"},"modified":"2021-05-28T08:59:54","modified_gmt":"2021-05-28T08:59:54","slug":"visa-longterm","status":"publish","type":"page","link":"https:\/\/auvisa.org\/tr\/visa-longterm\/","title":{"rendered":"Avustralya vize ba\u015fvuru formu (T\u00fcrkiye)"},"content":{"rendered":"\n<div style=\"height:20px\" aria-hidden=\"true\" class=\"wp-block-spacer\"><\/div>\n\n\n\n<p>Avustralya\u2019n\u0131n Uzun S\u00fcreli Vizesi (resmi olarak Ziyaret\u00e7i Vizesi &#8211; Alt S\u0131n\u0131f 600 olarak bilinir), Avustralya&#8217;da daha uzun s\u00fcre kalmak i\u00e7in ge\u00e7ici vize olarak tasarlanm\u0131\u015ft\u0131r.<\/p>\n\n\n\n<p>Ba\u015fvurmakla birlikte, \u015fu anda \u00fclkede sona erecek olan ba\u015fka bir vize ile Avustralya&#8217;da kal\u0131yorsan\u0131z, <strong>Avustralya&#8217;daki kal\u0131\u015f\u0131n\u0131z\u0131 uzatmak i\u00e7in de kullanabilece\u011finiz 3, 6 ve 12 ayl\u0131k ge\u00e7erlilik s\u00fcreleri aras\u0131ndan se\u00e7im yapabilirsiniz<\/strong>.<\/p>\n\n\n\n<p>Formu doldururken, birka\u00e7 se\u00e7enek aras\u0131ndan se\u00e7im yapman\u0131z gerekecektir:<\/p>\n\n\n\n<p><strong>Turizm ziyaret\u00e7i vizesi<\/strong>: Tatil i\u00e7in Avustralya&#8217;ya seyahat ediyorsan\u0131z veya ailenizi ve arkada\u015flar\u0131n\u0131z\u0131 ziyaret etmek i\u00e7in ba\u015fvuru formunda bu t\u00fcr vizeyi se\u00e7in. Ayr\u0131ca 3 aya kadar e\u011fitim alman\u0131za izin verilecektir.<\/p>\n\n\n\n<p><strong>Ticari ziyaret\u00e7i vizesi<\/strong>: Bir i\u015f gezisi i\u00e7in Avustralya&#8217;ya seyahat ediyorsan\u0131z ba\u015fvuru formunda bu se\u00e7ene\u011fi se\u00e7in. Genel i\u015f veya istihdam sorgular\u0131, g\u00f6r\u00fc\u015fmeler yapman\u0131za veya konferanslara kat\u0131lman\u0131za izin verilecektir. Ancak, Avustralya&#8217;daki i\u015fletmeler veya kurulu\u015flar i\u00e7in \u00e7al\u0131\u015fman\u0131za veya hizmet sunman\u0131za izin verilmez. Ayr\u0131ca Avustralya kamuoyuna mal veya hizmet satman\u0131za izin verilmez.<\/p>\n\n\n\n<p><strong>Sponsorlu aile vizesi<\/strong>: Ailenizi ziyaret etmek ve sponsor olmak i\u00e7in Avustralya&#8217;ya seyahat ediyorsan\u0131z ba\u015fvuru formunda bu t\u00fcr vizeyi se\u00e7in. Daha sonra sponsorunuzdan bir tahvil temin etmesi istenebilir.<\/p>\n\n\n\n<p><strong>Vize uzatmas\u0131<\/strong>: Halihaz\u0131rda s\u00fcresi dolacak bir vize ile Avustralya&#8217;da bulunuyorsan\u0131z, kal\u0131\u015f\u0131n\u0131z\u0131 uzatmak i\u00e7in uzun s\u00fcreli bir Ziyaret\u00e7i Vizesine ba\u015fvurabilirsiniz. Bu sadece mevcut vizenizde 8503 \u201cKalma s\u00fcresi kalmaz\u201d ko\u015fulunuz yoksa m\u00fcmk\u00fcnd\u00fcr.<\/p>\n\n\n\n<p>Uzun s\u00fcreli vizelerin fiyat\u0131 349 EUR&#8217;dur. Ba\u015fvurdu\u011funuzda Avustralya&#8217;daysan\u0131z, ki\u015fi ba\u015f\u0131 150 EUR ek \u00fccret al\u0131n\u0131r.<\/p>\n\n\n\n<div style=\"height:61px\" aria-hidden=\"true\" class=\"wp-block-spacer\"><\/div>\n\n\n\n<h3 class=\"wp-block-heading\">Ba\u015fvuru i\u015flemini ba\u015flatmak i\u00e7in e-posta adresinizi girin ve onaylay\u0131n:<\/h3>\n","protected":false},"excerpt":{"rendered":"<p>Avustralya\u2019n\u0131n Uzun S\u00fcreli Vizesi (resmi olarak Ziyaret\u00e7i Vizesi &#8211; Alt S\u0131n\u0131f 600 olarak bilinir), Avustralya&#8217;da daha uzun s\u00fcre kalmak i\u00e7in [&#8230;]<\/p>\n<p><a class=\"btn btn-secondary understrap-read-more-link\" href=\"https:\/\/auvisa.org\/tr\/visa-longterm\/\">Daha fazlas\u0131n\u0131 oku\u2026<span class=\"screen-reader-text\"> from Avustralya vize ba\u015fvuru formu (T\u00fcrkiye)<\/span><\/a><\/p>\n","protected":false},"author":3,"featured_media":0,"parent":0,"menu_order":32,"comment_status":"closed","ping_status":"closed","template":"templates\/tpl_acf_form.php","meta":{"inline_featured_image":false,"footnotes":""},"class_list":["post-1749","page","type-page","status-publish","hentry"],"yoast_head":"<!-- This site is optimized with the Yoast SEO plugin v26.9 - https:\/\/yoast.com\/product\/yoast-seo-wordpress\/ -->\n<title>Avustralya vize ba\u015fvuru formu (T\u00fcrkiye)<\/title>\n<meta name=\"description\" content=\"Avustralya&#039;n\u0131n Uzun S\u00fcreli Vizesi (Ziyaret\u00e7i Vizesi - Alt S\u0131n\u0131f 600) 3, 6 veya 12 ayl\u0131k konaklamalar i\u00e7indir. Avustralya&#039;da kal\u0131\u015f s\u00fcrenizi uzatmak i\u00e7in de yararl\u0131d\u0131r. \u015eimdi \u00e7evrimi\u00e7i ba\u015fvurun.\" \/>\n<meta name=\"robots\" content=\"index, follow, max-snippet:-1, max-image-preview:large, max-video-preview:-1\" \/>\n<link rel=\"canonical\" href=\"https:\/\/auvisa.org\/tr\/visa-longterm\/\" \/>\n<meta property=\"og:locale\" content=\"tr_TR\" \/>\n<meta property=\"og:type\" content=\"article\" \/>\n<meta property=\"og:title\" content=\"Avustralya vize ba\u015fvuru formu (T\u00fcrkiye)\" \/>\n<meta property=\"og:description\" content=\"Avustralya&#039;n\u0131n Uzun S\u00fcreli Vizesi (Ziyaret\u00e7i Vizesi - Alt S\u0131n\u0131f 600) 3, 6 veya 12 ayl\u0131k konaklamalar i\u00e7indir. Avustralya&#039;da kal\u0131\u015f s\u00fcrenizi uzatmak i\u00e7in de yararl\u0131d\u0131r. \u015eimdi \u00e7evrimi\u00e7i ba\u015fvurun.\" \/>\n<meta property=\"og:url\" content=\"https:\/\/auvisa.org\/tr\/visa-longterm\/\" \/>\n<meta property=\"og:site_name\" content=\"Auvisa.org\" \/>\n<meta property=\"article:modified_time\" content=\"2021-05-28T08:59:54+00:00\" \/>\n<meta name=\"twitter:card\" content=\"summary_large_image\" \/>\n<meta name=\"twitter:label1\" content=\"Tahmini okuma s\u00fcresi\" \/>\n\t<meta name=\"twitter:data1\" content=\"2 dakika\" \/>\n<script type=\"application\/ld+json\" class=\"yoast-schema-graph\">{\"@context\":\"https:\/\/schema.org\",\"@graph\":[{\"@type\":\"WebPage\",\"@id\":\"https:\/\/auvisa.org\/tr\/visa-longterm\/\",\"url\":\"https:\/\/auvisa.org\/tr\/visa-longterm\/\",\"name\":\"Avustralya vize ba\u015fvuru formu (T\u00fcrkiye)\",\"isPartOf\":{\"@id\":\"https:\/\/auvisa.org\/tr\/#website\"},\"datePublished\":\"2020-01-07T16:28:00+00:00\",\"dateModified\":\"2021-05-28T08:59:54+00:00\",\"description\":\"Avustralya&#039;n\u0131n Uzun S\u00fcreli Vizesi (Ziyaret\u00e7i Vizesi - Alt S\u0131n\u0131f 600) 3, 6 veya 12 ayl\u0131k konaklamalar i\u00e7indir. Avustralya&#039;da kal\u0131\u015f s\u00fcrenizi uzatmak i\u00e7in de yararl\u0131d\u0131r. \u015eimdi \u00e7evrimi\u00e7i ba\u015fvurun.\",\"breadcrumb\":{\"@id\":\"https:\/\/auvisa.org\/tr\/visa-longterm\/#breadcrumb\"},\"inLanguage\":\"tr\",\"potentialAction\":[{\"@type\":\"ReadAction\",\"target\":[\"https:\/\/auvisa.org\/tr\/visa-longterm\/\"]}]},{\"@type\":\"BreadcrumbList\",\"@id\":\"https:\/\/auvisa.org\/tr\/visa-longterm\/#breadcrumb\",\"itemListElement\":[{\"@type\":\"ListItem\",\"position\":1,\"name\":\"Home\",\"item\":\"https:\/\/auvisa.org\/tr\/\"},{\"@type\":\"ListItem\",\"position\":2,\"name\":\"Avustralya vize ba\u015fvuru formu (T\u00fcrkiye)\"}]},{\"@type\":\"WebSite\",\"@id\":\"https:\/\/auvisa.org\/tr\/#website\",\"url\":\"https:\/\/auvisa.org\/tr\/\",\"name\":\"Auvisa.org\",\"description\":\"\",\"inLanguage\":\"tr\"}]}<\/script>\n<!-- \/ Yoast SEO plugin. -->","yoast_head_json":{"title":"Avustralya vize ba\u015fvuru formu (T\u00fcrkiye)","description":"Avustralya&#039;n\u0131n Uzun S\u00fcreli Vizesi (Ziyaret\u00e7i Vizesi - Alt S\u0131n\u0131f 600) 3, 6 veya 12 ayl\u0131k konaklamalar i\u00e7indir. Avustralya&#039;da kal\u0131\u015f s\u00fcrenizi uzatmak i\u00e7in de yararl\u0131d\u0131r. \u015eimdi \u00e7evrimi\u00e7i ba\u015fvurun.","robots":{"index":"index","follow":"follow","max-snippet":"max-snippet:-1","max-image-preview":"max-image-preview:large","max-video-preview":"max-video-preview:-1"},"canonical":"https:\/\/auvisa.org\/tr\/visa-longterm\/","og_locale":"tr_TR","og_type":"article","og_title":"Avustralya vize ba\u015fvuru formu (T\u00fcrkiye)","og_description":"Avustralya&#039;n\u0131n Uzun S\u00fcreli Vizesi (Ziyaret\u00e7i Vizesi - Alt S\u0131n\u0131f 600) 3, 6 veya 12 ayl\u0131k konaklamalar i\u00e7indir. Avustralya&#039;da kal\u0131\u015f s\u00fcrenizi uzatmak i\u00e7in de yararl\u0131d\u0131r. \u015eimdi \u00e7evrimi\u00e7i ba\u015fvurun.","og_url":"https:\/\/auvisa.org\/tr\/visa-longterm\/","og_site_name":"Auvisa.org","article_modified_time":"2021-05-28T08:59:54+00:00","twitter_card":"summary_large_image","twitter_misc":{"Tahmini okuma s\u00fcresi":"2 dakika"},"schema":{"@context":"https:\/\/schema.org","@graph":[{"@type":"WebPage","@id":"https:\/\/auvisa.org\/tr\/visa-longterm\/","url":"https:\/\/auvisa.org\/tr\/visa-longterm\/","name":"Avustralya vize ba\u015fvuru formu (T\u00fcrkiye)","isPartOf":{"@id":"https:\/\/auvisa.org\/tr\/#website"},"datePublished":"2020-01-07T16:28:00+00:00","dateModified":"2021-05-28T08:59:54+00:00","description":"Avustralya&#039;n\u0131n Uzun S\u00fcreli Vizesi (Ziyaret\u00e7i Vizesi - Alt S\u0131n\u0131f 600) 3, 6 veya 12 ayl\u0131k konaklamalar i\u00e7indir. Avustralya&#039;da kal\u0131\u015f s\u00fcrenizi uzatmak i\u00e7in de yararl\u0131d\u0131r. \u015eimdi \u00e7evrimi\u00e7i ba\u015fvurun.","breadcrumb":{"@id":"https:\/\/auvisa.org\/tr\/visa-longterm\/#breadcrumb"},"inLanguage":"tr","potentialAction":[{"@type":"ReadAction","target":["https:\/\/auvisa.org\/tr\/visa-longterm\/"]}]},{"@type":"BreadcrumbList","@id":"https:\/\/auvisa.org\/tr\/visa-longterm\/#breadcrumb","itemListElement":[{"@type":"ListItem","position":1,"name":"Home","item":"https:\/\/auvisa.org\/tr\/"},{"@type":"ListItem","position":2,"name":"Avustralya vize ba\u015fvuru formu (T\u00fcrkiye)"}]},{"@type":"WebSite","@id":"https:\/\/auvisa.org\/tr\/#website","url":"https:\/\/auvisa.org\/tr\/","name":"Auvisa.org","description":"","inLanguage":"tr"}]}},"_links":{"self":[{"href":"https:\/\/auvisa.org\/tr\/wp-json\/wp\/v2\/pages\/1749","targetHints":{"allow":["GET"]}}],"collection":[{"href":"https:\/\/auvisa.org\/tr\/wp-json\/wp\/v2\/pages"}],"about":[{"href":"https:\/\/auvisa.org\/tr\/wp-json\/wp\/v2\/types\/page"}],"author":[{"embeddable":true,"href":"https:\/\/auvisa.org\/tr\/wp-json\/wp\/v2\/users\/3"}],"replies":[{"embeddable":true,"href":"https:\/\/auvisa.org\/tr\/wp-json\/wp\/v2\/comments?post=1749"}],"version-history":[{"count":16,"href":"https:\/\/auvisa.org\/tr\/wp-json\/wp\/v2\/pages\/1749\/revisions"}],"predecessor-version":[{"id":7052,"href":"https:\/\/auvisa.org\/tr\/wp-json\/wp\/v2\/pages\/1749\/revisions\/7052"}],"wp:attachment":[{"href":"https:\/\/auvisa.org\/tr\/wp-json\/wp\/v2\/media?parent=1749"}],"curies":[{"name":"wp","href":"https:\/\/api.w.org\/{rel}","templated":true}]}}