{"id":1842,"date":"2019-06-26T07:36:11","date_gmt":"2019-06-26T07:36:11","guid":{"rendered":"https:\/\/auvisa.org\/?p=807"},"modified":"2020-08-05T13:59:00","modified_gmt":"2020-08-05T13:59:00","slug":"uzun-konaklama-vize-australia","status":"publish","type":"page","link":"https:\/\/auvisa.org\/tr\/uzun-konaklama-vize-australia\/","title":{"rendered":"Avustralya&#8217;ya Vize (Uzun S\u00fcreli &#8220;Ziyaret\u00e7i Vizesi&#8221;) &#8211; T\u00fcrkiye"},"content":{"rendered":"<h2 id=\"first-paragraph\">Avustralya&#8217;ya vize (Ziyaret\u00e7i Vizesi &#8211; &#8220;Visitor Visa&#8221;)<\/h2>\n<p>Avustralya&#8217;ya uzun s\u00fcreli vize alt s\u0131n\u0131f 600 vizedir. \u015eunun i\u00e7in tasarlanm\u0131\u015ft\u0131r:<\/p>\n<ul>\n<li>ETA veya eVisitor uygun \u00fclke listesinde olmayan yolcular<\/li>\n<li>turizm, i\u015f veya aile veya arkada\u015f ziyareti i\u00e7in 3 aydan daha uzun bir s\u00fcre Avustralya&#8217;ya seyahat etmek isteyen gezginler<\/li>\n<li>zaten Avustralya&#8217;n\u0131n i\u00e7inde olan ve vizelerini uzatmak isteyen gezginler<\/li>\n<\/ul>\n<h3><strong>\u0130\u015flem s\u00fcresi:<\/strong><\/h3>\n<p>Uzun s\u00fcreli bir &#8220;Ziyaret\u00e7i Vizesi&#8221; i\u015flenmesi 20 g\u00fcn kadar s\u00fcrebilir ve genellikle Avustralya&#8217;daki G\u00f6\u00e7menlik b\u00fcrosu taraf\u0131ndan daha fazla belge \/ bilgi istenir.<\/p>\n<div class=\"text-right\"><a href=\"\/tr\/visa-longterm\/\" class=\"btn  px-5 btn-green\">Ziyaret\u00e7i Vizesi \u0130\u00e7in Ba\u015fvuru<\/a><\/div>\n<h3>Ba\u015fvuruyu yaparken yer:<\/h3>\n<p>Uzun s\u00fcreli vize ba\u015fvurusu mevcut vizeyi uzatmak amac\u0131yla Avustralya&#8217;n\u0131n d\u0131\u015f kesimlerinden (\u00f6rne\u011fin: T\u00fcrkiye) yap\u0131labilir.<\/p>\n<h3>Uzun s\u00fcreli vizenin ge\u00e7erlili\u011fi<\/h3>\n<p>Bir &#8220;Ziyaret\u00e7i Vizesi&#8221; tek giri\u015f veya birden fazla giri\u015f ile verilebilir. Her giri\u015f 3, 6 veya 12 ay boyunca ge\u00e7erli olabilir<\/p>\n<h3>Uzun s\u00fcreli vizenin \u015fartlar\u0131:<\/h3>\n<p>Avusturalya&#8217;da \u00e7al\u0131\u015fmamal\u0131s\u0131n\u0131z (g\u00f6n\u00fcll\u00fc \u00e7al\u0131\u015fmaya izin verilebilir)<br \/>\nAvustralya&#8217;da 3 aydan fazla e\u011fitim almamal\u0131s\u0131n\u0131z<\/p>\n<h3>Mevcut Avustralya vizesi nas\u0131l uzat\u0131l\u0131r<\/h3>\n<p>Mevcut vizenin \u201cdaha \u200b\u200bfazla kalma yok\u201d ko\u015fulu yoksa, ge\u00e7erli vizenizin uzat\u0131lmas\u0131 i\u00e7in ba\u015fvurmak \u00fczere bu vize t\u00fcr\u00fcn\u00fc kullanabilirsiniz. Ba\u015fvuru s\u00fcrecinde Avustralya&#8217;n\u0131n i\u00e7inde kalabilirsiniz.<\/p>\n<h3>T\u0131bbi gereksinimler<\/h3>\n<p>6 aydan uzun s\u00fcredir ba\u015fvuruyorsan\u0131z, g\u00f6\u011f\u00fcs r\u00f6ntgeni ve \/ veya t\u0131bbi muayene yapt\u0131rman\u0131z istenebilir. 75 ya\u015f\u0131n \u00fczerindeyseniz veya Avustralya G\u00f6\u00e7menlikinin bir risk seviyesine sahip oldu\u011funu d\u00fc\u015f\u00fcnd\u00fc\u011f\u00fc bir \u00fclkeden geliyorsan\u0131z, vizenin t\u0131bbi gereksinimlerini kar\u015f\u0131layabilece\u011finize dair kan\u0131t sunman\u0131z gerekecektir.<\/p>\n<h3>Fon kan\u0131t\u0131<\/h3>\n<p>Uzun s\u00fcreli vize ba\u015fvurusunda bulunurken, Avustralya&#8217;daki t\u00fcm konaklama s\u00fcresince kendinizi desteklemek i\u00e7in yeterli paran\u0131z olmas\u0131 gerekir. G\u00f6\u00e7menlik b\u00f6yle bir kan\u0131t isteyebilir, \u00f6rne\u011fin bir banka ekstresi.<\/p>\n<div class=\"text-right\"><a href=\"\/tr\/visa-longterm\/\" class=\"btn  px-5 btn-green\">Ziyaret\u00e7i Vizesi \u0130\u00e7in Ba\u015fvuru<\/a><\/div>\n","protected":false},"excerpt":{"rendered":"<p>Avustralya&#8217;ya vize (Ziyaret\u00e7i Vizesi &#8211; &#8220;Visitor Visa&#8221;) Avustralya&#8217;ya uzun s\u00fcreli vize alt s\u0131n\u0131f 600 vizedir. \u015eunun i\u00e7in tasarlanm\u0131\u015ft\u0131r: ETA veya [&#8230;]<\/p>\n<p><a class=\"btn btn-secondary understrap-read-more-link\" href=\"https:\/\/auvisa.org\/tr\/uzun-konaklama-vize-australia\/\">Daha fazlas\u0131n\u0131 oku\u2026<span class=\"screen-reader-text\"> from Avustralya&#8217;ya Vize (Uzun S\u00fcreli &#8220;Ziyaret\u00e7i Vizesi&#8221;) &#8211; T\u00fcrkiye<\/span><\/a><\/p>\n","protected":false},"author":1,"featured_media":0,"parent":0,"menu_order":11,"comment_status":"closed","ping_status":"closed","template":"templates\/tpl_spiegazione.php","meta":{"inline_featured_image":false,"footnotes":""},"class_list":["post-1842","page","type-page","status-publish","hentry"],"yoast_head":"<!-- This site is optimized with the Yoast SEO plugin v26.9 - https:\/\/yoast.com\/product\/yoast-seo-wordpress\/ -->\n<title>Avustralya&#039;ya Vize (Uzun S\u00fcreli &quot;Ziyaret\u00e7i Vizesi&quot;) - T\u00fcrkiye<\/title>\n<meta name=\"description\" content=\"Avustralya&#039;ya uzun s\u00fcreli ziyaret\u00e7i vizeleri (alt s\u0131n\u0131f 600, &quot;Ziyaret\u00e7i Vizesi&quot;) Avustralya&#039;da 3, 6 veya 12 ay kalmak veya Avustralya vizelerini uzatmak isteyen T\u00fcrk vatanda\u015flar\u0131 i\u00e7indir.\" \/>\n<meta name=\"robots\" content=\"index, follow, max-snippet:-1, max-image-preview:large, max-video-preview:-1\" \/>\n<link rel=\"canonical\" href=\"https:\/\/auvisa.org\/tr\/uzun-konaklama-vize-australia\/\" \/>\n<meta property=\"og:locale\" content=\"tr_TR\" \/>\n<meta property=\"og:type\" content=\"article\" \/>\n<meta property=\"og:title\" content=\"Avustralya&#039;ya Vize (Uzun S\u00fcreli &quot;Ziyaret\u00e7i Vizesi&quot;) - T\u00fcrkiye\" \/>\n<meta property=\"og:description\" content=\"Avustralya&#039;ya uzun s\u00fcreli ziyaret\u00e7i vizeleri (alt s\u0131n\u0131f 600, &quot;Ziyaret\u00e7i Vizesi&quot;) Avustralya&#039;da 3, 6 veya 12 ay kalmak veya Avustralya vizelerini uzatmak isteyen T\u00fcrk vatanda\u015flar\u0131 i\u00e7indir.\" \/>\n<meta property=\"og:url\" content=\"https:\/\/auvisa.org\/tr\/uzun-konaklama-vize-australia\/\" \/>\n<meta property=\"og:site_name\" content=\"Auvisa.org\" \/>\n<meta property=\"article:modified_time\" content=\"2020-08-05T13:59:00+00:00\" \/>\n<meta name=\"twitter:card\" content=\"summary_large_image\" \/>\n<meta name=\"twitter:label1\" content=\"Tahmini okuma s\u00fcresi\" \/>\n\t<meta name=\"twitter:data1\" content=\"2 dakika\" \/>\n<script type=\"application\/ld+json\" class=\"yoast-schema-graph\">{\"@context\":\"https:\/\/schema.org\",\"@graph\":[{\"@type\":\"WebPage\",\"@id\":\"https:\/\/auvisa.org\/tr\/uzun-konaklama-vize-australia\/\",\"url\":\"https:\/\/auvisa.org\/tr\/uzun-konaklama-vize-australia\/\",\"name\":\"Avustralya&#039;ya Vize (Uzun S\u00fcreli &quot;Ziyaret\u00e7i Vizesi&quot;) - T\u00fcrkiye\",\"isPartOf\":{\"@id\":\"https:\/\/auvisa.org\/tr\/#website\"},\"datePublished\":\"2019-06-26T07:36:11+00:00\",\"dateModified\":\"2020-08-05T13:59:00+00:00\",\"description\":\"Avustralya&#039;ya uzun s\u00fcreli ziyaret\u00e7i vizeleri (alt s\u0131n\u0131f 600, &quot;Ziyaret\u00e7i Vizesi&quot;) Avustralya&#039;da 3, 6 veya 12 ay kalmak veya Avustralya vizelerini uzatmak isteyen T\u00fcrk vatanda\u015flar\u0131 i\u00e7indir.\",\"breadcrumb\":{\"@id\":\"https:\/\/auvisa.org\/tr\/uzun-konaklama-vize-australia\/#breadcrumb\"},\"inLanguage\":\"tr\",\"potentialAction\":[{\"@type\":\"ReadAction\",\"target\":[\"https:\/\/auvisa.org\/tr\/uzun-konaklama-vize-australia\/\"]}]},{\"@type\":\"BreadcrumbList\",\"@id\":\"https:\/\/auvisa.org\/tr\/uzun-konaklama-vize-australia\/#breadcrumb\",\"itemListElement\":[{\"@type\":\"ListItem\",\"position\":1,\"name\":\"Home\",\"item\":\"https:\/\/auvisa.org\/tr\/\"},{\"@type\":\"ListItem\",\"position\":2,\"name\":\"Avustralya&#8217;ya Vize (Uzun S\u00fcreli &#8220;Ziyaret\u00e7i Vizesi&#8221;) &#8211; T\u00fcrkiye\"}]},{\"@type\":\"WebSite\",\"@id\":\"https:\/\/auvisa.org\/tr\/#website\",\"url\":\"https:\/\/auvisa.org\/tr\/\",\"name\":\"Auvisa.org\",\"description\":\"\",\"inLanguage\":\"tr\"}]}<\/script>\n<!-- \/ Yoast SEO plugin. -->","yoast_head_json":{"title":"Avustralya&#039;ya Vize (Uzun S\u00fcreli &quot;Ziyaret\u00e7i Vizesi&quot;) - T\u00fcrkiye","description":"Avustralya&#039;ya uzun s\u00fcreli ziyaret\u00e7i vizeleri (alt s\u0131n\u0131f 600, &quot;Ziyaret\u00e7i Vizesi&quot;) Avustralya&#039;da 3, 6 veya 12 ay kalmak veya Avustralya vizelerini uzatmak isteyen T\u00fcrk vatanda\u015flar\u0131 i\u00e7indir.","robots":{"index":"index","follow":"follow","max-snippet":"max-snippet:-1","max-image-preview":"max-image-preview:large","max-video-preview":"max-video-preview:-1"},"canonical":"https:\/\/auvisa.org\/tr\/uzun-konaklama-vize-australia\/","og_locale":"tr_TR","og_type":"article","og_title":"Avustralya&#039;ya Vize (Uzun S\u00fcreli &quot;Ziyaret\u00e7i Vizesi&quot;) - T\u00fcrkiye","og_description":"Avustralya&#039;ya uzun s\u00fcreli ziyaret\u00e7i vizeleri (alt s\u0131n\u0131f 600, &quot;Ziyaret\u00e7i Vizesi&quot;) Avustralya&#039;da 3, 6 veya 12 ay kalmak veya Avustralya vizelerini uzatmak isteyen T\u00fcrk vatanda\u015flar\u0131 i\u00e7indir.","og_url":"https:\/\/auvisa.org\/tr\/uzun-konaklama-vize-australia\/","og_site_name":"Auvisa.org","article_modified_time":"2020-08-05T13:59:00+00:00","twitter_card":"summary_large_image","twitter_misc":{"Tahmini okuma s\u00fcresi":"2 dakika"},"schema":{"@context":"https:\/\/schema.org","@graph":[{"@type":"WebPage","@id":"https:\/\/auvisa.org\/tr\/uzun-konaklama-vize-australia\/","url":"https:\/\/auvisa.org\/tr\/uzun-konaklama-vize-australia\/","name":"Avustralya&#039;ya Vize (Uzun S\u00fcreli &quot;Ziyaret\u00e7i Vizesi&quot;) - T\u00fcrkiye","isPartOf":{"@id":"https:\/\/auvisa.org\/tr\/#website"},"datePublished":"2019-06-26T07:36:11+00:00","dateModified":"2020-08-05T13:59:00+00:00","description":"Avustralya&#039;ya uzun s\u00fcreli ziyaret\u00e7i vizeleri (alt s\u0131n\u0131f 600, &quot;Ziyaret\u00e7i Vizesi&quot;) Avustralya&#039;da 3, 6 veya 12 ay kalmak veya Avustralya vizelerini uzatmak isteyen T\u00fcrk vatanda\u015flar\u0131 i\u00e7indir.","breadcrumb":{"@id":"https:\/\/auvisa.org\/tr\/uzun-konaklama-vize-australia\/#breadcrumb"},"inLanguage":"tr","potentialAction":[{"@type":"ReadAction","target":["https:\/\/auvisa.org\/tr\/uzun-konaklama-vize-australia\/"]}]},{"@type":"BreadcrumbList","@id":"https:\/\/auvisa.org\/tr\/uzun-konaklama-vize-australia\/#breadcrumb","itemListElement":[{"@type":"ListItem","position":1,"name":"Home","item":"https:\/\/auvisa.org\/tr\/"},{"@type":"ListItem","position":2,"name":"Avustralya&#8217;ya Vize (Uzun S\u00fcreli &#8220;Ziyaret\u00e7i Vizesi&#8221;) &#8211; T\u00fcrkiye"}]},{"@type":"WebSite","@id":"https:\/\/auvisa.org\/tr\/#website","url":"https:\/\/auvisa.org\/tr\/","name":"Auvisa.org","description":"","inLanguage":"tr"}]}},"_links":{"self":[{"href":"https:\/\/auvisa.org\/tr\/wp-json\/wp\/v2\/pages\/1842","targetHints":{"allow":["GET"]}}],"collection":[{"href":"https:\/\/auvisa.org\/tr\/wp-json\/wp\/v2\/pages"}],"about":[{"href":"https:\/\/auvisa.org\/tr\/wp-json\/wp\/v2\/types\/page"}],"author":[{"embeddable":true,"href":"https:\/\/auvisa.org\/tr\/wp-json\/wp\/v2\/users\/1"}],"replies":[{"embeddable":true,"href":"https:\/\/auvisa.org\/tr\/wp-json\/wp\/v2\/comments?post=1842"}],"version-history":[{"count":38,"href":"https:\/\/auvisa.org\/tr\/wp-json\/wp\/v2\/pages\/1842\/revisions"}],"predecessor-version":[{"id":2645,"href":"https:\/\/auvisa.org\/tr\/wp-json\/wp\/v2\/pages\/1842\/revisions\/2645"}],"wp:attachment":[{"href":"https:\/\/auvisa.org\/tr\/wp-json\/wp\/v2\/media?parent=1842"}],"curies":[{"name":"wp","href":"https:\/\/api.w.org\/{rel}","templated":true}]}}