{"id":1960,"date":"2020-02-16T17:00:47","date_gmt":"2020-02-16T17:00:47","guid":{"rendered":"https:\/\/auvisa.org\/uk\/?page_id=1960"},"modified":"2023-06-15T16:49:02","modified_gmt":"2023-06-15T13:49:02","slug":"gizlilik-politikasi","status":"publish","type":"page","link":"https:\/\/auvisa.org\/tr\/gizlilik-politikasi\/","title":{"rendered":"Gizlilik Politikas\u0131"},"content":{"rendered":"<p>Bu gizlilik politikas\u0131, bu web sitesini kulland\u0131\u011f\u0131n\u0131zda Visa &amp; Immigration Services LTD&#8217;e verdi\u011finiz bilgileri nas\u0131l kulland\u0131\u011f\u0131n\u0131 ve korudu\u011funu belirler.<\/p>\n<p>Visa &amp; Immigration Services LTD, gizlili\u011finizin korunmas\u0131n\u0131 sa\u011flamay\u0131 taahh\u00fct eder. Bu web sitesini kullan\u0131rken tan\u0131mlanabilece\u011finiz belirli bilgileri vermenizi istersek; yaln\u0131zca bu gizlilik bildirimine uygun olarak kullan\u0131laca\u011f\u0131ndan emin olabilirsiniz.<\/p>\n<p>Visa &amp; Immigration Services LTD bu sayfay\u0131 g\u00fcncelleyerek bu politikay\u0131 zaman zaman de\u011fi\u015ftirebilir. Herhangi bir de\u011fi\u015fiklikten memnun oldu\u011funuzdan emin olmak i\u00e7in bu sayfay\u0131 zaman zaman kontrol etmelisiniz. Bu politika 2012-02-10 tarihinden itibaren ge\u00e7erlidir.<\/p>\n<h3>Ne topluyoruz<\/h3>\n<p><strong>A\u015fa\u011f\u0131daki bilgileri toplayabiliriz:<\/strong><\/p>\n<ul>\n<li>Tam ad, do\u011fum tarihi, pasaport numaras\u0131 ve veren detaylar<\/li>\n<li>E-posta adresi ve posta adresi dahil ileti\u015fim bilgileri<\/li>\n<li>Ba\u015fvurunuzla ilgili di\u011fer bilgiler<\/li>\n<\/ul>\n<h3>Toplad\u0131\u011f\u0131m\u0131z bilgilerle ne yap\u0131yoruz<\/h3>\n<p>Bu bilgilerin, talep etti\u011finiz hizmeti (vize veya giri\u015f izinleri) verebilmesi gerekir. Bilgiler, vizeleri ve izinleri ele alan ve d\u00fczenleyen devlet kurumlar\u0131 taraf\u0131ndan istenmektedir.<\/p>\n<p>Ba\u015fvurunuzu dosyalayabilmek i\u00e7in bilgilerinizi d\u00fczenleyen makama g\u00f6ndeririz. Bu, \u015fifreli ve g\u00fcvenli bir ba\u011flant\u0131 ile elektronik olarak yap\u0131l\u0131r.<\/p>\n<p>Sonu\u00e7 veya ba\u015fvurunuz da dahil olmak \u00fczere girdi\u011finiz bilgiler, daha sonra bu verilere giri\u015f yapabilmeniz ve bu verilere eri\u015febilmeniz i\u00e7in sistemimizde saklanacakt\u0131r.<\/p>\n<h3>G\u00fcvenlik<\/h3>\n<p>Bilgilerinizin g\u00fcvenli oldu\u011fundan emin olmay\u0131 taahh\u00fct ediyoruz. Yetkisiz eri\u015fimi veya if\u015fay\u0131 \u00f6nlemek i\u00e7in, \u00e7evrimi\u00e7i olarak toplad\u0131\u011f\u0131m\u0131z bilgileri korumak ve g\u00fcvenceye almak i\u00e7in uygun fiziksel, elektronik ve y\u00f6netimsel prosed\u00fcrleri uygulamaya koyduk.<\/p>\n<h3>\u00c7erezleri nas\u0131l kullan\u0131yoruz<\/h3>\n<p>\u00c7erez, bilgisayar\u0131n\u0131z\u0131n sabit diskine yerle\u015ftirilmek i\u00e7in izin isteyen k\u00fc\u00e7\u00fck bir dosyad\u0131r. Kabul etti\u011finizde, dosya eklenir ve \u00e7erez web trafi\u011fini analiz etmeye yard\u0131mc\u0131 olur veya belirli bir siteyi ziyaret etti\u011finizde size bilgi verir. \u00c7erezler, web uygulamalar\u0131n\u0131n size bireysel olarak yan\u0131t vermesine izin verir. Web uygulamas\u0131, tercihleriniz hakk\u0131nda bilgi toplayarak ve hat\u0131rlayarak i\u015flemlerini ihtiya\u00e7lar\u0131n\u0131za, be\u011fenilerinize ve be\u011fenilmedi\u011finize g\u00f6re d\u00fczenleyebilir.<\/p>\n<p>Hangi sayfalar\u0131n kullan\u0131ld\u0131\u011f\u0131n\u0131 belirlemek i\u00e7in trafik g\u00fcnl\u00fc\u011f\u00fc \u00e7erezlerini kullan\u0131yoruz. Bu, web sayfas\u0131 trafi\u011fiyle ilgili verileri analiz etmemize ve web sitemizi m\u00fc\u015fteri ihtiya\u00e7lar\u0131na g\u00f6re uyarlamam\u0131za yard\u0131mc\u0131 olur. Bu bilgileri yaln\u0131zca istatistiksel analiz amac\u0131yla kullan\u0131yoruz.<\/p>\n<p>Genel olarak, \u00e7erezler hangi sayfalar\u0131 yararl\u0131 buldu\u011funuzu ve hangilerini kullanmad\u0131\u011f\u0131n\u0131z\u0131 izlememizi sa\u011flayarak size daha iyi bir web sitesi sunmam\u0131za yard\u0131mc\u0131 olur. \u00c7erez hi\u00e7bir \u015fekilde bizimle payla\u015fmay\u0131 se\u00e7ti\u011finiz veriler d\u0131\u015f\u0131nda bilgisayar\u0131n\u0131za veya sizinle ilgili herhangi bir bilgiye eri\u015fmemizi sa\u011flar.<\/p>\n<p>\u00c7erezleri kabul etmeyi veya reddetmeyi se\u00e7ebilirsiniz. \u00c7o\u011fu web taray\u0131c\u0131s\u0131 \u00e7erezleri otomatik olarak kabul eder, ancak isterseniz taray\u0131c\u0131 ayarlar\u0131n\u0131z\u0131 genellikle \u00e7erezleri reddetmek i\u00e7in de\u011fi\u015ftirebilirsiniz. Bu, web sitesinden tam olarak yararlanman\u0131z\u0131 engelleyebilir. Taray\u0131c\u0131n\u0131z buna izin verecek \u015fekilde ayarlanm\u0131\u015fsa, bu web sitesi bilgisayar\u0131n\u0131zda zaten \u00e7erezler ayarlam\u0131\u015ft\u0131r. Bunu onaylamazsan\u0131z, bu pencereyi kapatabilir ve \u00e7erezleri taray\u0131c\u0131n\u0131zdan kald\u0131rabilirsiniz.<\/p>\n<h3>Di\u011fer web sitelerine ba\u011flant\u0131lar<\/h3>\n<p>Web sitemiz di\u011fer ilgi \u00e7ekici web sitelerine ba\u011flant\u0131lar i\u00e7erebilir. Ancak, sitemizden ayr\u0131lmak i\u00e7in bu ba\u011flant\u0131lar\u0131 kulland\u0131ktan sonra, di\u011fer web sitesi \u00fczerinde herhangi bir kontrol\u00fcm\u00fcz olmad\u0131\u011f\u0131n\u0131 unutmay\u0131n. Bu nedenle, bu siteleri ziyaret ederken verdi\u011finiz hi\u00e7bir bilginin korunmas\u0131ndan ve gizlili\u011finden sorumlu olamay\u0131z ve bu siteler bu gizlilik bildirimine tabi de\u011fildir. Dikkatli olman\u0131z ve s\u00f6z konusu web sitesi i\u00e7in ge\u00e7erli gizlilik bildirimine bakman\u0131z gerekir.<\/p>\n<h3>Ki\u015fisel bilgilerinizi kontrol etme<\/h3>\n<p>\u0130zniniz yoksa veya yasalarca gerekli olmad\u0131k\u00e7a, ki\u015fisel bilgilerinizi \u00fc\u00e7\u00fcnc\u00fc taraflara satmayacak, da\u011f\u0131tmayacak veya kiralamayaca\u011f\u0131z. Ki\u015fisel bilgilerinizi asla \u00fc\u00e7\u00fcnc\u00fc taraflardan promosyon bilgileri g\u00f6ndermek i\u00e7in kullanmayaca\u011f\u0131z. Ba\u015fvurunuzu tamamlamak i\u00e7in bilgilerinizi vize veya izin veren ilgili devlet kurumlar\u0131na vermemiz gerekir.<\/p>\n<p>\u00dczerinde tuttu\u011fumuz bilgilerin yanl\u0131\u015f veya eksik oldu\u011funa inan\u0131yorsan\u0131z, l\u00fctfen yukar\u0131daki adrese en k\u0131sa zamanda yaz\u0131n veya bize e-posta g\u00f6nderin. Yanl\u0131\u015f oldu\u011fu tespit edilen bilgileri derhal d\u00fczeltiriz.<\/p>\n<p>Bizden herhangi bir ileti\u015fim almak istemiyorsan\u0131z veya m\u00fc\u015fteri veritaban\u0131m\u0131zdan kald\u0131r\u0131lmak istiyorsan\u0131z, l\u00fctfen iste\u011finizle bizimle ileti\u015fime ge\u00e7mekten \u00e7ekinmeyin; kay\u0131tlar\u0131n\u0131z\u0131 gecikmeden g\u00fcncelleyece\u011fiz veya kald\u0131raca\u011f\u0131z.<\/p>\n","protected":false},"excerpt":{"rendered":"<p>Bu gizlilik politikas\u0131, bu web sitesini kulland\u0131\u011f\u0131n\u0131zda Visa &amp; Immigration Services LTD&#8217;e verdi\u011finiz bilgileri nas\u0131l kulland\u0131\u011f\u0131n\u0131 ve korudu\u011funu belirler. Visa [&#8230;]<\/p>\n<p><a class=\"btn btn-secondary understrap-read-more-link\" href=\"https:\/\/auvisa.org\/tr\/gizlilik-politikasi\/\">Daha fazlas\u0131n\u0131 oku\u2026<span class=\"screen-reader-text\"> from Gizlilik Politikas\u0131<\/span><\/a><\/p>\n","protected":false},"author":4,"featured_media":0,"parent":0,"menu_order":19,"comment_status":"open","ping_status":"open","template":"","meta":{"inline_featured_image":false,"footnotes":""},"class_list":["post-1960","page","type-page","status-publish","hentry"],"yoast_head":"<!-- This site is optimized with the Yoast SEO plugin v26.9 - https:\/\/yoast.com\/product\/yoast-seo-wordpress\/ -->\n<title>Gizlilik Politikas\u0131 - Auvisa.org<\/title>\n<meta name=\"robots\" content=\"index, follow, max-snippet:-1, max-image-preview:large, max-video-preview:-1\" \/>\n<link rel=\"canonical\" href=\"https:\/\/auvisa.org\/tr\/gizlilik-politikasi\/\" \/>\n<meta property=\"og:locale\" content=\"tr_TR\" \/>\n<meta property=\"og:type\" content=\"article\" \/>\n<meta property=\"og:title\" content=\"Gizlilik Politikas\u0131 - Auvisa.org\" \/>\n<meta property=\"og:description\" content=\"Bu gizlilik politikas\u0131, bu web sitesini kulland\u0131\u011f\u0131n\u0131zda Visa &amp; Immigration Services LTD&#8217;e verdi\u011finiz bilgileri nas\u0131l kulland\u0131\u011f\u0131n\u0131 ve korudu\u011funu belirler. Visa [...]Daha fazlas\u0131n\u0131 oku\u2026 from Gizlilik Politikas\u0131\" \/>\n<meta property=\"og:url\" content=\"https:\/\/auvisa.org\/tr\/gizlilik-politikasi\/\" \/>\n<meta property=\"og:site_name\" content=\"Auvisa.org\" \/>\n<meta property=\"article:modified_time\" content=\"2023-06-15T13:49:02+00:00\" \/>\n<meta name=\"twitter:card\" content=\"summary_large_image\" \/>\n<meta name=\"twitter:label1\" content=\"Tahmini okuma s\u00fcresi\" \/>\n\t<meta name=\"twitter:data1\" content=\"4 dakika\" \/>\n<script type=\"application\/ld+json\" class=\"yoast-schema-graph\">{\"@context\":\"https:\/\/schema.org\",\"@graph\":[{\"@type\":\"WebPage\",\"@id\":\"https:\/\/auvisa.org\/tr\/gizlilik-politikasi\/\",\"url\":\"https:\/\/auvisa.org\/tr\/gizlilik-politikasi\/\",\"name\":\"Gizlilik Politikas\u0131 - Auvisa.org\",\"isPartOf\":{\"@id\":\"https:\/\/auvisa.org\/tr\/#website\"},\"datePublished\":\"2020-02-16T17:00:47+00:00\",\"dateModified\":\"2023-06-15T13:49:02+00:00\",\"breadcrumb\":{\"@id\":\"https:\/\/auvisa.org\/tr\/gizlilik-politikasi\/#breadcrumb\"},\"inLanguage\":\"tr\",\"potentialAction\":[{\"@type\":\"ReadAction\",\"target\":[\"https:\/\/auvisa.org\/tr\/gizlilik-politikasi\/\"]}]},{\"@type\":\"BreadcrumbList\",\"@id\":\"https:\/\/auvisa.org\/tr\/gizlilik-politikasi\/#breadcrumb\",\"itemListElement\":[{\"@type\":\"ListItem\",\"position\":1,\"name\":\"Home\",\"item\":\"https:\/\/auvisa.org\/tr\/\"},{\"@type\":\"ListItem\",\"position\":2,\"name\":\"Gizlilik Politikas\u0131\"}]},{\"@type\":\"WebSite\",\"@id\":\"https:\/\/auvisa.org\/tr\/#website\",\"url\":\"https:\/\/auvisa.org\/tr\/\",\"name\":\"Auvisa.org\",\"description\":\"\",\"inLanguage\":\"tr\"}]}<\/script>\n<!-- \/ Yoast SEO plugin. -->","yoast_head_json":{"title":"Gizlilik Politikas\u0131 - Auvisa.org","robots":{"index":"index","follow":"follow","max-snippet":"max-snippet:-1","max-image-preview":"max-image-preview:large","max-video-preview":"max-video-preview:-1"},"canonical":"https:\/\/auvisa.org\/tr\/gizlilik-politikasi\/","og_locale":"tr_TR","og_type":"article","og_title":"Gizlilik Politikas\u0131 - Auvisa.org","og_description":"Bu gizlilik politikas\u0131, bu web sitesini kulland\u0131\u011f\u0131n\u0131zda Visa &amp; Immigration Services LTD&#8217;e verdi\u011finiz bilgileri nas\u0131l kulland\u0131\u011f\u0131n\u0131 ve korudu\u011funu belirler. Visa [...]Daha fazlas\u0131n\u0131 oku\u2026 from Gizlilik Politikas\u0131","og_url":"https:\/\/auvisa.org\/tr\/gizlilik-politikasi\/","og_site_name":"Auvisa.org","article_modified_time":"2023-06-15T13:49:02+00:00","twitter_card":"summary_large_image","twitter_misc":{"Tahmini okuma s\u00fcresi":"4 dakika"},"schema":{"@context":"https:\/\/schema.org","@graph":[{"@type":"WebPage","@id":"https:\/\/auvisa.org\/tr\/gizlilik-politikasi\/","url":"https:\/\/auvisa.org\/tr\/gizlilik-politikasi\/","name":"Gizlilik Politikas\u0131 - Auvisa.org","isPartOf":{"@id":"https:\/\/auvisa.org\/tr\/#website"},"datePublished":"2020-02-16T17:00:47+00:00","dateModified":"2023-06-15T13:49:02+00:00","breadcrumb":{"@id":"https:\/\/auvisa.org\/tr\/gizlilik-politikasi\/#breadcrumb"},"inLanguage":"tr","potentialAction":[{"@type":"ReadAction","target":["https:\/\/auvisa.org\/tr\/gizlilik-politikasi\/"]}]},{"@type":"BreadcrumbList","@id":"https:\/\/auvisa.org\/tr\/gizlilik-politikasi\/#breadcrumb","itemListElement":[{"@type":"ListItem","position":1,"name":"Home","item":"https:\/\/auvisa.org\/tr\/"},{"@type":"ListItem","position":2,"name":"Gizlilik Politikas\u0131"}]},{"@type":"WebSite","@id":"https:\/\/auvisa.org\/tr\/#website","url":"https:\/\/auvisa.org\/tr\/","name":"Auvisa.org","description":"","inLanguage":"tr"}]}},"_links":{"self":[{"href":"https:\/\/auvisa.org\/tr\/wp-json\/wp\/v2\/pages\/1960","targetHints":{"allow":["GET"]}}],"collection":[{"href":"https:\/\/auvisa.org\/tr\/wp-json\/wp\/v2\/pages"}],"about":[{"href":"https:\/\/auvisa.org\/tr\/wp-json\/wp\/v2\/types\/page"}],"author":[{"embeddable":true,"href":"https:\/\/auvisa.org\/tr\/wp-json\/wp\/v2\/users\/4"}],"replies":[{"embeddable":true,"href":"https:\/\/auvisa.org\/tr\/wp-json\/wp\/v2\/comments?post=1960"}],"version-history":[{"count":5,"href":"https:\/\/auvisa.org\/tr\/wp-json\/wp\/v2\/pages\/1960\/revisions"}],"predecessor-version":[{"id":9732,"href":"https:\/\/auvisa.org\/tr\/wp-json\/wp\/v2\/pages\/1960\/revisions\/9732"}],"wp:attachment":[{"href":"https:\/\/auvisa.org\/tr\/wp-json\/wp\/v2\/media?parent=1960"}],"curies":[{"name":"wp","href":"https:\/\/api.w.org\/{rel}","templated":true}]}}