{"id":1962,"date":"2020-02-16T17:02:48","date_gmt":"2020-02-16T17:02:48","guid":{"rendered":"https:\/\/auvisa.org\/uk\/?page_id=1962"},"modified":"2024-02-29T13:21:06","modified_gmt":"2024-02-29T10:21:06","slug":"hakkimizda","status":"publish","type":"page","link":"https:\/\/auvisa.org\/tr\/hakkimizda\/","title":{"rendered":"Hakk\u0131m\u0131zda"},"content":{"rendered":"<h3>\u015eirket<\/h3>\n<p>Bu web sitesi Hong Kong merkezli Visa &amp; Immigration Services LTD \u015firketinin tescil numaras\u0131 72792776&#8217;dir. \u015eirket, vize hizmetleri konusunda uzmanla\u015fm\u0131\u015f uluslararas\u0131 bir \u015firkettir. D\u00fcnya \u00e7ap\u0131nda bir\u00e7ok farkl\u0131 dilde temsil ediliyoruz.<\/p>\n<h3>G\u00f6revimiz<\/h3>\n<p>Visa\u00a0&amp;\u00a0Immigration\u00a0Services\u00a0LTD&#8217;in misyonu, vize ve giri\u015f izni ba\u015fvurular\u0131 hakk\u0131nda \u00e7eviri hizmetleri ve konsolosluk \u00f6nerileri sunmakt\u0131r. Ba\u015fta Avrupa olmak \u00fczere bir\u00e7ok farkl\u0131 dilde destek sa\u011fl\u0131yoruz. \u0130ngilizce dilinde uzmanla\u015fabiliyor veya yard\u0131ma ihtiyac\u0131n\u0131z yoksa, hizmetlerimizi kullanmadan kendi vizenize ba\u015fvurabilirsiniz.<\/p>\n<p>Avustralya ge\u00e7ici turizm veya i\u015f vizeleri https:\/\/www.immi.gov.au adresinden Avustralya&#8217;daki G\u00f6\u00e7menlik ve Vatanda\u015fl\u0131k Bakanl\u0131\u011f\u0131&#8217;n\u0131n web sitesinden \u00fccretsiz olarak uygulanabilir.<\/p>\n<h3>\u00d6deme<\/h3>\n<p>\u00d6deme her ba\u015fvuruda son ad\u0131m olarak yap\u0131l\u0131r. Bir uygulamay\u0131 kaydetmek ve daha sonra \u00f6demek de m\u00fcmk\u00fcnd\u00fcr. \u00d6deme yap\u0131lana kadar vize ba\u015fvurusunun tamamland\u0131\u011f\u0131 kabul edilmez. Tam olarak \u00f6denmemi\u015f ba\u015fvurular\u0131 ele almayaca\u011f\u0131z.<\/p>\n<p>Auvisa.org, \u00f6nceden bildirimde bulunmaks\u0131z\u0131n fiyatlar\u0131 ayarlama hakk\u0131n\u0131 sakl\u0131 tutar.<\/p>\n<h3>Teslimat s\u00fcresi<\/h3>\n<p>Bir\u00e7ok durumda, bir g\u00fcn i\u00e7inde vize ba\u015fvurusu yan\u0131t\u0131 al\u0131rs\u0131n\u0131z. Bununla birlikte, planlanan kalk\u0131\u015f g\u00fcn\u00fcn\u00fczden en az on d\u00f6rt g\u00fcn \u00f6nce vize ba\u015fvurman\u0131z\u0131 \u00f6neririz, \u00e7\u00fcnk\u00fc baz\u0131 durumlarda vizenin onaylanmas\u0131 10 g\u00fcn veya daha fazla s\u00fcrebilir. Tatilde \u00c7al\u0131\u015fma i\u00e7in en az 2 ay \u00f6nceden ba\u015fvurmal\u0131s\u0131n\u0131z.<\/p>\n<h3>Ki\u015fisel detaylar<\/h3>\n<p>Ki\u015fisel bilgilerinizi (vize ba\u015fvurunuz) yaln\u0131zca vizenize ba\u015fvurmak amac\u0131yla saklar\u0131z. Bu bilgileri sizin izniniz olmadan hi\u00e7bir zaman \u00fc\u00e7\u00fcnc\u00fc \u015fah\u0131slarla payla\u015fmay\u0131z.<\/p>\n<h3>ek bilgi<\/h3>\n<p>Baz\u0131 durumlarda ek bilgi isteyebiliriz. Sizinle e-posta yoluyla ileti\u015fime ge\u00e7ece\u011fiz E-postan\u0131z\u0131 d\u00fczenli olarak kontrol etmek ve sorular\u0131m\u0131z\u0131 zaman\u0131nda cevaplamak sizin sorumlulu\u011funuzdad\u0131r. E-postan\u0131za bir istek g\u00f6nderirsek ve zaman\u0131nda yan\u0131t alamazsak, genellikle vize ba\u015fvurunuzun reddedilmesine neden olur.<\/p>\n<h3>Ya\u015f s\u0131n\u0131r\u0131<\/h3>\n<p>Hizmetimizi kullanabilmek i\u00e7in en az 18 ya\u015f\u0131nda olman\u0131z gerekir. En az 18 ya\u015f\u0131nda olan ki\u015filer, ya\u015f s\u0131n\u0131r\u0131 alt\u0131ndaki ki\u015filer ad\u0131na ba\u015fvurabilir.<\/p>\n<h3>Teminatlar<\/h3>\n<p>Ba\u015fvurunuzu kabul etme veya reddetme karar\u0131 Avustralya&#8217;daki G\u00f6\u00e7menlik ve Vatanda\u015fl\u0131k Bakanl\u0131\u011f\u0131 taraf\u0131ndan verilir. Auvisa.org&#8217;da biz kararlar\u0131n\u0131 etkileyemeyiz.<br \/>\nAuvisa.org, bu web sitesi veya hizmetlerimizden kaynaklanan, sunulan veya teslim edilmeyen do\u011frudan veya dolayl\u0131, \u00f6zel, sonu\u00e7sal, ekonomik veya di\u011fer zararlardan sorumlu tutulamaz.<\/p>\n<p><strong>Kullan\u0131m \u015eartlar\u0131<\/strong><\/p>\n<p>https:\/\/auvisa.org\/terms\/auvisa_terms_and_conditions_tr.pdf<\/p>\n","protected":false},"excerpt":{"rendered":"<p>\u015eirket Bu web sitesi Hong Kong merkezli Visa &amp; Immigration Services LTD \u015firketinin tescil numaras\u0131 72792776&#8217;dir. \u015eirket, vize hizmetleri konusunda [&#8230;]<\/p>\n<p><a class=\"btn btn-secondary understrap-read-more-link\" href=\"https:\/\/auvisa.org\/tr\/hakkimizda\/\">Daha fazlas\u0131n\u0131 oku\u2026<span class=\"screen-reader-text\"> from Hakk\u0131m\u0131zda<\/span><\/a><\/p>\n","protected":false},"author":3,"featured_media":0,"parent":0,"menu_order":10,"comment_status":"open","ping_status":"open","template":"","meta":{"inline_featured_image":false,"footnotes":""},"class_list":["post-1962","page","type-page","status-publish","hentry"],"yoast_head":"<!-- This site is optimized with the Yoast SEO plugin v26.9 - https:\/\/yoast.com\/product\/yoast-seo-wordpress\/ -->\n<title>Hakk\u0131m\u0131zda - Auvisa.org<\/title>\n<meta name=\"description\" content=\"Hakk\u0131m\u0131zda - Auvisa.org\" \/>\n<meta name=\"robots\" content=\"index, follow, max-snippet:-1, max-image-preview:large, max-video-preview:-1\" \/>\n<link rel=\"canonical\" href=\"https:\/\/auvisa.org\/tr\/hakkimizda\/\" \/>\n<meta property=\"og:locale\" content=\"tr_TR\" \/>\n<meta property=\"og:type\" content=\"article\" \/>\n<meta property=\"og:title\" content=\"Hakk\u0131m\u0131zda - Auvisa.org\" \/>\n<meta property=\"og:description\" content=\"Hakk\u0131m\u0131zda - Auvisa.org\" \/>\n<meta property=\"og:url\" content=\"https:\/\/auvisa.org\/tr\/hakkimizda\/\" \/>\n<meta property=\"og:site_name\" content=\"Auvisa.org\" \/>\n<meta property=\"article:modified_time\" content=\"2024-02-29T10:21:06+00:00\" \/>\n<meta name=\"twitter:card\" content=\"summary_large_image\" \/>\n<meta name=\"twitter:label1\" content=\"Tahmini okuma s\u00fcresi\" \/>\n\t<meta name=\"twitter:data1\" content=\"2 dakika\" \/>\n<script type=\"application\/ld+json\" class=\"yoast-schema-graph\">{\"@context\":\"https:\/\/schema.org\",\"@graph\":[{\"@type\":\"WebPage\",\"@id\":\"https:\/\/auvisa.org\/tr\/hakkimizda\/\",\"url\":\"https:\/\/auvisa.org\/tr\/hakkimizda\/\",\"name\":\"Hakk\u0131m\u0131zda - Auvisa.org\",\"isPartOf\":{\"@id\":\"https:\/\/auvisa.org\/tr\/#website\"},\"datePublished\":\"2020-02-16T17:02:48+00:00\",\"dateModified\":\"2024-02-29T10:21:06+00:00\",\"description\":\"Hakk\u0131m\u0131zda - Auvisa.org\",\"breadcrumb\":{\"@id\":\"https:\/\/auvisa.org\/tr\/hakkimizda\/#breadcrumb\"},\"inLanguage\":\"tr\",\"potentialAction\":[{\"@type\":\"ReadAction\",\"target\":[\"https:\/\/auvisa.org\/tr\/hakkimizda\/\"]}]},{\"@type\":\"BreadcrumbList\",\"@id\":\"https:\/\/auvisa.org\/tr\/hakkimizda\/#breadcrumb\",\"itemListElement\":[{\"@type\":\"ListItem\",\"position\":1,\"name\":\"Home\",\"item\":\"https:\/\/auvisa.org\/tr\/\"},{\"@type\":\"ListItem\",\"position\":2,\"name\":\"Hakk\u0131m\u0131zda\"}]},{\"@type\":\"WebSite\",\"@id\":\"https:\/\/auvisa.org\/tr\/#website\",\"url\":\"https:\/\/auvisa.org\/tr\/\",\"name\":\"Auvisa.org\",\"description\":\"\",\"inLanguage\":\"tr\"}]}<\/script>\n<!-- \/ Yoast SEO plugin. -->","yoast_head_json":{"title":"Hakk\u0131m\u0131zda - Auvisa.org","description":"Hakk\u0131m\u0131zda - Auvisa.org","robots":{"index":"index","follow":"follow","max-snippet":"max-snippet:-1","max-image-preview":"max-image-preview:large","max-video-preview":"max-video-preview:-1"},"canonical":"https:\/\/auvisa.org\/tr\/hakkimizda\/","og_locale":"tr_TR","og_type":"article","og_title":"Hakk\u0131m\u0131zda - Auvisa.org","og_description":"Hakk\u0131m\u0131zda - Auvisa.org","og_url":"https:\/\/auvisa.org\/tr\/hakkimizda\/","og_site_name":"Auvisa.org","article_modified_time":"2024-02-29T10:21:06+00:00","twitter_card":"summary_large_image","twitter_misc":{"Tahmini okuma s\u00fcresi":"2 dakika"},"schema":{"@context":"https:\/\/schema.org","@graph":[{"@type":"WebPage","@id":"https:\/\/auvisa.org\/tr\/hakkimizda\/","url":"https:\/\/auvisa.org\/tr\/hakkimizda\/","name":"Hakk\u0131m\u0131zda - Auvisa.org","isPartOf":{"@id":"https:\/\/auvisa.org\/tr\/#website"},"datePublished":"2020-02-16T17:02:48+00:00","dateModified":"2024-02-29T10:21:06+00:00","description":"Hakk\u0131m\u0131zda - Auvisa.org","breadcrumb":{"@id":"https:\/\/auvisa.org\/tr\/hakkimizda\/#breadcrumb"},"inLanguage":"tr","potentialAction":[{"@type":"ReadAction","target":["https:\/\/auvisa.org\/tr\/hakkimizda\/"]}]},{"@type":"BreadcrumbList","@id":"https:\/\/auvisa.org\/tr\/hakkimizda\/#breadcrumb","itemListElement":[{"@type":"ListItem","position":1,"name":"Home","item":"https:\/\/auvisa.org\/tr\/"},{"@type":"ListItem","position":2,"name":"Hakk\u0131m\u0131zda"}]},{"@type":"WebSite","@id":"https:\/\/auvisa.org\/tr\/#website","url":"https:\/\/auvisa.org\/tr\/","name":"Auvisa.org","description":"","inLanguage":"tr"}]}},"_links":{"self":[{"href":"https:\/\/auvisa.org\/tr\/wp-json\/wp\/v2\/pages\/1962","targetHints":{"allow":["GET"]}}],"collection":[{"href":"https:\/\/auvisa.org\/tr\/wp-json\/wp\/v2\/pages"}],"about":[{"href":"https:\/\/auvisa.org\/tr\/wp-json\/wp\/v2\/types\/page"}],"author":[{"embeddable":true,"href":"https:\/\/auvisa.org\/tr\/wp-json\/wp\/v2\/users\/3"}],"replies":[{"embeddable":true,"href":"https:\/\/auvisa.org\/tr\/wp-json\/wp\/v2\/comments?post=1962"}],"version-history":[{"count":7,"href":"https:\/\/auvisa.org\/tr\/wp-json\/wp\/v2\/pages\/1962\/revisions"}],"predecessor-version":[{"id":9744,"href":"https:\/\/auvisa.org\/tr\/wp-json\/wp\/v2\/pages\/1962\/revisions\/9744"}],"wp:attachment":[{"href":"https:\/\/auvisa.org\/tr\/wp-json\/wp\/v2\/media?parent=1962"}],"curies":[{"name":"wp","href":"https:\/\/api.w.org\/{rel}","templated":true}]}}